{"id":970,"date":"2016-07-28T10:34:18","date_gmt":"2016-07-28T10:34:18","guid":{"rendered":"http:\/\/pro-form.hu\/?page_id=970"},"modified":"2025-08-19T11:48:14","modified_gmt":"2025-08-19T11:48:14","slug":"vakuumformen","status":"publish","type":"page","link":"https:\/\/pro-form.hu\/en\/technologies\/vacuum-forming\/","title":{"rendered":"Vacuum forming"},"content":{"rendered":"<p>In the field of plastic thermoforming, we specialize in using advanced plastic processing techniques to create a wide range of products. Our plastic thermoforming process begins with evenly heating sheets that are typically <strong>more than 1 mm thick<\/strong>, followed by pressure forming or vacuum forming the material to a mold using either positive or negative pressure. After cooling, the sheet takes on its final shape. This pressure formed plastic method allows us to create detailed and complex products efficiently.<\/p>\n<p>The most commonly used base materials include impact-resistant PS and ABS, but our machinery is equipped to handle a variety of materials, such as PMMA, PET, PVC, PC, PE, and polypropylene (PP) up to <strong>6 mm in thickness<\/strong>. We are also experienced in polypropylene vacuum forming, making us a leading polypropylene tray manufacturer in the industry. The sheets we process often come with customized features like individual coloring, coextrusion, structured surfaces, and specific property modifications such as fire resistance or anti-static qualities.<\/p>\n<p>As a thermoformed packaging manufacturer, we provide end-to-end solutions, including the production of the necessary tools for the vacuum forming process. These tools are manufactured using <strong>CAD-CAM technology<\/strong> and <strong>CNC machining<\/strong> in our in-house <a href=\"https:\/\/pro-form.hu\/en\/technologies\/product-and-mould-development\/\">tool-making workshop<\/a>. Our expertise in pressure thermoforming ensures that we deliver high-quality products made from vacuum forming processes.<\/p>\n<p>Many of the products we create are semi-finished and require further precise machining. To achieve this, we rely on our advanced <strong>5-axis machining center<\/strong>, which enables us to shape complex <strong>3D products<\/strong> with high precision. As one of the leading custom thermoforming companies, we specialize in delivering custom-made solutions tailored to the specific needs of our clients, making us a trusted partner for manufacturing plastic products across a variety of industries. Whether you need plastic vacuum forming or custom pressure-formed plastic solutions, our team is equipped to meet your unique requirements.<\/p>\n<p><a href=\"https:\/\/packplus.hu\/en\/\"><img loading=\"lazy\" decoding=\"async\" class=\"wp-image-2657 alignnone\" src=\"http:\/\/pro-form.hu\/wp-content\/uploads\/2016\/07\/packplus_0407_logo_rgb.jpg\" alt=\"\" width=\"59\" height=\"25\" srcset=\"https:\/\/pro-form.hu\/wp-content\/uploads\/2016\/07\/packplus_0407_logo_rgb.jpg 640w, https:\/\/pro-form.hu\/wp-content\/uploads\/2016\/07\/packplus_0407_logo_rgb-370x156.jpg 370w, https:\/\/pro-form.hu\/wp-content\/uploads\/2016\/07\/packplus_0407_logo_rgb-604x270.jpg 604w\" sizes=\"(max-width: 59px) 100vw, 59px\" \/><\/a><\/p>","protected":false},"excerpt":{"rendered":"<p>In the field of plastic thermoforming, we specialize in using advanced plastic processing techniques to create a wide range of products. Our plastic thermoforming process begins with evenly heating sheets that are typically more than 1 mm thick, followed by pressure forming or vacuum forming the material to a mold using either positive or negative<\/p>\n","protected":false},"author":5,"featured_media":3212,"parent":7,"menu_order":20,"comment_status":"closed","ping_status":"closed","template":"page-termekcsoport-aloldal.php","meta":{"footnotes":""},"yoast_head":"<!-- This site is optimized with the Yoast SEO plugin v22.9 - https:\/\/yoast.com\/wordpress\/plugins\/seo\/ -->\n<title>Vacuum forming - Pro-Form - Your idea into our plastic<\/title>\n<meta name=\"description\" content=\"[:hu]A m\u0171anyag lemez melegalak\u00edt\u00e1si form\u00e1z\u00e1sa el\u0151ny\u00f6s logisztikai t\u00e1lc\u00e1k,POS term\u00e9kek gy\u00e1rt\u00e1s\u00e1hoz.[:][:en]The heatforming method of plastic sheet is advantageous for producing logistic trays,POS products.[:][:de]Die Thermoformen der Plastikplatten ist vorteilhaft f\u00fcr Produzierung der Logistik Tabletts,POS-Produkte.[:]\" \/>\n<meta name=\"robots\" content=\"index, follow, max-snippet:-1, max-image-preview:large, max-video-preview:-1\" \/>\n<link rel=\"canonical\" href=\"https:\/\/pro-form.hu\/technologiak\/vakuumformazas\/\" \/>\n<meta property=\"og:locale\" content=\"en_US\" \/>\n<meta property=\"og:type\" content=\"article\" \/>\n<meta property=\"og:title\" content=\"[:hu]V\u00e1kuumform\u00e1z\u00e1s - Pro-Form - M\u0171anyagba form\u00e1zzuk \u00f6tleteit[:][:en]Vacuum forming - Pro-Form - Your idea into our plastic[:][:de]Vakuumformen - Pro-Form - Ihre Idee in unserem Kunststoff[:]\" \/>\n<meta property=\"og:description\" content=\"[:hu]A m\u0171anyag lemez melegalak\u00edt\u00e1si form\u00e1z\u00e1sa el\u0151ny\u00f6s logisztikai t\u00e1lc\u00e1k,POS term\u00e9kek gy\u00e1rt\u00e1s\u00e1hoz.[:][:en]The heatforming method of plastic sheet is advantageous for producing logistic trays,POS products.[:][:de]Die Thermoformen der Plastikplatten ist vorteilhaft f\u00fcr Produzierung der Logistik Tabletts,POS-Produkte.[:]\" \/>\n<meta property=\"og:url\" content=\"https:\/\/pro-form.hu\/technologiak\/vakuumformazas\/\" \/>\n<meta property=\"og:site_name\" content=\"Pro-Form - M\u0171anyagba form\u00e1zzuk \u00f6tleteit\" \/>\n<meta property=\"article:modified_time\" content=\"2025-08-19T11:48:14+00:00\" \/>\n<meta property=\"og:image\" content=\"https:\/\/pro-form.hu\/wp-content\/uploads\/2025\/04\/vakuumformazas_muanyag_fekete_piros_szurke_viztiszta_szinu_logisztikai_talcakkal.jpg\" \/>\n\t<meta property=\"og:image:width\" content=\"700\" \/>\n\t<meta property=\"og:image:height\" content=\"450\" \/>\n\t<meta property=\"og:image:type\" content=\"image\/jpeg\" \/>\n<meta name=\"twitter:card\" content=\"summary_large_image\" \/>\n<meta name=\"twitter:label1\" content=\"Est. reading time\" \/>\n\t<meta name=\"twitter:data1\" content=\"3 minutes\" \/>\n<script type=\"application\/ld+json\" class=\"yoast-schema-graph\">{\"@context\":\"https:\/\/schema.org\",\"@graph\":[{\"@type\":\"WebPage\",\"@id\":\"https:\/\/pro-form.hu\/technologiak\/vakuumformazas\/\",\"url\":\"https:\/\/pro-form.hu\/technologiak\/vakuumformazas\/\",\"name\":\"[:hu]V\u00e1kuumform\u00e1z\u00e1s - Pro-Form - M\u0171anyagba form\u00e1zzuk \u00f6tleteit[:][:en]Vacuum forming - Pro-Form - Your idea into our plastic[:][:de]Vakuumformen - Pro-Form - Ihre Idee in unserem Kunststoff[:]\",\"isPartOf\":{\"@id\":\"https:\/\/pro-form.hu\/#website\"},\"primaryImageOfPage\":{\"@id\":\"https:\/\/pro-form.hu\/technologiak\/vakuumformazas\/#primaryimage\"},\"image\":{\"@id\":\"https:\/\/pro-form.hu\/technologiak\/vakuumformazas\/#primaryimage\"},\"thumbnailUrl\":\"https:\/\/pro-form.hu\/wp-content\/uploads\/2025\/04\/vakuumformazas_muanyag_fekete_piros_szurke_viztiszta_szinu_logisztikai_talcakkal.jpg\",\"datePublished\":\"2016-07-28T10:34:18+00:00\",\"dateModified\":\"2025-08-19T11:48:14+00:00\",\"description\":\"[:hu]A m\u0171anyag lemez melegalak\u00edt\u00e1si form\u00e1z\u00e1sa el\u0151ny\u00f6s logisztikai t\u00e1lc\u00e1k,POS term\u00e9kek gy\u00e1rt\u00e1s\u00e1hoz.[:][:en]The heatforming method of plastic sheet is advantageous for producing logistic trays,POS products.[:][:de]Die Thermoformen der Plastikplatten ist vorteilhaft f\u00fcr Produzierung der Logistik Tabletts,POS-Produkte.[:]\",\"breadcrumb\":{\"@id\":\"https:\/\/pro-form.hu\/technologiak\/vakuumformazas\/#breadcrumb\"},\"inLanguage\":\"en-US\",\"potentialAction\":[{\"@type\":\"ReadAction\",\"target\":[\"https:\/\/pro-form.hu\/technologiak\/vakuumformazas\/\"]}]},{\"@type\":\"ImageObject\",\"inLanguage\":\"en-US\",\"@id\":\"https:\/\/pro-form.hu\/technologiak\/vakuumformazas\/#primaryimage\",\"url\":\"https:\/\/pro-form.hu\/wp-content\/uploads\/2025\/04\/vakuumformazas_muanyag_fekete_piros_szurke_viztiszta_szinu_logisztikai_talcakkal.jpg\",\"contentUrl\":\"https:\/\/pro-form.hu\/wp-content\/uploads\/2025\/04\/vakuumformazas_muanyag_fekete_piros_szurke_viztiszta_szinu_logisztikai_talcakkal.jpg\",\"width\":700,\"height\":450},{\"@type\":\"BreadcrumbList\",\"@id\":\"https:\/\/pro-form.hu\/technologiak\/vakuumformazas\/#breadcrumb\",\"itemListElement\":[{\"@type\":\"ListItem\",\"position\":1,\"name\":\"Home\",\"item\":\"https:\/\/pro-form.hu\/\"},{\"@type\":\"ListItem\",\"position\":2,\"name\":\"Technol\u00f3gi\u00e1k\",\"item\":\"https:\/\/pro-form.hu\/technologiak\/\"},{\"@type\":\"ListItem\",\"position\":3,\"name\":\"V\u00e1kuumform\u00e1z\u00e1s\"}]},{\"@type\":\"WebSite\",\"@id\":\"https:\/\/pro-form.hu\/#website\",\"url\":\"https:\/\/pro-form.hu\/\",\"name\":\"Pro-Form - M\u0171anyagba form\u00e1zzuk \u00f6tleteit\",\"description\":\"Pr\u00e9sl\u00e9gform\u00e1z\u00e1ssal, v\u00e1kuumform\u00e1z\u00e1ssal, extrud\u00e1l\u00e1ssal, term\u00e9k- \u00e9s szersz\u00e1mfejleszt\u00e9ssel, fr\u00f6ccs\u00f6nt\u00e9ssel foglalkoz\u00f3 m\u0171anyagipari v\u00e1llalat.\",\"publisher\":{\"@id\":\"https:\/\/pro-form.hu\/#organization\"},\"potentialAction\":[{\"@type\":\"SearchAction\",\"target\":{\"@type\":\"EntryPoint\",\"urlTemplate\":\"https:\/\/pro-form.hu\/?s={search_term_string}\"},\"query-input\":\"required name=search_term_string\"}],\"inLanguage\":\"en-US\"},{\"@type\":\"Organization\",\"@id\":\"https:\/\/pro-form.hu\/#organization\",\"name\":\"Pro-Form Kft.\",\"url\":\"https:\/\/pro-form.hu\/\",\"logo\":{\"@type\":\"ImageObject\",\"inLanguage\":\"en-US\",\"@id\":\"https:\/\/pro-form.hu\/#\/schema\/logo\/image\/\",\"url\":\"http:\/\/pro-form.hu\/wp-content\/uploads\/2016\/05\/pro-form_HN.png\",\"contentUrl\":\"http:\/\/pro-form.hu\/wp-content\/uploads\/2016\/05\/pro-form_HN.png\",\"width\":281,\"height\":198,\"caption\":\"Pro-Form Kft.\"},\"image\":{\"@id\":\"https:\/\/pro-form.hu\/#\/schema\/logo\/image\/\"}}]}<\/script>\n<!-- \/ Yoast SEO plugin. -->","yoast_head_json":{"title":"[:hu]V\u00e1kuumform\u00e1z\u00e1s - Pro-Form - M\u0171anyagba form\u00e1zzuk \u00f6tleteit[:][:en]Vacuum forming - Pro-Form - Your idea into our plastic[:][:de]Vakuumformen - Pro-Form - Ihre Idee in unserem Kunststoff[:]","description":"[:hu]A m\u0171anyag lemez melegalak\u00edt\u00e1si form\u00e1z\u00e1sa el\u0151ny\u00f6s logisztikai t\u00e1lc\u00e1k,POS term\u00e9kek gy\u00e1rt\u00e1s\u00e1hoz.[:][:en]The heatforming method of plastic sheet is advantageous for producing logistic trays,POS products.[:][:de]Die Thermoformen der Plastikplatten ist vorteilhaft f\u00fcr Produzierung der Logistik Tabletts,POS-Produkte.[:]","robots":{"index":"index","follow":"follow","max-snippet":"max-snippet:-1","max-image-preview":"max-image-preview:large","max-video-preview":"max-video-preview:-1"},"canonical":"https:\/\/pro-form.hu\/technologiak\/vakuumformazas\/","og_locale":"en_US","og_type":"article","og_title":"[:hu]V\u00e1kuumform\u00e1z\u00e1s - Pro-Form - M\u0171anyagba form\u00e1zzuk \u00f6tleteit[:][:en]Vacuum forming - Pro-Form - Your idea into our plastic[:][:de]Vakuumformen - Pro-Form - Ihre Idee in unserem Kunststoff[:]","og_description":"[:hu]A m\u0171anyag lemez melegalak\u00edt\u00e1si form\u00e1z\u00e1sa el\u0151ny\u00f6s logisztikai t\u00e1lc\u00e1k,POS term\u00e9kek gy\u00e1rt\u00e1s\u00e1hoz.[:][:en]The heatforming method of plastic sheet is advantageous for producing logistic trays,POS products.[:][:de]Die Thermoformen der Plastikplatten ist vorteilhaft f\u00fcr Produzierung der Logistik Tabletts,POS-Produkte.[:]","og_url":"https:\/\/pro-form.hu\/technologiak\/vakuumformazas\/","og_site_name":"Pro-Form - M\u0171anyagba form\u00e1zzuk \u00f6tleteit","article_modified_time":"2025-08-19T11:48:14+00:00","og_image":[{"width":700,"height":450,"url":"https:\/\/pro-form.hu\/wp-content\/uploads\/2025\/04\/vakuumformazas_muanyag_fekete_piros_szurke_viztiszta_szinu_logisztikai_talcakkal.jpg","type":"image\/jpeg"}],"twitter_card":"summary_large_image","twitter_misc":{"Est. reading time":"3 minutes"},"schema":{"@context":"https:\/\/schema.org","@graph":[{"@type":"WebPage","@id":"https:\/\/pro-form.hu\/technologiak\/vakuumformazas\/","url":"https:\/\/pro-form.hu\/technologiak\/vakuumformazas\/","name":"[:hu]V\u00e1kuumform\u00e1z\u00e1s - Pro-Form - M\u0171anyagba form\u00e1zzuk \u00f6tleteit[:][:en]Vacuum forming - Pro-Form - Your idea into our plastic[:][:de]Vakuumformen - Pro-Form - Ihre Idee in unserem Kunststoff[:]","isPartOf":{"@id":"https:\/\/pro-form.hu\/#website"},"primaryImageOfPage":{"@id":"https:\/\/pro-form.hu\/technologiak\/vakuumformazas\/#primaryimage"},"image":{"@id":"https:\/\/pro-form.hu\/technologiak\/vakuumformazas\/#primaryimage"},"thumbnailUrl":"https:\/\/pro-form.hu\/wp-content\/uploads\/2025\/04\/vakuumformazas_muanyag_fekete_piros_szurke_viztiszta_szinu_logisztikai_talcakkal.jpg","datePublished":"2016-07-28T10:34:18+00:00","dateModified":"2025-08-19T11:48:14+00:00","description":"[:hu]A m\u0171anyag lemez melegalak\u00edt\u00e1si form\u00e1z\u00e1sa el\u0151ny\u00f6s logisztikai t\u00e1lc\u00e1k,POS term\u00e9kek gy\u00e1rt\u00e1s\u00e1hoz.[:][:en]The heatforming method of plastic sheet is advantageous for producing logistic trays,POS products.[:][:de]Die Thermoformen der Plastikplatten ist vorteilhaft f\u00fcr Produzierung der Logistik Tabletts,POS-Produkte.[:]","breadcrumb":{"@id":"https:\/\/pro-form.hu\/technologiak\/vakuumformazas\/#breadcrumb"},"inLanguage":"en-US","potentialAction":[{"@type":"ReadAction","target":["https:\/\/pro-form.hu\/technologiak\/vakuumformazas\/"]}]},{"@type":"ImageObject","inLanguage":"en-US","@id":"https:\/\/pro-form.hu\/technologiak\/vakuumformazas\/#primaryimage","url":"https:\/\/pro-form.hu\/wp-content\/uploads\/2025\/04\/vakuumformazas_muanyag_fekete_piros_szurke_viztiszta_szinu_logisztikai_talcakkal.jpg","contentUrl":"https:\/\/pro-form.hu\/wp-content\/uploads\/2025\/04\/vakuumformazas_muanyag_fekete_piros_szurke_viztiszta_szinu_logisztikai_talcakkal.jpg","width":700,"height":450},{"@type":"BreadcrumbList","@id":"https:\/\/pro-form.hu\/technologiak\/vakuumformazas\/#breadcrumb","itemListElement":[{"@type":"ListItem","position":1,"name":"Home","item":"https:\/\/pro-form.hu\/"},{"@type":"ListItem","position":2,"name":"Technol\u00f3gi\u00e1k","item":"https:\/\/pro-form.hu\/technologiak\/"},{"@type":"ListItem","position":3,"name":"V\u00e1kuumform\u00e1z\u00e1s"}]},{"@type":"WebSite","@id":"https:\/\/pro-form.hu\/#website","url":"https:\/\/pro-form.hu\/","name":"Pro-Form - M\u0171anyagba form\u00e1zzuk \u00f6tleteit","description":"Pr\u00e9sl\u00e9gform\u00e1z\u00e1ssal, v\u00e1kuumform\u00e1z\u00e1ssal, extrud\u00e1l\u00e1ssal, term\u00e9k- \u00e9s szersz\u00e1mfejleszt\u00e9ssel, fr\u00f6ccs\u00f6nt\u00e9ssel foglalkoz\u00f3 m\u0171anyagipari v\u00e1llalat.","publisher":{"@id":"https:\/\/pro-form.hu\/#organization"},"potentialAction":[{"@type":"SearchAction","target":{"@type":"EntryPoint","urlTemplate":"https:\/\/pro-form.hu\/?s={search_term_string}"},"query-input":"required name=search_term_string"}],"inLanguage":"en-US"},{"@type":"Organization","@id":"https:\/\/pro-form.hu\/#organization","name":"Pro-Form Kft.","url":"https:\/\/pro-form.hu\/","logo":{"@type":"ImageObject","inLanguage":"en-US","@id":"https:\/\/pro-form.hu\/#\/schema\/logo\/image\/","url":"http:\/\/pro-form.hu\/wp-content\/uploads\/2016\/05\/pro-form_HN.png","contentUrl":"http:\/\/pro-form.hu\/wp-content\/uploads\/2016\/05\/pro-form_HN.png","width":281,"height":198,"caption":"Pro-Form Kft."},"image":{"@id":"https:\/\/pro-form.hu\/#\/schema\/logo\/image\/"}}]}},"_links":{"self":[{"href":"https:\/\/pro-form.hu\/en\/wp-json\/wp\/v2\/pages\/970"}],"collection":[{"href":"https:\/\/pro-form.hu\/en\/wp-json\/wp\/v2\/pages"}],"about":[{"href":"https:\/\/pro-form.hu\/en\/wp-json\/wp\/v2\/types\/page"}],"author":[{"embeddable":true,"href":"https:\/\/pro-form.hu\/en\/wp-json\/wp\/v2\/users\/5"}],"replies":[{"embeddable":true,"href":"https:\/\/pro-form.hu\/en\/wp-json\/wp\/v2\/comments?post=970"}],"version-history":[{"count":26,"href":"https:\/\/pro-form.hu\/en\/wp-json\/wp\/v2\/pages\/970\/revisions"}],"predecessor-version":[{"id":3284,"href":"https:\/\/pro-form.hu\/en\/wp-json\/wp\/v2\/pages\/970\/revisions\/3284"}],"up":[{"embeddable":true,"href":"https:\/\/pro-form.hu\/en\/wp-json\/wp\/v2\/pages\/7"}],"wp:featuredmedia":[{"embeddable":true,"href":"https:\/\/pro-form.hu\/en\/wp-json\/wp\/v2\/media\/3212"}],"wp:attachment":[{"href":"https:\/\/pro-form.hu\/en\/wp-json\/wp\/v2\/media?parent=970"}],"curies":[{"name":"wp","href":"https:\/\/api.w.org\/{rel}","templated":true}]}}