{"id":960,"date":"2016-07-28T10:18:31","date_gmt":"2016-07-28T10:18:31","guid":{"rendered":"http:\/\/pro-form.hu\/?page_id=960"},"modified":"2019-09-30T12:34:41","modified_gmt":"2019-09-30T12:34:41","slug":"extrudalas","status":"publish","type":"page","link":"https:\/\/pro-form.hu\/en\/technologies\/extruding\/","title":{"rendered":"Extruding"},"content":{"rendered":"<p><\/p>\n<p style=\"text-align: justify;\">During plastic extrusion which is a continuous forming technology the plastic material goes through the heated extruder barrel due to the rotary motion of the screw and by the time it reaches the forming tool it is in a homogeneous molten state. Then it is forced by high pressure to flow through the forming die that gives this molten plastic a flat shape. Then it goes through a three roll calendar system and a cooling bracket receiving its final theoretically endless sheet or film form and it also helps to gain dimensional stability.<\/p>\n<p style=\"text-align: justify;\">At the end of the extruder line the film is winded up in roll form or in case of sheet it is cut and stacked. The machinery available presently of the company allows the production of plastic foils and sheets by 4 complete extruder lines at Pro Form Ltd\u00b4s extrusion plant. The raw materials processed by our machines are: GPPS, HIPS, ABS, PP, HDPE, PET as well as their versions with plastic additives or some other modificated types. The thickness of roll goods to be formed can be selected in the range from 0,2 mm to 8 mm. We are able to process sheets finished with smooth or structured surface, just like mono- layer or multi- layer versions. Surface treatments such as corona treatment or protective film are also available at our company. Besides processing a huge raw material stock for Pro Form Ltd\u00b4s own plants we offer our free extruding capacity as well to realize the foil or sheet needs of our partners. Please <a href=\"https:\/\/pro-form.hu\/en\/contact\/\">contact us<\/a> if you have any questions.<\/p>\n<p><\/p>","protected":false},"excerpt":{"rendered":"<p>During plastic extrusion which is a continuous forming technology the plastic material goes through the heated extruder barrel due to the rotary motion of the screw and by the time it reaches the forming tool it is in a homogeneous molten state. Then it is forced by high pressure to flow through the forming die<\/p>\n","protected":false},"author":5,"featured_media":779,"parent":7,"menu_order":21,"comment_status":"closed","ping_status":"closed","template":"page-termekcsoport-aloldal.php","meta":{"footnotes":""},"yoast_head":"<!-- This site is optimized with the Yoast SEO plugin v22.9 - https:\/\/yoast.com\/wordpress\/plugins\/seo\/ -->\n<title>Extrusion - Pro-Form - Ihre Idee in unserem Kunststoff<\/title>\n<meta name=\"description\" content=\"Die Kunstoff-Folien,Platten werden mit Extrusionsanlagen produziert so,dass die Produkte auf Gr\u00f6\u00dfe,stapelbar geschnitten werden.\" \/>\n<meta name=\"robots\" content=\"index, follow, max-snippet:-1, max-image-preview:large, max-video-preview:-1\" \/>\n<link rel=\"canonical\" href=\"https:\/\/pro-form.hu\/de\/technologien\/extrusion\/\" \/>\n<meta property=\"og:locale\" content=\"en_US\" \/>\n<meta property=\"og:type\" content=\"article\" \/>\n<meta property=\"og:title\" content=\"Extrusion - Pro-Form - Ihre Idee in unserem Kunststoff\" \/>\n<meta property=\"og:description\" content=\"Die Kunstoff-Folien,Platten werden mit Extrusionsanlagen produziert so,dass die Produkte auf Gr\u00f6\u00dfe,stapelbar geschnitten werden.\" \/>\n<meta property=\"og:url\" content=\"https:\/\/pro-form.hu\/de\/technologien\/extrusion\/\" \/>\n<meta property=\"og:site_name\" content=\"Pro-Form - M\u0171anyagba form\u00e1zzuk \u00f6tleteit\" \/>\n<meta property=\"article:modified_time\" content=\"2019-09-30T12:34:41+00:00\" \/>\n<meta property=\"og:image\" content=\"https:\/\/pro-form.hu\/wp-content\/uploads\/2015\/06\/TZ_20141105_065-1.jpg\" \/>\n\t<meta property=\"og:image:width\" content=\"800\" \/>\n\t<meta property=\"og:image:height\" content=\"533\" \/>\n\t<meta property=\"og:image:type\" content=\"image\/jpeg\" \/>\n<meta name=\"twitter:card\" content=\"summary_large_image\" \/>\n<meta name=\"twitter:label1\" content=\"Est. reading time\" \/>\n\t<meta name=\"twitter:data1\" content=\"4 minutes\" \/>\n<script type=\"application\/ld+json\" class=\"yoast-schema-graph\">{\"@context\":\"https:\/\/schema.org\",\"@graph\":[{\"@type\":\"WebPage\",\"@id\":\"https:\/\/pro-form.hu\/de\/technologien\/extrusion\/\",\"url\":\"https:\/\/pro-form.hu\/de\/technologien\/extrusion\/\",\"name\":\"Extrusion - Pro-Form - Ihre Idee in unserem Kunststoff\",\"isPartOf\":{\"@id\":\"https:\/\/pro-form.hu\/#website\"},\"primaryImageOfPage\":{\"@id\":\"https:\/\/pro-form.hu\/de\/technologien\/extrusion\/#primaryimage\"},\"image\":{\"@id\":\"https:\/\/pro-form.hu\/de\/technologien\/extrusion\/#primaryimage\"},\"thumbnailUrl\":\"https:\/\/pro-form.hu\/wp-content\/uploads\/2015\/06\/TZ_20141105_065-1.jpg\",\"datePublished\":\"2016-07-28T10:18:31+00:00\",\"dateModified\":\"2019-09-30T12:34:41+00:00\",\"description\":\"Die Kunstoff-Folien,Platten werden mit Extrusionsanlagen produziert so,dass die Produkte auf Gr\u00f6\u00dfe,stapelbar geschnitten werden.\",\"breadcrumb\":{\"@id\":\"https:\/\/pro-form.hu\/de\/technologien\/extrusion\/#breadcrumb\"},\"inLanguage\":\"en-US\",\"potentialAction\":[{\"@type\":\"ReadAction\",\"target\":[\"https:\/\/pro-form.hu\/de\/technologien\/extrusion\/\"]}]},{\"@type\":\"ImageObject\",\"inLanguage\":\"en-US\",\"@id\":\"https:\/\/pro-form.hu\/de\/technologien\/extrusion\/#primaryimage\",\"url\":\"https:\/\/pro-form.hu\/wp-content\/uploads\/2015\/06\/TZ_20141105_065-1.jpg\",\"contentUrl\":\"https:\/\/pro-form.hu\/wp-content\/uploads\/2015\/06\/TZ_20141105_065-1.jpg\",\"width\":800,\"height\":533,\"caption\":\"extrudalas_2\"},{\"@type\":\"BreadcrumbList\",\"@id\":\"https:\/\/pro-form.hu\/de\/technologien\/extrusion\/#breadcrumb\",\"itemListElement\":[{\"@type\":\"ListItem\",\"position\":1,\"name\":\"Home\",\"item\":\"https:\/\/pro-form.hu\/\"},{\"@type\":\"ListItem\",\"position\":2,\"name\":\"Technol\u00f3gi\u00e1k\",\"item\":\"https:\/\/pro-form.hu\/technologiak\/\"},{\"@type\":\"ListItem\",\"position\":3,\"name\":\"Extrusion\"}]},{\"@type\":\"WebSite\",\"@id\":\"https:\/\/pro-form.hu\/#website\",\"url\":\"https:\/\/pro-form.hu\/\",\"name\":\"Pro-Form - M\u0171anyagba form\u00e1zzuk \u00f6tleteit\",\"description\":\"Pr\u00e9sl\u00e9gform\u00e1z\u00e1ssal, v\u00e1kuumform\u00e1z\u00e1ssal, extrud\u00e1l\u00e1ssal, term\u00e9k- \u00e9s szersz\u00e1mfejleszt\u00e9ssel, fr\u00f6ccs\u00f6nt\u00e9ssel foglalkoz\u00f3 m\u0171anyagipari v\u00e1llalat.\",\"publisher\":{\"@id\":\"https:\/\/pro-form.hu\/#organization\"},\"potentialAction\":[{\"@type\":\"SearchAction\",\"target\":{\"@type\":\"EntryPoint\",\"urlTemplate\":\"https:\/\/pro-form.hu\/?s={search_term_string}\"},\"query-input\":\"required name=search_term_string\"}],\"inLanguage\":\"en-US\"},{\"@type\":\"Organization\",\"@id\":\"https:\/\/pro-form.hu\/#organization\",\"name\":\"Pro-Form Kft.\",\"url\":\"https:\/\/pro-form.hu\/\",\"logo\":{\"@type\":\"ImageObject\",\"inLanguage\":\"en-US\",\"@id\":\"https:\/\/pro-form.hu\/#\/schema\/logo\/image\/\",\"url\":\"http:\/\/pro-form.hu\/wp-content\/uploads\/2016\/05\/pro-form_HN.png\",\"contentUrl\":\"http:\/\/pro-form.hu\/wp-content\/uploads\/2016\/05\/pro-form_HN.png\",\"width\":281,\"height\":198,\"caption\":\"Pro-Form Kft.\"},\"image\":{\"@id\":\"https:\/\/pro-form.hu\/#\/schema\/logo\/image\/\"}}]}<\/script>\n<!-- \/ Yoast SEO plugin. -->","yoast_head_json":{"title":"Extrusion - Pro-Form - Ihre Idee in unserem Kunststoff","description":"Die Kunstoff-Folien,Platten werden mit Extrusionsanlagen produziert so,dass die Produkte auf Gr\u00f6\u00dfe,stapelbar geschnitten werden.","robots":{"index":"index","follow":"follow","max-snippet":"max-snippet:-1","max-image-preview":"max-image-preview:large","max-video-preview":"max-video-preview:-1"},"canonical":"https:\/\/pro-form.hu\/de\/technologien\/extrusion\/","og_locale":"en_US","og_type":"article","og_title":"Extrusion - Pro-Form - Ihre Idee in unserem Kunststoff","og_description":"Die Kunstoff-Folien,Platten werden mit Extrusionsanlagen produziert so,dass die Produkte auf Gr\u00f6\u00dfe,stapelbar geschnitten werden.","og_url":"https:\/\/pro-form.hu\/de\/technologien\/extrusion\/","og_site_name":"Pro-Form - M\u0171anyagba form\u00e1zzuk \u00f6tleteit","article_modified_time":"2019-09-30T12:34:41+00:00","og_image":[{"width":800,"height":533,"url":"https:\/\/pro-form.hu\/wp-content\/uploads\/2015\/06\/TZ_20141105_065-1.jpg","type":"image\/jpeg"}],"twitter_card":"summary_large_image","twitter_misc":{"Est. reading time":"4 minutes"},"schema":{"@context":"https:\/\/schema.org","@graph":[{"@type":"WebPage","@id":"https:\/\/pro-form.hu\/de\/technologien\/extrusion\/","url":"https:\/\/pro-form.hu\/de\/technologien\/extrusion\/","name":"Extrusion - Pro-Form - Ihre Idee in unserem Kunststoff","isPartOf":{"@id":"https:\/\/pro-form.hu\/#website"},"primaryImageOfPage":{"@id":"https:\/\/pro-form.hu\/de\/technologien\/extrusion\/#primaryimage"},"image":{"@id":"https:\/\/pro-form.hu\/de\/technologien\/extrusion\/#primaryimage"},"thumbnailUrl":"https:\/\/pro-form.hu\/wp-content\/uploads\/2015\/06\/TZ_20141105_065-1.jpg","datePublished":"2016-07-28T10:18:31+00:00","dateModified":"2019-09-30T12:34:41+00:00","description":"Die Kunstoff-Folien,Platten werden mit Extrusionsanlagen produziert so,dass die Produkte auf Gr\u00f6\u00dfe,stapelbar geschnitten werden.","breadcrumb":{"@id":"https:\/\/pro-form.hu\/de\/technologien\/extrusion\/#breadcrumb"},"inLanguage":"en-US","potentialAction":[{"@type":"ReadAction","target":["https:\/\/pro-form.hu\/de\/technologien\/extrusion\/"]}]},{"@type":"ImageObject","inLanguage":"en-US","@id":"https:\/\/pro-form.hu\/de\/technologien\/extrusion\/#primaryimage","url":"https:\/\/pro-form.hu\/wp-content\/uploads\/2015\/06\/TZ_20141105_065-1.jpg","contentUrl":"https:\/\/pro-form.hu\/wp-content\/uploads\/2015\/06\/TZ_20141105_065-1.jpg","width":800,"height":533,"caption":"extrudalas_2"},{"@type":"BreadcrumbList","@id":"https:\/\/pro-form.hu\/de\/technologien\/extrusion\/#breadcrumb","itemListElement":[{"@type":"ListItem","position":1,"name":"Home","item":"https:\/\/pro-form.hu\/"},{"@type":"ListItem","position":2,"name":"Technol\u00f3gi\u00e1k","item":"https:\/\/pro-form.hu\/technologiak\/"},{"@type":"ListItem","position":3,"name":"Extrusion"}]},{"@type":"WebSite","@id":"https:\/\/pro-form.hu\/#website","url":"https:\/\/pro-form.hu\/","name":"Pro-Form - M\u0171anyagba form\u00e1zzuk \u00f6tleteit","description":"Pr\u00e9sl\u00e9gform\u00e1z\u00e1ssal, v\u00e1kuumform\u00e1z\u00e1ssal, extrud\u00e1l\u00e1ssal, term\u00e9k- \u00e9s szersz\u00e1mfejleszt\u00e9ssel, fr\u00f6ccs\u00f6nt\u00e9ssel foglalkoz\u00f3 m\u0171anyagipari v\u00e1llalat.","publisher":{"@id":"https:\/\/pro-form.hu\/#organization"},"potentialAction":[{"@type":"SearchAction","target":{"@type":"EntryPoint","urlTemplate":"https:\/\/pro-form.hu\/?s={search_term_string}"},"query-input":"required name=search_term_string"}],"inLanguage":"en-US"},{"@type":"Organization","@id":"https:\/\/pro-form.hu\/#organization","name":"Pro-Form Kft.","url":"https:\/\/pro-form.hu\/","logo":{"@type":"ImageObject","inLanguage":"en-US","@id":"https:\/\/pro-form.hu\/#\/schema\/logo\/image\/","url":"http:\/\/pro-form.hu\/wp-content\/uploads\/2016\/05\/pro-form_HN.png","contentUrl":"http:\/\/pro-form.hu\/wp-content\/uploads\/2016\/05\/pro-form_HN.png","width":281,"height":198,"caption":"Pro-Form Kft."},"image":{"@id":"https:\/\/pro-form.hu\/#\/schema\/logo\/image\/"}}]}},"_links":{"self":[{"href":"https:\/\/pro-form.hu\/en\/wp-json\/wp\/v2\/pages\/960"}],"collection":[{"href":"https:\/\/pro-form.hu\/en\/wp-json\/wp\/v2\/pages"}],"about":[{"href":"https:\/\/pro-form.hu\/en\/wp-json\/wp\/v2\/types\/page"}],"author":[{"embeddable":true,"href":"https:\/\/pro-form.hu\/en\/wp-json\/wp\/v2\/users\/5"}],"replies":[{"embeddable":true,"href":"https:\/\/pro-form.hu\/en\/wp-json\/wp\/v2\/comments?post=960"}],"version-history":[{"count":11,"href":"https:\/\/pro-form.hu\/en\/wp-json\/wp\/v2\/pages\/960\/revisions"}],"predecessor-version":[{"id":2674,"href":"https:\/\/pro-form.hu\/en\/wp-json\/wp\/v2\/pages\/960\/revisions\/2674"}],"up":[{"embeddable":true,"href":"https:\/\/pro-form.hu\/en\/wp-json\/wp\/v2\/pages\/7"}],"wp:featuredmedia":[{"embeddable":true,"href":"https:\/\/pro-form.hu\/en\/wp-json\/wp\/v2\/media\/779"}],"wp:attachment":[{"href":"https:\/\/pro-form.hu\/en\/wp-json\/wp\/v2\/media?parent=960"}],"curies":[{"name":"wp","href":"https:\/\/api.w.org\/{rel}","templated":true}]}}