{"id":28,"date":"2015-06-06T15:01:45","date_gmt":"2015-06-06T15:01:45","guid":{"rendered":"http:\/\/pro-form.hu\/?page_id=28"},"modified":"2023-11-06T10:04:32","modified_gmt":"2023-11-06T10:04:32","slug":"palyazatok","status":"publish","type":"page","link":"https:\/\/pro-form.hu\/en\/tenders\/","title":{"rendered":"Tenders"},"content":{"rendered":"","protected":false},"excerpt":{"rendered":"","protected":false},"author":5,"featured_media":0,"parent":0,"menu_order":23,"comment_status":"closed","ping_status":"closed","template":"page-palyazatok-2col.php","meta":{"footnotes":""},"yoast_head":"<!-- This site is optimized with the Yoast SEO plugin v22.9 - https:\/\/yoast.com\/wordpress\/plugins\/seo\/ -->\n<title>P\u00e1ly\u00e1zatok - Pro-Form - M\u0171anyagba form\u00e1zzuk \u00f6tleteit<\/title>\n<meta name=\"description\" content=\"A c\u00e9g\u00fcnk aktu\u00e1lis p\u00e1ly\u00e1zatait tekinthetik meg, hiszen \u00e1ltaluk min\u0151s\u00e9gi term\u00e9keket gy\u00e1rthatunk.\" \/>\n<meta name=\"robots\" content=\"index, follow, max-snippet:-1, max-image-preview:large, max-video-preview:-1\" \/>\n<link rel=\"canonical\" href=\"https:\/\/pro-form.hu\/de\/bewerbungen\/\" \/>\n<meta property=\"og:locale\" content=\"en_US\" \/>\n<meta property=\"og:type\" content=\"article\" \/>\n<meta property=\"og:title\" content=\"P\u00e1ly\u00e1zatok - Pro-Form - M\u0171anyagba form\u00e1zzuk \u00f6tleteit\" \/>\n<meta property=\"og:description\" content=\"A c\u00e9g\u00fcnk aktu\u00e1lis p\u00e1ly\u00e1zatait tekinthetik meg, hiszen \u00e1ltaluk min\u0151s\u00e9gi term\u00e9keket gy\u00e1rthatunk.\" \/>\n<meta property=\"og:url\" content=\"https:\/\/pro-form.hu\/de\/bewerbungen\/\" \/>\n<meta property=\"og:site_name\" content=\"Pro-Form - M\u0171anyagba form\u00e1zzuk \u00f6tleteit\" \/>\n<meta property=\"article:modified_time\" content=\"2023-11-06T10:04:32+00:00\" \/>\n<meta property=\"og:image\" content=\"https:\/\/pro-form.hu\/wp-content\/uploads\/2016\/05\/proform_weboldal.png\" \/>\n\t<meta property=\"og:image:width\" content=\"1308\" \/>\n\t<meta property=\"og:image:height\" content=\"634\" \/>\n\t<meta property=\"og:image:type\" content=\"image\/png\" \/>\n<meta name=\"twitter:card\" content=\"summary_large_image\" \/>\n<script type=\"application\/ld+json\" class=\"yoast-schema-graph\">{\"@context\":\"https:\/\/schema.org\",\"@graph\":[{\"@type\":\"WebPage\",\"@id\":\"https:\/\/pro-form.hu\/de\/bewerbungen\/\",\"url\":\"https:\/\/pro-form.hu\/de\/bewerbungen\/\",\"name\":\"P\u00e1ly\u00e1zatok - Pro-Form - M\u0171anyagba form\u00e1zzuk \u00f6tleteit\",\"isPartOf\":{\"@id\":\"https:\/\/pro-form.hu\/#website\"},\"datePublished\":\"2015-06-06T15:01:45+00:00\",\"dateModified\":\"2023-11-06T10:04:32+00:00\",\"description\":\"A c\u00e9g\u00fcnk aktu\u00e1lis p\u00e1ly\u00e1zatait tekinthetik meg, hiszen \u00e1ltaluk min\u0151s\u00e9gi term\u00e9keket gy\u00e1rthatunk.\",\"breadcrumb\":{\"@id\":\"https:\/\/pro-form.hu\/de\/bewerbungen\/#breadcrumb\"},\"inLanguage\":\"en-US\",\"potentialAction\":[{\"@type\":\"ReadAction\",\"target\":[\"https:\/\/pro-form.hu\/de\/bewerbungen\/\"]}]},{\"@type\":\"BreadcrumbList\",\"@id\":\"https:\/\/pro-form.hu\/de\/bewerbungen\/#breadcrumb\",\"itemListElement\":[{\"@type\":\"ListItem\",\"position\":1,\"name\":\"Home\",\"item\":\"https:\/\/pro-form.hu\/\"},{\"@type\":\"ListItem\",\"position\":2,\"name\":\"Bewerbungen\"}]},{\"@type\":\"WebSite\",\"@id\":\"https:\/\/pro-form.hu\/#website\",\"url\":\"https:\/\/pro-form.hu\/\",\"name\":\"Pro-Form - M\u0171anyagba form\u00e1zzuk \u00f6tleteit\",\"description\":\"Pr\u00e9sl\u00e9gform\u00e1z\u00e1ssal, v\u00e1kuumform\u00e1z\u00e1ssal, extrud\u00e1l\u00e1ssal, term\u00e9k- \u00e9s szersz\u00e1mfejleszt\u00e9ssel, fr\u00f6ccs\u00f6nt\u00e9ssel foglalkoz\u00f3 m\u0171anyagipari v\u00e1llalat.\",\"publisher\":{\"@id\":\"https:\/\/pro-form.hu\/#organization\"},\"potentialAction\":[{\"@type\":\"SearchAction\",\"target\":{\"@type\":\"EntryPoint\",\"urlTemplate\":\"https:\/\/pro-form.hu\/?s={search_term_string}\"},\"query-input\":\"required name=search_term_string\"}],\"inLanguage\":\"en-US\"},{\"@type\":\"Organization\",\"@id\":\"https:\/\/pro-form.hu\/#organization\",\"name\":\"Pro-Form Kft.\",\"url\":\"https:\/\/pro-form.hu\/\",\"logo\":{\"@type\":\"ImageObject\",\"inLanguage\":\"en-US\",\"@id\":\"https:\/\/pro-form.hu\/#\/schema\/logo\/image\/\",\"url\":\"http:\/\/pro-form.hu\/wp-content\/uploads\/2016\/05\/pro-form_HN.png\",\"contentUrl\":\"http:\/\/pro-form.hu\/wp-content\/uploads\/2016\/05\/pro-form_HN.png\",\"width\":281,\"height\":198,\"caption\":\"Pro-Form Kft.\"},\"image\":{\"@id\":\"https:\/\/pro-form.hu\/#\/schema\/logo\/image\/\"}}]}<\/script>\n<!-- \/ Yoast SEO plugin. -->","yoast_head_json":{"title":"P\u00e1ly\u00e1zatok - Pro-Form - M\u0171anyagba form\u00e1zzuk \u00f6tleteit","description":"A c\u00e9g\u00fcnk aktu\u00e1lis p\u00e1ly\u00e1zatait tekinthetik meg, hiszen \u00e1ltaluk min\u0151s\u00e9gi term\u00e9keket gy\u00e1rthatunk.","robots":{"index":"index","follow":"follow","max-snippet":"max-snippet:-1","max-image-preview":"max-image-preview:large","max-video-preview":"max-video-preview:-1"},"canonical":"https:\/\/pro-form.hu\/de\/bewerbungen\/","og_locale":"en_US","og_type":"article","og_title":"P\u00e1ly\u00e1zatok - Pro-Form - M\u0171anyagba form\u00e1zzuk \u00f6tleteit","og_description":"A c\u00e9g\u00fcnk aktu\u00e1lis p\u00e1ly\u00e1zatait tekinthetik meg, hiszen \u00e1ltaluk min\u0151s\u00e9gi term\u00e9keket gy\u00e1rthatunk.","og_url":"https:\/\/pro-form.hu\/de\/bewerbungen\/","og_site_name":"Pro-Form - M\u0171anyagba form\u00e1zzuk \u00f6tleteit","article_modified_time":"2023-11-06T10:04:32+00:00","og_image":[{"width":1308,"height":634,"url":"https:\/\/pro-form.hu\/wp-content\/uploads\/2016\/05\/proform_weboldal.png","type":"image\/png"}],"twitter_card":"summary_large_image","schema":{"@context":"https:\/\/schema.org","@graph":[{"@type":"WebPage","@id":"https:\/\/pro-form.hu\/de\/bewerbungen\/","url":"https:\/\/pro-form.hu\/de\/bewerbungen\/","name":"P\u00e1ly\u00e1zatok - Pro-Form - M\u0171anyagba form\u00e1zzuk \u00f6tleteit","isPartOf":{"@id":"https:\/\/pro-form.hu\/#website"},"datePublished":"2015-06-06T15:01:45+00:00","dateModified":"2023-11-06T10:04:32+00:00","description":"A c\u00e9g\u00fcnk aktu\u00e1lis p\u00e1ly\u00e1zatait tekinthetik meg, hiszen \u00e1ltaluk min\u0151s\u00e9gi term\u00e9keket gy\u00e1rthatunk.","breadcrumb":{"@id":"https:\/\/pro-form.hu\/de\/bewerbungen\/#breadcrumb"},"inLanguage":"en-US","potentialAction":[{"@type":"ReadAction","target":["https:\/\/pro-form.hu\/de\/bewerbungen\/"]}]},{"@type":"BreadcrumbList","@id":"https:\/\/pro-form.hu\/de\/bewerbungen\/#breadcrumb","itemListElement":[{"@type":"ListItem","position":1,"name":"Home","item":"https:\/\/pro-form.hu\/"},{"@type":"ListItem","position":2,"name":"Bewerbungen"}]},{"@type":"WebSite","@id":"https:\/\/pro-form.hu\/#website","url":"https:\/\/pro-form.hu\/","name":"Pro-Form - M\u0171anyagba form\u00e1zzuk \u00f6tleteit","description":"Pr\u00e9sl\u00e9gform\u00e1z\u00e1ssal, v\u00e1kuumform\u00e1z\u00e1ssal, extrud\u00e1l\u00e1ssal, term\u00e9k- \u00e9s szersz\u00e1mfejleszt\u00e9ssel, fr\u00f6ccs\u00f6nt\u00e9ssel foglalkoz\u00f3 m\u0171anyagipari v\u00e1llalat.","publisher":{"@id":"https:\/\/pro-form.hu\/#organization"},"potentialAction":[{"@type":"SearchAction","target":{"@type":"EntryPoint","urlTemplate":"https:\/\/pro-form.hu\/?s={search_term_string}"},"query-input":"required name=search_term_string"}],"inLanguage":"en-US"},{"@type":"Organization","@id":"https:\/\/pro-form.hu\/#organization","name":"Pro-Form Kft.","url":"https:\/\/pro-form.hu\/","logo":{"@type":"ImageObject","inLanguage":"en-US","@id":"https:\/\/pro-form.hu\/#\/schema\/logo\/image\/","url":"http:\/\/pro-form.hu\/wp-content\/uploads\/2016\/05\/pro-form_HN.png","contentUrl":"http:\/\/pro-form.hu\/wp-content\/uploads\/2016\/05\/pro-form_HN.png","width":281,"height":198,"caption":"Pro-Form Kft."},"image":{"@id":"https:\/\/pro-form.hu\/#\/schema\/logo\/image\/"}}]}},"_links":{"self":[{"href":"https:\/\/pro-form.hu\/en\/wp-json\/wp\/v2\/pages\/28"}],"collection":[{"href":"https:\/\/pro-form.hu\/en\/wp-json\/wp\/v2\/pages"}],"about":[{"href":"https:\/\/pro-form.hu\/en\/wp-json\/wp\/v2\/types\/page"}],"author":[{"embeddable":true,"href":"https:\/\/pro-form.hu\/en\/wp-json\/wp\/v2\/users\/5"}],"replies":[{"embeddable":true,"href":"https:\/\/pro-form.hu\/en\/wp-json\/wp\/v2\/comments?post=28"}],"version-history":[{"count":19,"href":"https:\/\/pro-form.hu\/en\/wp-json\/wp\/v2\/pages\/28\/revisions"}],"predecessor-version":[{"id":2940,"href":"https:\/\/pro-form.hu\/en\/wp-json\/wp\/v2\/pages\/28\/revisions\/2940"}],"wp:attachment":[{"href":"https:\/\/pro-form.hu\/en\/wp-json\/wp\/v2\/media?parent=28"}],"curies":[{"name":"wp","href":"https:\/\/api.w.org\/{rel}","templated":true}]}}