{"id":2057,"date":"2017-09-28T00:04:36","date_gmt":"2017-09-28T00:04:36","guid":{"rendered":"http:\/\/pro-form.hu\/?page_id=2057"},"modified":"2017-10-25T10:11:43","modified_gmt":"2017-10-25T10:11:43","slug":"contact-form-koszono-oldal","status":"publish","type":"page","link":"https:\/\/pro-form.hu\/en\/message-successfull\/","title":{"rendered":"Thank you!"},"content":{"rendered":"<p><\/p>\n<h6>Thank you for your interest and confidence.<\/h6>\n<h6>Your message was successfully sent.<\/h6>\n<h6>Our colleagues\u00a0 will process this received e-mails and\u00a0confirm it to you.<\/h6>\n<h6>Thank you for your patience!<\/h6>\n<p><\/p>","protected":false},"excerpt":{"rendered":"<p>Thank you for your interest and confidence. Your message was successfully sent. Our colleagues\u00a0 will process this received e-mails and\u00a0confirm it to you. Thank you for your patience!<\/p>\n","protected":false},"author":5,"featured_media":0,"parent":0,"menu_order":8,"comment_status":"closed","ping_status":"closed","template":"page-sikeres-uzenetkuldes.php","meta":{"footnotes":""},"yoast_head":"<!-- This site is optimized with the Yoast SEO plugin v22.9 - https:\/\/yoast.com\/wordpress\/plugins\/seo\/ -->\n<title>Thank you! - Pro-Form - M\u0171anyagba form\u00e1zzuk \u00f6tleteit<\/title>\n<meta name=\"robots\" content=\"index, follow, max-snippet:-1, max-image-preview:large, max-video-preview:-1\" \/>\n<link rel=\"canonical\" href=\"https:\/\/pro-form.hu\/de\/nachricht-wurde-erfolgreich-gesendet\/\" \/>\n<meta property=\"og:locale\" content=\"en_US\" \/>\n<meta property=\"og:type\" content=\"article\" \/>\n<meta property=\"og:title\" content=\"[:hu]K\u00f6sz\u00f6nj\u00fck![:en]Thank you![:de]Danke![:] - Pro-Form - M\u0171anyagba form\u00e1zzuk \u00f6tleteit\" \/>\n<meta property=\"og:description\" content=\"Thank you for your interest and confidence. Your message was successfully sent. Our colleagues\u00a0 will process this received e-mails and\u00a0confirm it to you. Thank you for your patience!\" \/>\n<meta property=\"og:url\" content=\"https:\/\/pro-form.hu\/de\/nachricht-wurde-erfolgreich-gesendet\/\" \/>\n<meta property=\"og:site_name\" content=\"Pro-Form - M\u0171anyagba form\u00e1zzuk \u00f6tleteit\" \/>\n<meta property=\"article:modified_time\" content=\"2017-10-25T10:11:43+00:00\" \/>\n<meta property=\"og:image\" content=\"https:\/\/pro-form.hu\/wp-content\/uploads\/2016\/05\/proform_weboldal.png\" \/>\n\t<meta property=\"og:image:width\" content=\"1308\" \/>\n\t<meta property=\"og:image:height\" content=\"634\" \/>\n\t<meta property=\"og:image:type\" content=\"image\/png\" \/>\n<meta name=\"twitter:card\" content=\"summary_large_image\" \/>\n<meta name=\"twitter:label1\" content=\"Est. reading time\" \/>\n\t<meta name=\"twitter:data1\" content=\"1 minute\" \/>\n<script type=\"application\/ld+json\" class=\"yoast-schema-graph\">{\"@context\":\"https:\/\/schema.org\",\"@graph\":[{\"@type\":\"WebPage\",\"@id\":\"https:\/\/pro-form.hu\/de\/nachricht-wurde-erfolgreich-gesendet\/\",\"url\":\"https:\/\/pro-form.hu\/de\/nachricht-wurde-erfolgreich-gesendet\/\",\"name\":\"[:hu]K\u00f6sz\u00f6nj\u00fck![:en]Thank you![:de]Danke![:] - Pro-Form - M\u0171anyagba form\u00e1zzuk \u00f6tleteit\",\"isPartOf\":{\"@id\":\"https:\/\/pro-form.hu\/#website\"},\"datePublished\":\"2017-09-28T00:04:36+00:00\",\"dateModified\":\"2017-10-25T10:11:43+00:00\",\"breadcrumb\":{\"@id\":\"https:\/\/pro-form.hu\/de\/nachricht-wurde-erfolgreich-gesendet\/#breadcrumb\"},\"inLanguage\":\"en-US\",\"potentialAction\":[{\"@type\":\"ReadAction\",\"target\":[\"https:\/\/pro-form.hu\/de\/nachricht-wurde-erfolgreich-gesendet\/\"]}]},{\"@type\":\"BreadcrumbList\",\"@id\":\"https:\/\/pro-form.hu\/de\/nachricht-wurde-erfolgreich-gesendet\/#breadcrumb\",\"itemListElement\":[{\"@type\":\"ListItem\",\"position\":1,\"name\":\"Home\",\"item\":\"https:\/\/pro-form.hu\/\"},{\"@type\":\"ListItem\",\"position\":2,\"name\":\"Danke!\"}]},{\"@type\":\"WebSite\",\"@id\":\"https:\/\/pro-form.hu\/#website\",\"url\":\"https:\/\/pro-form.hu\/\",\"name\":\"Pro-Form - M\u0171anyagba form\u00e1zzuk \u00f6tleteit\",\"description\":\"Pr\u00e9sl\u00e9gform\u00e1z\u00e1ssal, v\u00e1kuumform\u00e1z\u00e1ssal, extrud\u00e1l\u00e1ssal, term\u00e9k- \u00e9s szersz\u00e1mfejleszt\u00e9ssel, fr\u00f6ccs\u00f6nt\u00e9ssel foglalkoz\u00f3 m\u0171anyagipari v\u00e1llalat.\",\"publisher\":{\"@id\":\"https:\/\/pro-form.hu\/#organization\"},\"potentialAction\":[{\"@type\":\"SearchAction\",\"target\":{\"@type\":\"EntryPoint\",\"urlTemplate\":\"https:\/\/pro-form.hu\/?s={search_term_string}\"},\"query-input\":\"required name=search_term_string\"}],\"inLanguage\":\"en-US\"},{\"@type\":\"Organization\",\"@id\":\"https:\/\/pro-form.hu\/#organization\",\"name\":\"Pro-Form Kft.\",\"url\":\"https:\/\/pro-form.hu\/\",\"logo\":{\"@type\":\"ImageObject\",\"inLanguage\":\"en-US\",\"@id\":\"https:\/\/pro-form.hu\/#\/schema\/logo\/image\/\",\"url\":\"http:\/\/pro-form.hu\/wp-content\/uploads\/2016\/05\/pro-form_HN.png\",\"contentUrl\":\"http:\/\/pro-form.hu\/wp-content\/uploads\/2016\/05\/pro-form_HN.png\",\"width\":281,\"height\":198,\"caption\":\"Pro-Form Kft.\"},\"image\":{\"@id\":\"https:\/\/pro-form.hu\/#\/schema\/logo\/image\/\"}}]}<\/script>\n<!-- \/ Yoast SEO plugin. -->","yoast_head_json":{"title":"[:hu]K\u00f6sz\u00f6nj\u00fck![:en]Thank you![:de]Danke![:] - Pro-Form - M\u0171anyagba form\u00e1zzuk \u00f6tleteit","robots":{"index":"index","follow":"follow","max-snippet":"max-snippet:-1","max-image-preview":"max-image-preview:large","max-video-preview":"max-video-preview:-1"},"canonical":"https:\/\/pro-form.hu\/de\/nachricht-wurde-erfolgreich-gesendet\/","og_locale":"en_US","og_type":"article","og_title":"[:hu]K\u00f6sz\u00f6nj\u00fck![:en]Thank you![:de]Danke![:] - Pro-Form - M\u0171anyagba form\u00e1zzuk \u00f6tleteit","og_description":"Thank you for your interest and confidence. Your message was successfully sent. Our colleagues\u00a0 will process this received e-mails and\u00a0confirm it to you. Thank you for your patience!","og_url":"https:\/\/pro-form.hu\/de\/nachricht-wurde-erfolgreich-gesendet\/","og_site_name":"Pro-Form - M\u0171anyagba form\u00e1zzuk \u00f6tleteit","article_modified_time":"2017-10-25T10:11:43+00:00","og_image":[{"width":1308,"height":634,"url":"https:\/\/pro-form.hu\/wp-content\/uploads\/2016\/05\/proform_weboldal.png","type":"image\/png"}],"twitter_card":"summary_large_image","twitter_misc":{"Est. reading time":"1 minute"},"schema":{"@context":"https:\/\/schema.org","@graph":[{"@type":"WebPage","@id":"https:\/\/pro-form.hu\/de\/nachricht-wurde-erfolgreich-gesendet\/","url":"https:\/\/pro-form.hu\/de\/nachricht-wurde-erfolgreich-gesendet\/","name":"[:hu]K\u00f6sz\u00f6nj\u00fck![:en]Thank you![:de]Danke![:] - Pro-Form - M\u0171anyagba form\u00e1zzuk \u00f6tleteit","isPartOf":{"@id":"https:\/\/pro-form.hu\/#website"},"datePublished":"2017-09-28T00:04:36+00:00","dateModified":"2017-10-25T10:11:43+00:00","breadcrumb":{"@id":"https:\/\/pro-form.hu\/de\/nachricht-wurde-erfolgreich-gesendet\/#breadcrumb"},"inLanguage":"en-US","potentialAction":[{"@type":"ReadAction","target":["https:\/\/pro-form.hu\/de\/nachricht-wurde-erfolgreich-gesendet\/"]}]},{"@type":"BreadcrumbList","@id":"https:\/\/pro-form.hu\/de\/nachricht-wurde-erfolgreich-gesendet\/#breadcrumb","itemListElement":[{"@type":"ListItem","position":1,"name":"Home","item":"https:\/\/pro-form.hu\/"},{"@type":"ListItem","position":2,"name":"Danke!"}]},{"@type":"WebSite","@id":"https:\/\/pro-form.hu\/#website","url":"https:\/\/pro-form.hu\/","name":"Pro-Form - M\u0171anyagba form\u00e1zzuk \u00f6tleteit","description":"Pr\u00e9sl\u00e9gform\u00e1z\u00e1ssal, v\u00e1kuumform\u00e1z\u00e1ssal, extrud\u00e1l\u00e1ssal, term\u00e9k- \u00e9s szersz\u00e1mfejleszt\u00e9ssel, fr\u00f6ccs\u00f6nt\u00e9ssel foglalkoz\u00f3 m\u0171anyagipari v\u00e1llalat.","publisher":{"@id":"https:\/\/pro-form.hu\/#organization"},"potentialAction":[{"@type":"SearchAction","target":{"@type":"EntryPoint","urlTemplate":"https:\/\/pro-form.hu\/?s={search_term_string}"},"query-input":"required name=search_term_string"}],"inLanguage":"en-US"},{"@type":"Organization","@id":"https:\/\/pro-form.hu\/#organization","name":"Pro-Form Kft.","url":"https:\/\/pro-form.hu\/","logo":{"@type":"ImageObject","inLanguage":"en-US","@id":"https:\/\/pro-form.hu\/#\/schema\/logo\/image\/","url":"http:\/\/pro-form.hu\/wp-content\/uploads\/2016\/05\/pro-form_HN.png","contentUrl":"http:\/\/pro-form.hu\/wp-content\/uploads\/2016\/05\/pro-form_HN.png","width":281,"height":198,"caption":"Pro-Form Kft."},"image":{"@id":"https:\/\/pro-form.hu\/#\/schema\/logo\/image\/"}}]}},"_links":{"self":[{"href":"https:\/\/pro-form.hu\/en\/wp-json\/wp\/v2\/pages\/2057"}],"collection":[{"href":"https:\/\/pro-form.hu\/en\/wp-json\/wp\/v2\/pages"}],"about":[{"href":"https:\/\/pro-form.hu\/en\/wp-json\/wp\/v2\/types\/page"}],"author":[{"embeddable":true,"href":"https:\/\/pro-form.hu\/en\/wp-json\/wp\/v2\/users\/5"}],"replies":[{"embeddable":true,"href":"https:\/\/pro-form.hu\/en\/wp-json\/wp\/v2\/comments?post=2057"}],"version-history":[{"count":17,"href":"https:\/\/pro-form.hu\/en\/wp-json\/wp\/v2\/pages\/2057\/revisions"}],"predecessor-version":[{"id":2109,"href":"https:\/\/pro-form.hu\/en\/wp-json\/wp\/v2\/pages\/2057\/revisions\/2109"}],"wp:attachment":[{"href":"https:\/\/pro-form.hu\/en\/wp-json\/wp\/v2\/media?parent=2057"}],"curies":[{"name":"wp","href":"https:\/\/api.w.org\/{rel}","templated":true}]}}