{"id":2,"date":"2015-06-06T13:15:33","date_gmt":"2015-06-06T13:15:33","guid":{"rendered":"http:\/\/pro-form.hu\/?page_id=2"},"modified":"2022-06-20T13:36:38","modified_gmt":"2022-06-20T13:36:38","slug":"about-us","status":"publish","type":"page","link":"https:\/\/pro-form.hu\/en\/about-us\/","title":{"rendered":"About us"},"content":{"rendered":"<p><\/p>\n<p style=\"text-align: justify;\"><img loading=\"lazy\" decoding=\"async\" class=\"wp-image-1663 size-medium alignright\" src=\"http:\/\/pro-form.hu\/wp-content\/uploads\/2015\/06\/dekra-brc3-370x101.png\" width=\"370\" height=\"101\" srcset=\"https:\/\/pro-form.hu\/wp-content\/uploads\/2015\/06\/dekra-brc3-370x101.png 370w, https:\/\/pro-form.hu\/wp-content\/uploads\/2015\/06\/dekra-brc3.png 490w\" sizes=\"(max-width: 370px) 100vw, 370px\" \/>Pro-Form Ltd. is a firm in Hungarian private ownership, which looks back more than 30 years in the area of processing thermoplastic polymers. Its activity was started with <a href=\"https:\/\/pro-form.hu\/en\/technologies\/vacuum-forming\/\">vacuum forming<\/a>, but due to our customers\u2019 demand and the eternal improving intention coming from inside, nowadays four <a href=\"https:\/\/pro-form.hu\/en\/technologies\/\">thermoplastic processing technologies<\/a> are used by us.<\/p>\n<div class=\"lightGrayBg\"><\/p>\n<p style=\"text-align: justify;\">With <a href=\"https:\/\/pro-form.hu\/en\/technologies\/pressure-forming\/\">pressure forming<\/a> we produce single use packaging products, boxes, pots, <a href=\"https:\/\/pro-form.hu\/en\/product-groups\/dessert-and-box-inlays\/\">dessert-box inlays and trays<\/a> made of various materials\u00a0 for the food industry mainly for confectionery, snack meal, public catering and bakery industry with wide type and size varieties.Our pressure forming technology represents prominent technical level, due to this fact we can make our products economically with short lead time, huge productivity and excellent quality in the case of small and big series as well.<\/p>\n<p style=\"text-align: justify;\">With <a href=\"https:\/\/pro-form.hu\/en\/technologies\/vacuum-forming\/\">vacuum-moulding<\/a> we produce housings for industrial instrumentation, parts for the automotive- and lighting industry, construction-industry and sanitary products, storing and transport trays for single- and multi-time usage, commodity display parts, bubble- and <a href=\"https:\/\/pro-form.hu\/en\/product-groups\/blisters\/\">blister packaging<\/a> materials for industrial packaging applications.<\/p>\n<p style=\"text-align: justify;\">We use our increased foil and sheet <a href=\"https:\/\/pro-form.hu\/en\/technologies\/extruding\/\">extrusion <\/a>capacity for satisfying our own needs but we can offer our free capacities in accordance for our new and existing partners, mainly for <a href=\"https:\/\/pro-form.hu\/en\/product-groups\/pos-products\/\">advertising boards<\/a>, various covering units, swimming pool uses and vacuum industry.<\/p>\n<p style=\"text-align: justify;\"><span style=\"line-height: 1.5;\">Based on our high-tech <a href=\"https:\/\/pro-form.hu\/en\/technologies\/injection-molding\/\">injection moulding<\/a> technology our company manufactures <a href=\"https:\/\/pro-form.hu\/en\/product-groups\/dessert-and-box-inlays\/\">fancy boxes<\/a> in a large variety of shapes, sizes and colours. During the development of these products our designers have considered the aesthetic appearance and the claims of our market partners. For our fancy boxes we manufacture of course blister trays too for packaging chocolates and other confectionery products.<\/span><\/p>\n<p style=\"text-align: justify;\"><span style=\"line-height: 1.5;\">One of our main aspiration is that our company, next to the main thermoplastic forming activities, wants to complete its service with innovation to support our partners. In order to this, we created a group which involves engineer colleagues, and a well equipped tool making manufactory. Our <a href=\"https:\/\/pro-form.hu\/en\/technologies\/product-and-mould-development\/\">product and tool developing<\/a> department, supports our costumers concept with three-dimensional designing and with technical consultation and tool making with CNC machine which is computer controlled.<\/span><\/p>\n<p style=\"text-align: justify;\"><span style=\"line-height: 1.5;\">The specialists of Pro-Form Ltd., in case of individual packaging and product improving demand, takes part from designing stadium in the development of a product in collaboration\u00a0 with you. This is how the new product will be \u201eSuitable and well designed\u201c. We provide complex service to our partners.<\/span><\/p>\n<p style=\"text-align: justify;\">Due to our internal motivation and the incoming pressure from our multinational partners found in our client list we audited ourselves in 2001 by the <a href=\"http:\/\/pro-form.hu\/wp-content\/uploads\/2015\/10\/tanusitvany-ISO9001.pdf\">ISO 9001<\/a> quality management standard, then by the <a href=\"http:\/\/pro-form.hu\/wp-content\/uploads\/2015\/10\/tanusitvany-ISO14001HU.pdf\">ISO 14001<\/a> environmental management standard as well as by the <a href=\"http:\/\/pro-form.hu\/wp-content\/uploads\/2015\/10\/tanusitvany-ISO22000HU.pdf\">ISO 22000<\/a> food safety management standard. Due to these standards we managed to build up a complex control and food safety management system in our company that is inevitable for us to prevail on the market and to reach our goals. With only focusing on our goals in 2016 we have been successfully audited by the latest, fifth edition of the <a href=\"http:\/\/pro-form.hu\/wp-content\/uploads\/2016\/12\/brc-certification.pdf\">BRC (British Retail Consortium)<\/a> global food safety standard which currently has the highest quality requirements in the food industry. We achieved the prestigious GRADE A certification which ensures our current and future partners that our ordinary and biodegradable disposable, microwaveable, weldable boxes and box inlays made by extrusion and thermoforming for food and non food packaging represent the highest hygienic and quality standards. We also have <a href=\"http:\/\/pro-form.hu\/wp-content\/uploads\/2016\/01\/sedex-tanusitvany.pdf\">SEDEX<\/a> certification that ensures that we do our business operations ethically and responsibly. Due to our intrinsic needs to perform better and better we continuously executed developments that helped us to increase our income year by year thus lead us to be in top position among European dessert inlay producers for the confectionery industry. Thanks to the continuous expansion of our production and warehouse capacities now we have more than 6500 m2 of production and 8500 m2 of warehouse area.<\/p>\n<p style=\"text-align: justify;\"><\/div>\n<p><\/p>","protected":false},"excerpt":{"rendered":"<p>Pro-Form Ltd. is a firm in Hungarian private ownership, which looks back more than 30 years in the area of processing thermoplastic polymers. Its activity was started with vacuum forming, but due to our customers\u2019 demand and the eternal improving intention coming from inside, nowadays four thermoplastic processing technologies are used by us.<\/p>\n","protected":false},"author":5,"featured_media":0,"parent":0,"menu_order":17,"comment_status":"closed","ping_status":"closed","template":"page-rolunk.php","meta":{"footnotes":""},"yoast_head":"<!-- This site is optimized with the Yoast SEO plugin v22.9 - https:\/\/yoast.com\/wordpress\/plugins\/seo\/ -->\n<title>C\u00e9g\u00fcnkr\u0151l - Pro-Form - M\u0171anyagba form\u00e1zzuk \u00f6tleteit<\/title>\n<meta name=\"description\" content=\"A magyar tulajdonban l\u00e9v\u0151 m\u0171anyagipari v\u00e1llalat \u00e9lelmiszeripari csomagol\u00f3eszk\u00f6z\u00f6k, ipari burkolatok gy\u00e1rt\u00e1sa, term\u00e9k \u00e9s szersz\u00e1mfejleszt\u00e9s ter\u00fcleteken tev\u00e9kenykedik.\" \/>\n<meta name=\"robots\" content=\"index, follow, max-snippet:-1, max-image-preview:large, max-video-preview:-1\" \/>\n<link rel=\"canonical\" href=\"https:\/\/pro-form.hu\/rolunk\/\" \/>\n<meta property=\"og:locale\" content=\"en_US\" \/>\n<meta property=\"og:type\" content=\"article\" \/>\n<meta property=\"og:title\" content=\"C\u00e9g\u00fcnkr\u0151l - Pro-Form - M\u0171anyagba form\u00e1zzuk \u00f6tleteit\" \/>\n<meta property=\"og:description\" content=\"A magyar tulajdonban l\u00e9v\u0151 m\u0171anyagipari v\u00e1llalat \u00e9lelmiszeripari csomagol\u00f3eszk\u00f6z\u00f6k, ipari burkolatok gy\u00e1rt\u00e1sa, term\u00e9k \u00e9s szersz\u00e1mfejleszt\u00e9s ter\u00fcleteken tev\u00e9kenykedik.\" \/>\n<meta property=\"og:url\" content=\"https:\/\/pro-form.hu\/rolunk\/\" \/>\n<meta property=\"og:site_name\" content=\"Pro-Form - M\u0171anyagba form\u00e1zzuk \u00f6tleteit\" \/>\n<meta property=\"article:modified_time\" content=\"2022-06-20T13:36:38+00:00\" \/>\n<meta property=\"og:image\" content=\"http:\/\/pro-form.hu\/wp-content\/uploads\/2015\/06\/dekra-brc3-370x101.png\" \/>\n<meta name=\"twitter:card\" content=\"summary_large_image\" \/>\n<meta name=\"twitter:label1\" content=\"Est. reading time\" \/>\n\t<meta name=\"twitter:data1\" content=\"3 minutes\" \/>\n<script type=\"application\/ld+json\" class=\"yoast-schema-graph\">{\"@context\":\"https:\/\/schema.org\",\"@graph\":[{\"@type\":\"WebPage\",\"@id\":\"https:\/\/pro-form.hu\/rolunk\/\",\"url\":\"https:\/\/pro-form.hu\/rolunk\/\",\"name\":\"C\u00e9g\u00fcnkr\u0151l - Pro-Form - M\u0171anyagba form\u00e1zzuk \u00f6tleteit\",\"isPartOf\":{\"@id\":\"https:\/\/pro-form.hu\/#website\"},\"primaryImageOfPage\":{\"@id\":\"https:\/\/pro-form.hu\/rolunk\/#primaryimage\"},\"image\":{\"@id\":\"https:\/\/pro-form.hu\/rolunk\/#primaryimage\"},\"thumbnailUrl\":\"http:\/\/pro-form.hu\/wp-content\/uploads\/2015\/06\/dekra-brc3-370x101.png\",\"datePublished\":\"2015-06-06T13:15:33+00:00\",\"dateModified\":\"2022-06-20T13:36:38+00:00\",\"description\":\"A magyar tulajdonban l\u00e9v\u0151 m\u0171anyagipari v\u00e1llalat \u00e9lelmiszeripari csomagol\u00f3eszk\u00f6z\u00f6k, ipari burkolatok gy\u00e1rt\u00e1sa, term\u00e9k \u00e9s szersz\u00e1mfejleszt\u00e9s ter\u00fcleteken tev\u00e9kenykedik.\",\"breadcrumb\":{\"@id\":\"https:\/\/pro-form.hu\/rolunk\/#breadcrumb\"},\"inLanguage\":\"en-US\",\"potentialAction\":[{\"@type\":\"ReadAction\",\"target\":[\"https:\/\/pro-form.hu\/rolunk\/\"]}]},{\"@type\":\"ImageObject\",\"inLanguage\":\"en-US\",\"@id\":\"https:\/\/pro-form.hu\/rolunk\/#primaryimage\",\"url\":\"http:\/\/pro-form.hu\/wp-content\/uploads\/2015\/06\/dekra-brc3-370x101.png\",\"contentUrl\":\"http:\/\/pro-form.hu\/wp-content\/uploads\/2015\/06\/dekra-brc3-370x101.png\"},{\"@type\":\"BreadcrumbList\",\"@id\":\"https:\/\/pro-form.hu\/rolunk\/#breadcrumb\",\"itemListElement\":[{\"@type\":\"ListItem\",\"position\":1,\"name\":\"Home\",\"item\":\"https:\/\/pro-form.hu\/\"},{\"@type\":\"ListItem\",\"position\":2,\"name\":\"C\u00e9g\u00fcnkr\u0151l\"}]},{\"@type\":\"WebSite\",\"@id\":\"https:\/\/pro-form.hu\/#website\",\"url\":\"https:\/\/pro-form.hu\/\",\"name\":\"Pro-Form - M\u0171anyagba form\u00e1zzuk \u00f6tleteit\",\"description\":\"Pr\u00e9sl\u00e9gform\u00e1z\u00e1ssal, v\u00e1kuumform\u00e1z\u00e1ssal, extrud\u00e1l\u00e1ssal, term\u00e9k- \u00e9s szersz\u00e1mfejleszt\u00e9ssel, fr\u00f6ccs\u00f6nt\u00e9ssel foglalkoz\u00f3 m\u0171anyagipari v\u00e1llalat.\",\"publisher\":{\"@id\":\"https:\/\/pro-form.hu\/#organization\"},\"potentialAction\":[{\"@type\":\"SearchAction\",\"target\":{\"@type\":\"EntryPoint\",\"urlTemplate\":\"https:\/\/pro-form.hu\/?s={search_term_string}\"},\"query-input\":\"required name=search_term_string\"}],\"inLanguage\":\"en-US\"},{\"@type\":\"Organization\",\"@id\":\"https:\/\/pro-form.hu\/#organization\",\"name\":\"Pro-Form Kft.\",\"url\":\"https:\/\/pro-form.hu\/\",\"logo\":{\"@type\":\"ImageObject\",\"inLanguage\":\"en-US\",\"@id\":\"https:\/\/pro-form.hu\/#\/schema\/logo\/image\/\",\"url\":\"http:\/\/pro-form.hu\/wp-content\/uploads\/2016\/05\/pro-form_HN.png\",\"contentUrl\":\"http:\/\/pro-form.hu\/wp-content\/uploads\/2016\/05\/pro-form_HN.png\",\"width\":281,\"height\":198,\"caption\":\"Pro-Form Kft.\"},\"image\":{\"@id\":\"https:\/\/pro-form.hu\/#\/schema\/logo\/image\/\"}}]}<\/script>\n<!-- \/ Yoast SEO plugin. -->","yoast_head_json":{"title":"C\u00e9g\u00fcnkr\u0151l - Pro-Form - M\u0171anyagba form\u00e1zzuk \u00f6tleteit","description":"A magyar tulajdonban l\u00e9v\u0151 m\u0171anyagipari v\u00e1llalat \u00e9lelmiszeripari csomagol\u00f3eszk\u00f6z\u00f6k, ipari burkolatok gy\u00e1rt\u00e1sa, term\u00e9k \u00e9s szersz\u00e1mfejleszt\u00e9s ter\u00fcleteken tev\u00e9kenykedik.","robots":{"index":"index","follow":"follow","max-snippet":"max-snippet:-1","max-image-preview":"max-image-preview:large","max-video-preview":"max-video-preview:-1"},"canonical":"https:\/\/pro-form.hu\/rolunk\/","og_locale":"en_US","og_type":"article","og_title":"C\u00e9g\u00fcnkr\u0151l - Pro-Form - M\u0171anyagba form\u00e1zzuk \u00f6tleteit","og_description":"A magyar tulajdonban l\u00e9v\u0151 m\u0171anyagipari v\u00e1llalat \u00e9lelmiszeripari csomagol\u00f3eszk\u00f6z\u00f6k, ipari burkolatok gy\u00e1rt\u00e1sa, term\u00e9k \u00e9s szersz\u00e1mfejleszt\u00e9s ter\u00fcleteken tev\u00e9kenykedik.","og_url":"https:\/\/pro-form.hu\/rolunk\/","og_site_name":"Pro-Form - M\u0171anyagba form\u00e1zzuk \u00f6tleteit","article_modified_time":"2022-06-20T13:36:38+00:00","og_image":[{"url":"http:\/\/pro-form.hu\/wp-content\/uploads\/2015\/06\/dekra-brc3-370x101.png"}],"twitter_card":"summary_large_image","twitter_misc":{"Est. reading time":"3 minutes"},"schema":{"@context":"https:\/\/schema.org","@graph":[{"@type":"WebPage","@id":"https:\/\/pro-form.hu\/rolunk\/","url":"https:\/\/pro-form.hu\/rolunk\/","name":"C\u00e9g\u00fcnkr\u0151l - Pro-Form - M\u0171anyagba form\u00e1zzuk \u00f6tleteit","isPartOf":{"@id":"https:\/\/pro-form.hu\/#website"},"primaryImageOfPage":{"@id":"https:\/\/pro-form.hu\/rolunk\/#primaryimage"},"image":{"@id":"https:\/\/pro-form.hu\/rolunk\/#primaryimage"},"thumbnailUrl":"http:\/\/pro-form.hu\/wp-content\/uploads\/2015\/06\/dekra-brc3-370x101.png","datePublished":"2015-06-06T13:15:33+00:00","dateModified":"2022-06-20T13:36:38+00:00","description":"A magyar tulajdonban l\u00e9v\u0151 m\u0171anyagipari v\u00e1llalat \u00e9lelmiszeripari csomagol\u00f3eszk\u00f6z\u00f6k, ipari burkolatok gy\u00e1rt\u00e1sa, term\u00e9k \u00e9s szersz\u00e1mfejleszt\u00e9s ter\u00fcleteken tev\u00e9kenykedik.","breadcrumb":{"@id":"https:\/\/pro-form.hu\/rolunk\/#breadcrumb"},"inLanguage":"en-US","potentialAction":[{"@type":"ReadAction","target":["https:\/\/pro-form.hu\/rolunk\/"]}]},{"@type":"ImageObject","inLanguage":"en-US","@id":"https:\/\/pro-form.hu\/rolunk\/#primaryimage","url":"http:\/\/pro-form.hu\/wp-content\/uploads\/2015\/06\/dekra-brc3-370x101.png","contentUrl":"http:\/\/pro-form.hu\/wp-content\/uploads\/2015\/06\/dekra-brc3-370x101.png"},{"@type":"BreadcrumbList","@id":"https:\/\/pro-form.hu\/rolunk\/#breadcrumb","itemListElement":[{"@type":"ListItem","position":1,"name":"Home","item":"https:\/\/pro-form.hu\/"},{"@type":"ListItem","position":2,"name":"C\u00e9g\u00fcnkr\u0151l"}]},{"@type":"WebSite","@id":"https:\/\/pro-form.hu\/#website","url":"https:\/\/pro-form.hu\/","name":"Pro-Form - M\u0171anyagba form\u00e1zzuk \u00f6tleteit","description":"Pr\u00e9sl\u00e9gform\u00e1z\u00e1ssal, v\u00e1kuumform\u00e1z\u00e1ssal, extrud\u00e1l\u00e1ssal, term\u00e9k- \u00e9s szersz\u00e1mfejleszt\u00e9ssel, fr\u00f6ccs\u00f6nt\u00e9ssel foglalkoz\u00f3 m\u0171anyagipari v\u00e1llalat.","publisher":{"@id":"https:\/\/pro-form.hu\/#organization"},"potentialAction":[{"@type":"SearchAction","target":{"@type":"EntryPoint","urlTemplate":"https:\/\/pro-form.hu\/?s={search_term_string}"},"query-input":"required name=search_term_string"}],"inLanguage":"en-US"},{"@type":"Organization","@id":"https:\/\/pro-form.hu\/#organization","name":"Pro-Form Kft.","url":"https:\/\/pro-form.hu\/","logo":{"@type":"ImageObject","inLanguage":"en-US","@id":"https:\/\/pro-form.hu\/#\/schema\/logo\/image\/","url":"http:\/\/pro-form.hu\/wp-content\/uploads\/2016\/05\/pro-form_HN.png","contentUrl":"http:\/\/pro-form.hu\/wp-content\/uploads\/2016\/05\/pro-form_HN.png","width":281,"height":198,"caption":"Pro-Form Kft."},"image":{"@id":"https:\/\/pro-form.hu\/#\/schema\/logo\/image\/"}}]}},"_links":{"self":[{"href":"https:\/\/pro-form.hu\/en\/wp-json\/wp\/v2\/pages\/2"}],"collection":[{"href":"https:\/\/pro-form.hu\/en\/wp-json\/wp\/v2\/pages"}],"about":[{"href":"https:\/\/pro-form.hu\/en\/wp-json\/wp\/v2\/types\/page"}],"author":[{"embeddable":true,"href":"https:\/\/pro-form.hu\/en\/wp-json\/wp\/v2\/users\/5"}],"replies":[{"embeddable":true,"href":"https:\/\/pro-form.hu\/en\/wp-json\/wp\/v2\/comments?post=2"}],"version-history":[{"count":43,"href":"https:\/\/pro-form.hu\/en\/wp-json\/wp\/v2\/pages\/2\/revisions"}],"predecessor-version":[{"id":2822,"href":"https:\/\/pro-form.hu\/en\/wp-json\/wp\/v2\/pages\/2\/revisions\/2822"}],"wp:attachment":[{"href":"https:\/\/pro-form.hu\/en\/wp-json\/wp\/v2\/media?parent=2"}],"curies":[{"name":"wp","href":"https:\/\/api.w.org\/{rel}","templated":true}]}}