{"id":1846,"date":"2025-11-21T14:58:38","date_gmt":"2025-11-21T13:58:38","guid":{"rendered":"https:\/\/pro-form.hu\/impresszum\/"},"modified":"2026-04-08T13:47:47","modified_gmt":"2026-04-08T11:47:47","slug":"imprint","status":"publish","type":"page","link":"https:\/\/pro-form.hu\/en\/imprint\/","title":{"rendered":"Imprint"},"content":{"rendered":"<p><strong>Operator contacts:<\/strong><\/p>\n<p>Pro-Form Industry and Trade Ltd. (Pro-Form Ltd.)<\/p>\n<ul>\n<li>Headquarters: Teve street\u00a060., H-1139 Budapest<\/li>\n<li>Central location and mailing address: Ady Endre street 2., H-2233 Ecser<\/li>\n<li>Warehouse base: Szondi street\u00a06., H-8132 Leps\u00e9ny<\/li>\n<li>Telephone: + 36 1 339 68 41<\/li>\n<li>Fax: +36 1 330 53 01<\/li>\n<li>E-mail:\u00a0<a href=\"mailto:info@pro-form.hu\">info@pro-form.hu<\/a><\/li>\n<li>VAT number: 10671203-2-41<\/li>\n<li>EU VAT number: HU10671203<\/li>\n<li>Company registration number: 01-09-161573<\/li>\n<\/ul>\n<p><strong>Availabilities of hosting provider:<\/strong><\/p>\n<ul>\n<li>Name: T\u00e1rhely.Eu Szolg\u00e1ltat\u00f3 Kft.<\/li>\n<li>Telephone number:\u00a0<a href=\"tel:+36 1 789-2-789\">+36 1 789-2-789<\/a><\/li>\n<li>Mailing address: Visegr\u00e1di street 80\/A., Budapest, XIII. region<\/li>\n<li>Email address:\u00a0<a href=\"mailto:support@tarhely.eu\">support@tarhely.eu<\/a><\/li>\n<\/ul>\n","protected":false},"excerpt":{"rendered":"<p>Operator contacts: Pro-Form Industry and Trade Ltd. (Pro-Form Ltd.) Headquarters: Teve street\u00a060., H-1139 Budapest Central location and mailing address: Ady Endre street 2., H-2233 Ecser Warehouse base: Szondi street\u00a06., H-8132 Leps\u00e9ny Telephone: + 36 1 339 68 41 Fax: +36 1 330 53 01 E-mail:\u00a0info@pro-form.hu VAT number: 10671203-2-41 EU VAT number: HU10671203 Company registration number: [&hellip;]<\/p>\n","protected":false},"author":1,"featured_media":0,"parent":0,"menu_order":0,"comment_status":"closed","ping_status":"closed","template":"","meta":{"_acf_changed":false,"footnotes":""},"class_list":["post-1846","page","type-page","status-publish","hentry"],"acf":[],"yoast_head":"<!-- This site is optimized with the Yoast SEO Premium plugin v27.4 (Yoast SEO v27.4) - https:\/\/yoast.com\/product\/yoast-seo-premium-wordpress\/ -->\n<title>Imprint - Pro-Form<\/title>\n<meta name=\"robots\" content=\"index, follow, max-snippet:-1, max-image-preview:large, max-video-preview:-1\" \/>\n<link rel=\"canonical\" href=\"https:\/\/pro-form.hu\/en\/imprint\/\" \/>\n<meta property=\"og:locale\" content=\"en_US\" \/>\n<meta property=\"og:type\" content=\"article\" \/>\n<meta property=\"og:title\" content=\"Imprint\" \/>\n<meta property=\"og:description\" content=\"Operator contacts: Pro-Form Industry and Trade Ltd. (Pro-Form Ltd.) Headquarters: Teve street\u00a060., H-1139 Budapest Central location and mailing address: Ady Endre street 2., H-2233 Ecser Warehouse base: Szondi street\u00a06., H-8132 Leps\u00e9ny Telephone: + 36 1 339 68 41 Fax: +36 1 330 53 01 E-mail:\u00a0info@pro-form.hu VAT number: 10671203-2-41 EU VAT number: HU10671203 Company registration number: [&hellip;]\" \/>\n<meta property=\"og:url\" content=\"https:\/\/pro-form.hu\/en\/imprint\/\" \/>\n<meta property=\"og:site_name\" content=\"Pro-Form\" \/>\n<meta property=\"article:modified_time\" content=\"2026-04-08T11:47:47+00:00\" \/>\n<meta name=\"twitter:card\" content=\"summary_large_image\" \/>\n<meta name=\"twitter:label1\" content=\"Est. reading time\" \/>\n\t<meta name=\"twitter:data1\" content=\"1 minute\" \/>\n<script type=\"application\/ld+json\" class=\"yoast-schema-graph\">{\"@context\":\"https:\\\/\\\/schema.org\",\"@graph\":[{\"@type\":\"WebPage\",\"@id\":\"https:\\\/\\\/pro-form.hu\\\/en\\\/imprint\\\/\",\"url\":\"https:\\\/\\\/pro-form.hu\\\/en\\\/imprint\\\/\",\"name\":\"Imprint - Pro-Form\",\"isPartOf\":{\"@id\":\"https:\\\/\\\/pro-form.hu\\\/en\\\/#website\"},\"datePublished\":\"2025-11-21T13:58:38+00:00\",\"dateModified\":\"2026-04-08T11:47:47+00:00\",\"breadcrumb\":{\"@id\":\"https:\\\/\\\/pro-form.hu\\\/en\\\/imprint\\\/#breadcrumb\"},\"inLanguage\":\"en-US\",\"potentialAction\":[{\"@type\":\"ReadAction\",\"target\":[\"https:\\\/\\\/pro-form.hu\\\/en\\\/imprint\\\/\"]}]},{\"@type\":\"BreadcrumbList\",\"@id\":\"https:\\\/\\\/pro-form.hu\\\/en\\\/imprint\\\/#breadcrumb\",\"itemListElement\":[{\"@type\":\"ListItem\",\"position\":1,\"name\":\"Kezd\u0151lap\",\"item\":\"https:\\\/\\\/pro-form.hu\\\/en\\\/\"},{\"@type\":\"ListItem\",\"position\":2,\"name\":\"Imprint\"}]},{\"@type\":\"WebSite\",\"@id\":\"https:\\\/\\\/pro-form.hu\\\/en\\\/#website\",\"url\":\"https:\\\/\\\/pro-form.hu\\\/en\\\/\",\"name\":\"Pro-Form\",\"description\":\"\",\"potentialAction\":[{\"@type\":\"SearchAction\",\"target\":{\"@type\":\"EntryPoint\",\"urlTemplate\":\"https:\\\/\\\/pro-form.hu\\\/en\\\/?s={search_term_string}\"},\"query-input\":{\"@type\":\"PropertyValueSpecification\",\"valueRequired\":true,\"valueName\":\"search_term_string\"}}],\"inLanguage\":\"en-US\"}]}<\/script>\n<!-- \/ Yoast SEO Premium plugin. -->","yoast_head_json":{"title":"Imprint - Pro-Form","robots":{"index":"index","follow":"follow","max-snippet":"max-snippet:-1","max-image-preview":"max-image-preview:large","max-video-preview":"max-video-preview:-1"},"canonical":"https:\/\/pro-form.hu\/en\/imprint\/","og_locale":"en_US","og_type":"article","og_title":"Imprint","og_description":"Operator contacts: Pro-Form Industry and Trade Ltd. (Pro-Form Ltd.) Headquarters: Teve street\u00a060., H-1139 Budapest Central location and mailing address: Ady Endre street 2., H-2233 Ecser Warehouse base: Szondi street\u00a06., H-8132 Leps\u00e9ny Telephone: + 36 1 339 68 41 Fax: +36 1 330 53 01 E-mail:\u00a0info@pro-form.hu VAT number: 10671203-2-41 EU VAT number: HU10671203 Company registration number: [&hellip;]","og_url":"https:\/\/pro-form.hu\/en\/imprint\/","og_site_name":"Pro-Form","article_modified_time":"2026-04-08T11:47:47+00:00","twitter_card":"summary_large_image","twitter_misc":{"Est. reading time":"1 minute"},"schema":{"@context":"https:\/\/schema.org","@graph":[{"@type":"WebPage","@id":"https:\/\/pro-form.hu\/en\/imprint\/","url":"https:\/\/pro-form.hu\/en\/imprint\/","name":"Imprint - Pro-Form","isPartOf":{"@id":"https:\/\/pro-form.hu\/en\/#website"},"datePublished":"2025-11-21T13:58:38+00:00","dateModified":"2026-04-08T11:47:47+00:00","breadcrumb":{"@id":"https:\/\/pro-form.hu\/en\/imprint\/#breadcrumb"},"inLanguage":"en-US","potentialAction":[{"@type":"ReadAction","target":["https:\/\/pro-form.hu\/en\/imprint\/"]}]},{"@type":"BreadcrumbList","@id":"https:\/\/pro-form.hu\/en\/imprint\/#breadcrumb","itemListElement":[{"@type":"ListItem","position":1,"name":"Kezd\u0151lap","item":"https:\/\/pro-form.hu\/en\/"},{"@type":"ListItem","position":2,"name":"Imprint"}]},{"@type":"WebSite","@id":"https:\/\/pro-form.hu\/en\/#website","url":"https:\/\/pro-form.hu\/en\/","name":"Pro-Form","description":"","potentialAction":[{"@type":"SearchAction","target":{"@type":"EntryPoint","urlTemplate":"https:\/\/pro-form.hu\/en\/?s={search_term_string}"},"query-input":{"@type":"PropertyValueSpecification","valueRequired":true,"valueName":"search_term_string"}}],"inLanguage":"en-US"}]}},"_links":{"self":[{"href":"https:\/\/pro-form.hu\/en\/wp-json\/wp\/v2\/pages\/1846","targetHints":{"allow":["GET"]}}],"collection":[{"href":"https:\/\/pro-form.hu\/en\/wp-json\/wp\/v2\/pages"}],"about":[{"href":"https:\/\/pro-form.hu\/en\/wp-json\/wp\/v2\/types\/page"}],"author":[{"embeddable":true,"href":"https:\/\/pro-form.hu\/en\/wp-json\/wp\/v2\/users\/1"}],"replies":[{"embeddable":true,"href":"https:\/\/pro-form.hu\/en\/wp-json\/wp\/v2\/comments?post=1846"}],"version-history":[{"count":3,"href":"https:\/\/pro-form.hu\/en\/wp-json\/wp\/v2\/pages\/1846\/revisions"}],"predecessor-version":[{"id":2122,"href":"https:\/\/pro-form.hu\/en\/wp-json\/wp\/v2\/pages\/1846\/revisions\/2122"}],"wp:attachment":[{"href":"https:\/\/pro-form.hu\/en\/wp-json\/wp\/v2\/media?parent=1846"}],"curies":[{"name":"wp","href":"https:\/\/api.w.org\/{rel}","templated":true}]}}