{"id":1778,"date":"2017-07-05T09:34:48","date_gmt":"2017-07-05T09:34:48","guid":{"rendered":"http:\/\/pro-form.hu\/?page_id=1778"},"modified":"2025-06-19T12:41:18","modified_gmt":"2025-06-19T12:41:18","slug":"zoldseges-muanyag-dobozok","status":"publish","type":"page","link":"https:\/\/pro-form.hu\/en\/magyar-zoldseges-salatas-muanyag-dobozok\/","title":{"rendered":"(Magyar) Z\u00f6lds\u00e9ges &#8211; sal\u00e1t\u00e1s m\u0171anyag dobozok"},"content":{"rendered":"<p class=\"qtranxs-available-languages-message qtranxs-available-languages-message-en\">Sorry, this entry is only available in <a href=\"https:\/\/pro-form.hu\/hu\/wp-json\/wp\/v2\/pages\/1778\" class=\"qtranxs-available-language-link qtranxs-available-language-link-hu\" title=\"Magyar\">Magyar<\/a>.<\/p>","protected":false},"excerpt":{"rendered":"<p>Sorry, this entry is only available in Magyar.<\/p>\n","protected":false},"author":6,"featured_media":0,"parent":0,"menu_order":11,"comment_status":"closed","ping_status":"closed","template":"","meta":{"footnotes":""},"yoast_head":"<!-- This site is optimized with the Yoast SEO plugin v22.9 - https:\/\/yoast.com\/wordpress\/plugins\/seo\/ -->\n<title><\/title>\n<meta name=\"robots\" content=\"index, follow, max-snippet:-1, max-image-preview:large, max-video-preview:-1\" \/>\n<link rel=\"canonical\" href=\"https:\/\/pro-form.hu\/zoldseges-salatas-muanyag-dobozok\/\" \/>\n<meta property=\"og:locale\" content=\"en_US\" \/>\n<meta property=\"og:type\" content=\"article\" \/>\n<meta property=\"og:title\" content=\"[:hu]Z\u00f6lds\u00e9ges - sal\u00e1t\u00e1s m\u0171anyag dobozok[:] - Pro-Form - M\u0171anyagba form\u00e1zzuk \u00f6tleteit\" \/>\n<meta property=\"og:description\" content=\"Sorry, this entry is only available in Magyar.\" \/>\n<meta property=\"og:url\" content=\"https:\/\/pro-form.hu\/zoldseges-salatas-muanyag-dobozok\/\" \/>\n<meta property=\"og:site_name\" content=\"Pro-Form - M\u0171anyagba form\u00e1zzuk \u00f6tleteit\" \/>\n<meta property=\"article:modified_time\" content=\"2025-06-19T12:41:18+00:00\" \/>\n<meta property=\"og:image\" content=\"http:\/\/pro-form.hu\/wp-content\/uploads\/2017\/07\/dq_muanyag_talka.png\" \/>\n<meta name=\"twitter:card\" content=\"summary_large_image\" \/>\n<meta name=\"twitter:label1\" content=\"Est. reading time\" \/>\n\t<meta name=\"twitter:data1\" content=\"4 minutes\" \/>\n<script type=\"application\/ld+json\" class=\"yoast-schema-graph\">{\"@context\":\"https:\/\/schema.org\",\"@graph\":[{\"@type\":\"WebPage\",\"@id\":\"https:\/\/pro-form.hu\/zoldseges-salatas-muanyag-dobozok\/\",\"url\":\"https:\/\/pro-form.hu\/zoldseges-salatas-muanyag-dobozok\/\",\"name\":\"[:hu]Z\u00f6lds\u00e9ges - sal\u00e1t\u00e1s m\u0171anyag dobozok[:] - Pro-Form - M\u0171anyagba form\u00e1zzuk \u00f6tleteit\",\"isPartOf\":{\"@id\":\"https:\/\/pro-form.hu\/#website\"},\"primaryImageOfPage\":{\"@id\":\"https:\/\/pro-form.hu\/zoldseges-salatas-muanyag-dobozok\/#primaryimage\"},\"image\":{\"@id\":\"https:\/\/pro-form.hu\/zoldseges-salatas-muanyag-dobozok\/#primaryimage\"},\"thumbnailUrl\":\"http:\/\/pro-form.hu\/wp-content\/uploads\/2017\/07\/dq_muanyag_talka.png\",\"datePublished\":\"2017-07-05T09:34:48+00:00\",\"dateModified\":\"2025-06-19T12:41:18+00:00\",\"breadcrumb\":{\"@id\":\"https:\/\/pro-form.hu\/zoldseges-salatas-muanyag-dobozok\/#breadcrumb\"},\"inLanguage\":\"en-US\",\"potentialAction\":[{\"@type\":\"ReadAction\",\"target\":[\"https:\/\/pro-form.hu\/zoldseges-salatas-muanyag-dobozok\/\"]}]},{\"@type\":\"ImageObject\",\"inLanguage\":\"en-US\",\"@id\":\"https:\/\/pro-form.hu\/zoldseges-salatas-muanyag-dobozok\/#primaryimage\",\"url\":\"http:\/\/pro-form.hu\/wp-content\/uploads\/2017\/07\/dq_muanyag_talka.png\",\"contentUrl\":\"http:\/\/pro-form.hu\/wp-content\/uploads\/2017\/07\/dq_muanyag_talka.png\"},{\"@type\":\"BreadcrumbList\",\"@id\":\"https:\/\/pro-form.hu\/zoldseges-salatas-muanyag-dobozok\/#breadcrumb\",\"itemListElement\":[{\"@type\":\"ListItem\",\"position\":1,\"name\":\"Home\",\"item\":\"https:\/\/pro-form.hu\/\"},{\"@type\":\"ListItem\",\"position\":2,\"name\":\"Z\u00f6lds\u00e9ges &#8211; sal\u00e1t\u00e1s m\u0171anyag dobozok\"}]},{\"@type\":\"WebSite\",\"@id\":\"https:\/\/pro-form.hu\/#website\",\"url\":\"https:\/\/pro-form.hu\/\",\"name\":\"Pro-Form - M\u0171anyagba form\u00e1zzuk \u00f6tleteit\",\"description\":\"Pr\u00e9sl\u00e9gform\u00e1z\u00e1ssal, v\u00e1kuumform\u00e1z\u00e1ssal, extrud\u00e1l\u00e1ssal, term\u00e9k- \u00e9s szersz\u00e1mfejleszt\u00e9ssel, fr\u00f6ccs\u00f6nt\u00e9ssel foglalkoz\u00f3 m\u0171anyagipari v\u00e1llalat.\",\"publisher\":{\"@id\":\"https:\/\/pro-form.hu\/#organization\"},\"potentialAction\":[{\"@type\":\"SearchAction\",\"target\":{\"@type\":\"EntryPoint\",\"urlTemplate\":\"https:\/\/pro-form.hu\/?s={search_term_string}\"},\"query-input\":\"required name=search_term_string\"}],\"inLanguage\":\"en-US\"},{\"@type\":\"Organization\",\"@id\":\"https:\/\/pro-form.hu\/#organization\",\"name\":\"Pro-Form Kft.\",\"url\":\"https:\/\/pro-form.hu\/\",\"logo\":{\"@type\":\"ImageObject\",\"inLanguage\":\"en-US\",\"@id\":\"https:\/\/pro-form.hu\/#\/schema\/logo\/image\/\",\"url\":\"http:\/\/pro-form.hu\/wp-content\/uploads\/2016\/05\/pro-form_HN.png\",\"contentUrl\":\"http:\/\/pro-form.hu\/wp-content\/uploads\/2016\/05\/pro-form_HN.png\",\"width\":281,\"height\":198,\"caption\":\"Pro-Form Kft.\"},\"image\":{\"@id\":\"https:\/\/pro-form.hu\/#\/schema\/logo\/image\/\"}}]}<\/script>\n<!-- \/ Yoast SEO plugin. -->","yoast_head_json":{"title":"[:hu]Z\u00f6lds\u00e9ges - sal\u00e1t\u00e1s m\u0171anyag dobozok[:] - Pro-Form - M\u0171anyagba form\u00e1zzuk \u00f6tleteit","robots":{"index":"index","follow":"follow","max-snippet":"max-snippet:-1","max-image-preview":"max-image-preview:large","max-video-preview":"max-video-preview:-1"},"canonical":"https:\/\/pro-form.hu\/zoldseges-salatas-muanyag-dobozok\/","og_locale":"en_US","og_type":"article","og_title":"[:hu]Z\u00f6lds\u00e9ges - sal\u00e1t\u00e1s m\u0171anyag dobozok[:] - Pro-Form - M\u0171anyagba form\u00e1zzuk \u00f6tleteit","og_description":"Sorry, this entry is only available in Magyar.","og_url":"https:\/\/pro-form.hu\/zoldseges-salatas-muanyag-dobozok\/","og_site_name":"Pro-Form - M\u0171anyagba form\u00e1zzuk \u00f6tleteit","article_modified_time":"2025-06-19T12:41:18+00:00","og_image":[{"url":"http:\/\/pro-form.hu\/wp-content\/uploads\/2017\/07\/dq_muanyag_talka.png"}],"twitter_card":"summary_large_image","twitter_misc":{"Est. reading time":"4 minutes"},"schema":{"@context":"https:\/\/schema.org","@graph":[{"@type":"WebPage","@id":"https:\/\/pro-form.hu\/zoldseges-salatas-muanyag-dobozok\/","url":"https:\/\/pro-form.hu\/zoldseges-salatas-muanyag-dobozok\/","name":"[:hu]Z\u00f6lds\u00e9ges - sal\u00e1t\u00e1s m\u0171anyag dobozok[:] - Pro-Form - M\u0171anyagba form\u00e1zzuk \u00f6tleteit","isPartOf":{"@id":"https:\/\/pro-form.hu\/#website"},"primaryImageOfPage":{"@id":"https:\/\/pro-form.hu\/zoldseges-salatas-muanyag-dobozok\/#primaryimage"},"image":{"@id":"https:\/\/pro-form.hu\/zoldseges-salatas-muanyag-dobozok\/#primaryimage"},"thumbnailUrl":"http:\/\/pro-form.hu\/wp-content\/uploads\/2017\/07\/dq_muanyag_talka.png","datePublished":"2017-07-05T09:34:48+00:00","dateModified":"2025-06-19T12:41:18+00:00","breadcrumb":{"@id":"https:\/\/pro-form.hu\/zoldseges-salatas-muanyag-dobozok\/#breadcrumb"},"inLanguage":"en-US","potentialAction":[{"@type":"ReadAction","target":["https:\/\/pro-form.hu\/zoldseges-salatas-muanyag-dobozok\/"]}]},{"@type":"ImageObject","inLanguage":"en-US","@id":"https:\/\/pro-form.hu\/zoldseges-salatas-muanyag-dobozok\/#primaryimage","url":"http:\/\/pro-form.hu\/wp-content\/uploads\/2017\/07\/dq_muanyag_talka.png","contentUrl":"http:\/\/pro-form.hu\/wp-content\/uploads\/2017\/07\/dq_muanyag_talka.png"},{"@type":"BreadcrumbList","@id":"https:\/\/pro-form.hu\/zoldseges-salatas-muanyag-dobozok\/#breadcrumb","itemListElement":[{"@type":"ListItem","position":1,"name":"Home","item":"https:\/\/pro-form.hu\/"},{"@type":"ListItem","position":2,"name":"Z\u00f6lds\u00e9ges &#8211; sal\u00e1t\u00e1s m\u0171anyag dobozok"}]},{"@type":"WebSite","@id":"https:\/\/pro-form.hu\/#website","url":"https:\/\/pro-form.hu\/","name":"Pro-Form - M\u0171anyagba form\u00e1zzuk \u00f6tleteit","description":"Pr\u00e9sl\u00e9gform\u00e1z\u00e1ssal, v\u00e1kuumform\u00e1z\u00e1ssal, extrud\u00e1l\u00e1ssal, term\u00e9k- \u00e9s szersz\u00e1mfejleszt\u00e9ssel, fr\u00f6ccs\u00f6nt\u00e9ssel foglalkoz\u00f3 m\u0171anyagipari v\u00e1llalat.","publisher":{"@id":"https:\/\/pro-form.hu\/#organization"},"potentialAction":[{"@type":"SearchAction","target":{"@type":"EntryPoint","urlTemplate":"https:\/\/pro-form.hu\/?s={search_term_string}"},"query-input":"required name=search_term_string"}],"inLanguage":"en-US"},{"@type":"Organization","@id":"https:\/\/pro-form.hu\/#organization","name":"Pro-Form Kft.","url":"https:\/\/pro-form.hu\/","logo":{"@type":"ImageObject","inLanguage":"en-US","@id":"https:\/\/pro-form.hu\/#\/schema\/logo\/image\/","url":"http:\/\/pro-form.hu\/wp-content\/uploads\/2016\/05\/pro-form_HN.png","contentUrl":"http:\/\/pro-form.hu\/wp-content\/uploads\/2016\/05\/pro-form_HN.png","width":281,"height":198,"caption":"Pro-Form Kft."},"image":{"@id":"https:\/\/pro-form.hu\/#\/schema\/logo\/image\/"}}]}},"_links":{"self":[{"href":"https:\/\/pro-form.hu\/en\/wp-json\/wp\/v2\/pages\/1778"}],"collection":[{"href":"https:\/\/pro-form.hu\/en\/wp-json\/wp\/v2\/pages"}],"about":[{"href":"https:\/\/pro-form.hu\/en\/wp-json\/wp\/v2\/types\/page"}],"author":[{"embeddable":true,"href":"https:\/\/pro-form.hu\/en\/wp-json\/wp\/v2\/users\/6"}],"replies":[{"embeddable":true,"href":"https:\/\/pro-form.hu\/en\/wp-json\/wp\/v2\/comments?post=1778"}],"version-history":[{"count":38,"href":"https:\/\/pro-form.hu\/en\/wp-json\/wp\/v2\/pages\/1778\/revisions"}],"predecessor-version":[{"id":3272,"href":"https:\/\/pro-form.hu\/en\/wp-json\/wp\/v2\/pages\/1778\/revisions\/3272"}],"wp:attachment":[{"href":"https:\/\/pro-form.hu\/en\/wp-json\/wp\/v2\/media?parent=1778"}],"curies":[{"name":"wp","href":"https:\/\/api.w.org\/{rel}","templated":true}]}}