{"id":137,"date":"2015-06-14T13:30:59","date_gmt":"2015-06-14T13:30:59","guid":{"rendered":"http:\/\/pro-form.hu\/?page_id=137"},"modified":"2025-04-17T13:24:28","modified_gmt":"2025-04-17T13:24:28","slug":"mikrohullamozhato-hegesztheto-dobozok","status":"publish","type":"page","link":"https:\/\/pro-form.hu\/en\/product-groups\/microwavable-weldable-boxes\/","title":{"rendered":"Microwavable, weldable boxes"},"content":{"rendered":"<p><\/p>\n<p style=\"text-align: justify;\">With the use of our <a href=\"https:\/\/pro-form.hu\/en\/technologies\/pressure-forming\/\">pressureforming<\/a> technology representing the highest engineering standards we manufacture plastic boxes for storing food in refrigerators that can be put into microwave ovens. The boxes are available with single and divided spaces and can be used primarily for home delivery of cold and hot dishes in a hygienic and aesthetic manner. In addition to that, the boxes can be used for vacuum and gas barrier packaging of fresh meat, vegetable and cheese.<\/p>\n<p style=\"text-align: justify;\">These are available mainly in white, black and yellow colour and usually are between 0,4-0,8 mm in thickness. The PP films all comply with food industry requirements and are formed by our contact or radiant heating, automatic pressureforming machines. The boxes can be sealed with protective foils by welding them together creating an airtight packaging unit.<\/p>\n<p><a href=\"https:\/\/packplus.hu\/en\"><img loading=\"lazy\" decoding=\"async\" class=\"wp-image-2657 alignnone\" src=\"http:\/\/pro-form.hu\/wp-content\/uploads\/2016\/07\/packplus_0407_logo_rgb.jpg\" alt=\"\" width=\"59\" height=\"25\" srcset=\"https:\/\/pro-form.hu\/wp-content\/uploads\/2016\/07\/packplus_0407_logo_rgb.jpg 640w, https:\/\/pro-form.hu\/wp-content\/uploads\/2016\/07\/packplus_0407_logo_rgb-370x156.jpg 370w, https:\/\/pro-form.hu\/wp-content\/uploads\/2016\/07\/packplus_0407_logo_rgb-604x270.jpg 604w\" sizes=\"(max-width: 59px) 100vw, 59px\" \/><\/a><\/p>","protected":false},"excerpt":{"rendered":"<p>With the use of our pressureforming technology representing the highest engineering standards we manufacture plastic boxes for storing food in refrigerators that can be put into microwave ovens. The boxes are available with single and divided spaces and can be used primarily for home delivery of cold and hot dishes in a hygienic and aesthetic<\/p>\n","protected":false},"author":5,"featured_media":3254,"parent":9,"menu_order":34,"comment_status":"closed","ping_status":"closed","template":"page-termekcsoport-aloldal.php","meta":{"footnotes":""},"yoast_head":"<!-- This site is optimized with the Yoast SEO plugin v22.9 - https:\/\/yoast.com\/wordpress\/plugins\/seo\/ -->\n<title>Microwavable boxes - Pro-Form - Your idea into our plastic<\/title>\n<meta name=\"description\" content=\"[:hu]H\u00e1zhoz sz\u00e1ll\u00edt\u00e1s sor\u00e1n haszn\u00e1latos meleg \u00e9telek t\u00e1rol\u00f3,z\u00e1rhat\u00f3 dobozait gy\u00e1rtjuk t\u00f6bbf\u00e9le sz\u00ednben.[:][:en]Hot food storage,lockable boxes are produced for home delivery in different colours.[:][:de]Wegen der hei\u00dfen Lebensmittellagerungen abschlie\u00dfbare Boxen sind in verschieden Farben f\u00fcr Hauszustellung hergestellt.[:]\" \/>\n<meta name=\"robots\" content=\"index, follow, max-snippet:-1, max-image-preview:large, max-video-preview:-1\" \/>\n<link rel=\"canonical\" href=\"https:\/\/pro-form.hu\/termekcsoportok\/mikrohullamozhato-hegesztheto-dobozok\/\" \/>\n<meta property=\"og:locale\" content=\"en_US\" \/>\n<meta property=\"og:type\" content=\"article\" \/>\n<meta property=\"og:title\" content=\"[:hu]Mikrohull\u00e1mozhat\u00f3,hegeszthet\u0151 dobozok - Pro-Form - M\u0171anyagba form\u00e1zzuk \u00f6tleteit[:][:en]Microwavable boxes - Pro-Form - Your idea into our plastic[:][:de]Mikrowellenherdgeignete Schalen - Pro-Form - Ihre Idee in unserem Kunststoff[:]\" \/>\n<meta property=\"og:description\" content=\"[:hu]H\u00e1zhoz sz\u00e1ll\u00edt\u00e1s sor\u00e1n haszn\u00e1latos meleg \u00e9telek t\u00e1rol\u00f3,z\u00e1rhat\u00f3 dobozait gy\u00e1rtjuk t\u00f6bbf\u00e9le sz\u00ednben.[:][:en]Hot food storage,lockable boxes are produced for home delivery in different colours.[:][:de]Wegen der hei\u00dfen Lebensmittellagerungen abschlie\u00dfbare Boxen sind in verschieden Farben f\u00fcr Hauszustellung hergestellt.[:]\" \/>\n<meta property=\"og:url\" content=\"https:\/\/pro-form.hu\/termekcsoportok\/mikrohullamozhato-hegesztheto-dobozok\/\" \/>\n<meta property=\"og:site_name\" content=\"Pro-Form - M\u0171anyagba form\u00e1zzuk \u00f6tleteit\" \/>\n<meta property=\"article:modified_time\" content=\"2025-04-17T13:24:28+00:00\" \/>\n<meta property=\"og:image\" content=\"https:\/\/pro-form.hu\/wp-content\/uploads\/2025\/04\/mikrozhato_muanyag_hazhozszallitos_doboz_melegetelekhez.jpg\" \/>\n\t<meta property=\"og:image:width\" content=\"700\" \/>\n\t<meta property=\"og:image:height\" content=\"450\" \/>\n\t<meta property=\"og:image:type\" content=\"image\/jpeg\" \/>\n<meta name=\"twitter:card\" content=\"summary_large_image\" \/>\n<meta name=\"twitter:label1\" content=\"Est. reading time\" \/>\n\t<meta name=\"twitter:data1\" content=\"1 minute\" \/>\n<script type=\"application\/ld+json\" class=\"yoast-schema-graph\">{\"@context\":\"https:\/\/schema.org\",\"@graph\":[{\"@type\":\"WebPage\",\"@id\":\"https:\/\/pro-form.hu\/termekcsoportok\/mikrohullamozhato-hegesztheto-dobozok\/\",\"url\":\"https:\/\/pro-form.hu\/termekcsoportok\/mikrohullamozhato-hegesztheto-dobozok\/\",\"name\":\"[:hu]Mikrohull\u00e1mozhat\u00f3,hegeszthet\u0151 dobozok - Pro-Form - M\u0171anyagba form\u00e1zzuk \u00f6tleteit[:][:en]Microwavable boxes - Pro-Form - Your idea into our plastic[:][:de]Mikrowellenherdgeignete Schalen - Pro-Form - Ihre Idee in unserem Kunststoff[:]\",\"isPartOf\":{\"@id\":\"https:\/\/pro-form.hu\/#website\"},\"primaryImageOfPage\":{\"@id\":\"https:\/\/pro-form.hu\/termekcsoportok\/mikrohullamozhato-hegesztheto-dobozok\/#primaryimage\"},\"image\":{\"@id\":\"https:\/\/pro-form.hu\/termekcsoportok\/mikrohullamozhato-hegesztheto-dobozok\/#primaryimage\"},\"thumbnailUrl\":\"https:\/\/pro-form.hu\/wp-content\/uploads\/2025\/04\/mikrozhato_muanyag_hazhozszallitos_doboz_melegetelekhez.jpg\",\"datePublished\":\"2015-06-14T13:30:59+00:00\",\"dateModified\":\"2025-04-17T13:24:28+00:00\",\"description\":\"[:hu]H\u00e1zhoz sz\u00e1ll\u00edt\u00e1s sor\u00e1n haszn\u00e1latos meleg \u00e9telek t\u00e1rol\u00f3,z\u00e1rhat\u00f3 dobozait gy\u00e1rtjuk t\u00f6bbf\u00e9le sz\u00ednben.[:][:en]Hot food storage,lockable boxes are produced for home delivery in different colours.[:][:de]Wegen der hei\u00dfen Lebensmittellagerungen abschlie\u00dfbare Boxen sind in verschieden Farben f\u00fcr Hauszustellung hergestellt.[:]\",\"breadcrumb\":{\"@id\":\"https:\/\/pro-form.hu\/termekcsoportok\/mikrohullamozhato-hegesztheto-dobozok\/#breadcrumb\"},\"inLanguage\":\"en-US\",\"potentialAction\":[{\"@type\":\"ReadAction\",\"target\":[\"https:\/\/pro-form.hu\/termekcsoportok\/mikrohullamozhato-hegesztheto-dobozok\/\"]}]},{\"@type\":\"ImageObject\",\"inLanguage\":\"en-US\",\"@id\":\"https:\/\/pro-form.hu\/termekcsoportok\/mikrohullamozhato-hegesztheto-dobozok\/#primaryimage\",\"url\":\"https:\/\/pro-form.hu\/wp-content\/uploads\/2025\/04\/mikrozhato_muanyag_hazhozszallitos_doboz_melegetelekhez.jpg\",\"contentUrl\":\"https:\/\/pro-form.hu\/wp-content\/uploads\/2025\/04\/mikrozhato_muanyag_hazhozszallitos_doboz_melegetelekhez.jpg\",\"width\":700,\"height\":450},{\"@type\":\"BreadcrumbList\",\"@id\":\"https:\/\/pro-form.hu\/termekcsoportok\/mikrohullamozhato-hegesztheto-dobozok\/#breadcrumb\",\"itemListElement\":[{\"@type\":\"ListItem\",\"position\":1,\"name\":\"Home\",\"item\":\"https:\/\/pro-form.hu\/\"},{\"@type\":\"ListItem\",\"position\":2,\"name\":\"Term\u00e9kcsoportok\",\"item\":\"https:\/\/pro-form.hu\/termekcsoportok\/\"},{\"@type\":\"ListItem\",\"position\":3,\"name\":\"Mikrohull\u00e1mozhat\u00f3, hegeszthet\u0151 dobozok\"}]},{\"@type\":\"WebSite\",\"@id\":\"https:\/\/pro-form.hu\/#website\",\"url\":\"https:\/\/pro-form.hu\/\",\"name\":\"Pro-Form - M\u0171anyagba form\u00e1zzuk \u00f6tleteit\",\"description\":\"Pr\u00e9sl\u00e9gform\u00e1z\u00e1ssal, v\u00e1kuumform\u00e1z\u00e1ssal, extrud\u00e1l\u00e1ssal, term\u00e9k- \u00e9s szersz\u00e1mfejleszt\u00e9ssel, fr\u00f6ccs\u00f6nt\u00e9ssel foglalkoz\u00f3 m\u0171anyagipari v\u00e1llalat.\",\"publisher\":{\"@id\":\"https:\/\/pro-form.hu\/#organization\"},\"potentialAction\":[{\"@type\":\"SearchAction\",\"target\":{\"@type\":\"EntryPoint\",\"urlTemplate\":\"https:\/\/pro-form.hu\/?s={search_term_string}\"},\"query-input\":\"required name=search_term_string\"}],\"inLanguage\":\"en-US\"},{\"@type\":\"Organization\",\"@id\":\"https:\/\/pro-form.hu\/#organization\",\"name\":\"Pro-Form Kft.\",\"url\":\"https:\/\/pro-form.hu\/\",\"logo\":{\"@type\":\"ImageObject\",\"inLanguage\":\"en-US\",\"@id\":\"https:\/\/pro-form.hu\/#\/schema\/logo\/image\/\",\"url\":\"http:\/\/pro-form.hu\/wp-content\/uploads\/2016\/05\/pro-form_HN.png\",\"contentUrl\":\"http:\/\/pro-form.hu\/wp-content\/uploads\/2016\/05\/pro-form_HN.png\",\"width\":281,\"height\":198,\"caption\":\"Pro-Form Kft.\"},\"image\":{\"@id\":\"https:\/\/pro-form.hu\/#\/schema\/logo\/image\/\"}}]}<\/script>\n<!-- \/ Yoast SEO plugin. -->","yoast_head_json":{"title":"[:hu]Mikrohull\u00e1mozhat\u00f3,hegeszthet\u0151 dobozok - Pro-Form - M\u0171anyagba form\u00e1zzuk \u00f6tleteit[:][:en]Microwavable boxes - Pro-Form - Your idea into our plastic[:][:de]Mikrowellenherdgeignete Schalen - Pro-Form - Ihre Idee in unserem Kunststoff[:]","description":"[:hu]H\u00e1zhoz sz\u00e1ll\u00edt\u00e1s sor\u00e1n haszn\u00e1latos meleg \u00e9telek t\u00e1rol\u00f3,z\u00e1rhat\u00f3 dobozait gy\u00e1rtjuk t\u00f6bbf\u00e9le sz\u00ednben.[:][:en]Hot food storage,lockable boxes are produced for home delivery in different colours.[:][:de]Wegen der hei\u00dfen Lebensmittellagerungen abschlie\u00dfbare Boxen sind in verschieden Farben f\u00fcr Hauszustellung hergestellt.[:]","robots":{"index":"index","follow":"follow","max-snippet":"max-snippet:-1","max-image-preview":"max-image-preview:large","max-video-preview":"max-video-preview:-1"},"canonical":"https:\/\/pro-form.hu\/termekcsoportok\/mikrohullamozhato-hegesztheto-dobozok\/","og_locale":"en_US","og_type":"article","og_title":"[:hu]Mikrohull\u00e1mozhat\u00f3,hegeszthet\u0151 dobozok - Pro-Form - M\u0171anyagba form\u00e1zzuk \u00f6tleteit[:][:en]Microwavable boxes - Pro-Form - Your idea into our plastic[:][:de]Mikrowellenherdgeignete Schalen - Pro-Form - Ihre Idee in unserem Kunststoff[:]","og_description":"[:hu]H\u00e1zhoz sz\u00e1ll\u00edt\u00e1s sor\u00e1n haszn\u00e1latos meleg \u00e9telek t\u00e1rol\u00f3,z\u00e1rhat\u00f3 dobozait gy\u00e1rtjuk t\u00f6bbf\u00e9le sz\u00ednben.[:][:en]Hot food storage,lockable boxes are produced for home delivery in different colours.[:][:de]Wegen der hei\u00dfen Lebensmittellagerungen abschlie\u00dfbare Boxen sind in verschieden Farben f\u00fcr Hauszustellung hergestellt.[:]","og_url":"https:\/\/pro-form.hu\/termekcsoportok\/mikrohullamozhato-hegesztheto-dobozok\/","og_site_name":"Pro-Form - M\u0171anyagba form\u00e1zzuk \u00f6tleteit","article_modified_time":"2025-04-17T13:24:28+00:00","og_image":[{"width":700,"height":450,"url":"https:\/\/pro-form.hu\/wp-content\/uploads\/2025\/04\/mikrozhato_muanyag_hazhozszallitos_doboz_melegetelekhez.jpg","type":"image\/jpeg"}],"twitter_card":"summary_large_image","twitter_misc":{"Est. reading time":"1 minute"},"schema":{"@context":"https:\/\/schema.org","@graph":[{"@type":"WebPage","@id":"https:\/\/pro-form.hu\/termekcsoportok\/mikrohullamozhato-hegesztheto-dobozok\/","url":"https:\/\/pro-form.hu\/termekcsoportok\/mikrohullamozhato-hegesztheto-dobozok\/","name":"[:hu]Mikrohull\u00e1mozhat\u00f3,hegeszthet\u0151 dobozok - Pro-Form - M\u0171anyagba form\u00e1zzuk \u00f6tleteit[:][:en]Microwavable boxes - Pro-Form - Your idea into our plastic[:][:de]Mikrowellenherdgeignete Schalen - Pro-Form - Ihre Idee in unserem Kunststoff[:]","isPartOf":{"@id":"https:\/\/pro-form.hu\/#website"},"primaryImageOfPage":{"@id":"https:\/\/pro-form.hu\/termekcsoportok\/mikrohullamozhato-hegesztheto-dobozok\/#primaryimage"},"image":{"@id":"https:\/\/pro-form.hu\/termekcsoportok\/mikrohullamozhato-hegesztheto-dobozok\/#primaryimage"},"thumbnailUrl":"https:\/\/pro-form.hu\/wp-content\/uploads\/2025\/04\/mikrozhato_muanyag_hazhozszallitos_doboz_melegetelekhez.jpg","datePublished":"2015-06-14T13:30:59+00:00","dateModified":"2025-04-17T13:24:28+00:00","description":"[:hu]H\u00e1zhoz sz\u00e1ll\u00edt\u00e1s sor\u00e1n haszn\u00e1latos meleg \u00e9telek t\u00e1rol\u00f3,z\u00e1rhat\u00f3 dobozait gy\u00e1rtjuk t\u00f6bbf\u00e9le sz\u00ednben.[:][:en]Hot food storage,lockable boxes are produced for home delivery in different colours.[:][:de]Wegen der hei\u00dfen Lebensmittellagerungen abschlie\u00dfbare Boxen sind in verschieden Farben f\u00fcr Hauszustellung hergestellt.[:]","breadcrumb":{"@id":"https:\/\/pro-form.hu\/termekcsoportok\/mikrohullamozhato-hegesztheto-dobozok\/#breadcrumb"},"inLanguage":"en-US","potentialAction":[{"@type":"ReadAction","target":["https:\/\/pro-form.hu\/termekcsoportok\/mikrohullamozhato-hegesztheto-dobozok\/"]}]},{"@type":"ImageObject","inLanguage":"en-US","@id":"https:\/\/pro-form.hu\/termekcsoportok\/mikrohullamozhato-hegesztheto-dobozok\/#primaryimage","url":"https:\/\/pro-form.hu\/wp-content\/uploads\/2025\/04\/mikrozhato_muanyag_hazhozszallitos_doboz_melegetelekhez.jpg","contentUrl":"https:\/\/pro-form.hu\/wp-content\/uploads\/2025\/04\/mikrozhato_muanyag_hazhozszallitos_doboz_melegetelekhez.jpg","width":700,"height":450},{"@type":"BreadcrumbList","@id":"https:\/\/pro-form.hu\/termekcsoportok\/mikrohullamozhato-hegesztheto-dobozok\/#breadcrumb","itemListElement":[{"@type":"ListItem","position":1,"name":"Home","item":"https:\/\/pro-form.hu\/"},{"@type":"ListItem","position":2,"name":"Term\u00e9kcsoportok","item":"https:\/\/pro-form.hu\/termekcsoportok\/"},{"@type":"ListItem","position":3,"name":"Mikrohull\u00e1mozhat\u00f3, hegeszthet\u0151 dobozok"}]},{"@type":"WebSite","@id":"https:\/\/pro-form.hu\/#website","url":"https:\/\/pro-form.hu\/","name":"Pro-Form - M\u0171anyagba form\u00e1zzuk \u00f6tleteit","description":"Pr\u00e9sl\u00e9gform\u00e1z\u00e1ssal, v\u00e1kuumform\u00e1z\u00e1ssal, extrud\u00e1l\u00e1ssal, term\u00e9k- \u00e9s szersz\u00e1mfejleszt\u00e9ssel, fr\u00f6ccs\u00f6nt\u00e9ssel foglalkoz\u00f3 m\u0171anyagipari v\u00e1llalat.","publisher":{"@id":"https:\/\/pro-form.hu\/#organization"},"potentialAction":[{"@type":"SearchAction","target":{"@type":"EntryPoint","urlTemplate":"https:\/\/pro-form.hu\/?s={search_term_string}"},"query-input":"required name=search_term_string"}],"inLanguage":"en-US"},{"@type":"Organization","@id":"https:\/\/pro-form.hu\/#organization","name":"Pro-Form Kft.","url":"https:\/\/pro-form.hu\/","logo":{"@type":"ImageObject","inLanguage":"en-US","@id":"https:\/\/pro-form.hu\/#\/schema\/logo\/image\/","url":"http:\/\/pro-form.hu\/wp-content\/uploads\/2016\/05\/pro-form_HN.png","contentUrl":"http:\/\/pro-form.hu\/wp-content\/uploads\/2016\/05\/pro-form_HN.png","width":281,"height":198,"caption":"Pro-Form Kft."},"image":{"@id":"https:\/\/pro-form.hu\/#\/schema\/logo\/image\/"}}]}},"_links":{"self":[{"href":"https:\/\/pro-form.hu\/en\/wp-json\/wp\/v2\/pages\/137"}],"collection":[{"href":"https:\/\/pro-form.hu\/en\/wp-json\/wp\/v2\/pages"}],"about":[{"href":"https:\/\/pro-form.hu\/en\/wp-json\/wp\/v2\/types\/page"}],"author":[{"embeddable":true,"href":"https:\/\/pro-form.hu\/en\/wp-json\/wp\/v2\/users\/5"}],"replies":[{"embeddable":true,"href":"https:\/\/pro-form.hu\/en\/wp-json\/wp\/v2\/comments?post=137"}],"version-history":[{"count":17,"href":"https:\/\/pro-form.hu\/en\/wp-json\/wp\/v2\/pages\/137\/revisions"}],"predecessor-version":[{"id":2687,"href":"https:\/\/pro-form.hu\/en\/wp-json\/wp\/v2\/pages\/137\/revisions\/2687"}],"up":[{"embeddable":true,"href":"https:\/\/pro-form.hu\/en\/wp-json\/wp\/v2\/pages\/9"}],"wp:featuredmedia":[{"embeddable":true,"href":"https:\/\/pro-form.hu\/en\/wp-json\/wp\/v2\/media\/3254"}],"wp:attachment":[{"href":"https:\/\/pro-form.hu\/en\/wp-json\/wp\/v2\/media?parent=137"}],"curies":[{"name":"wp","href":"https:\/\/api.w.org\/{rel}","templated":true}]}}