{"id":131,"date":"2015-06-14T13:29:35","date_gmt":"2015-06-14T13:29:35","guid":{"rendered":"http:\/\/pro-form.hu\/?page_id=131"},"modified":"2025-04-17T11:50:34","modified_gmt":"2025-04-17T11:50:34","slug":"bliszterek","status":"publish","type":"page","link":"https:\/\/pro-form.hu\/en\/product-groups\/blisters\/","title":{"rendered":"Blisters"},"content":{"rendered":"<p><\/p>\n<p style=\"text-align: justify;\">Due to our customers\u2019 demand and the shape of the product that has to be packaged we offer packaging using very tight fitting or with bubble blister solution. In both cases in addition to the good protection these blisters can also provide a high-standard and pleasing appearance as can be seen in the pictures. There are various types of blisters and we distinguish one side blisters from two side blisters. The back side of the one side blisters are usually closed by paper or thin foil by welding them together.<\/p>\n<p style=\"text-align: justify;\">Two side blisters could be made with either one or two sided tight fitting design. The two sides can be joined together by welding, using snap fit or a combined hinged\/snap fit solution. These products are mainly used in the electronics, the cosmetics, the automotive as well as in the household and chemical industry. The blisters are typically made from transparent 0,2-0,5 thick films that all comply with food industry requirements and are formed by our contact or radiant heating, automatic <a href=\"https:\/\/pro-form.hu\/en\/technologies\/pressure-forming\/\">pressureforming<\/a> machines with large forming depth. Of course products with higher thickness can be made on the pertner\u2019s demand.<\/p>\n<p><a href=\"https:\/\/packplus.hu\/en\"><img loading=\"lazy\" decoding=\"async\" class=\"wp-image-2657 alignnone\" src=\"http:\/\/pro-form.hu\/wp-content\/uploads\/2016\/07\/packplus_0407_logo_rgb.jpg\" alt=\"\" width=\"59\" height=\"25\" srcset=\"https:\/\/pro-form.hu\/wp-content\/uploads\/2016\/07\/packplus_0407_logo_rgb.jpg 640w, https:\/\/pro-form.hu\/wp-content\/uploads\/2016\/07\/packplus_0407_logo_rgb-370x156.jpg 370w, https:\/\/pro-form.hu\/wp-content\/uploads\/2016\/07\/packplus_0407_logo_rgb-604x270.jpg 604w\" sizes=\"(max-width: 59px) 100vw, 59px\" \/><\/a><\/p>","protected":false},"excerpt":{"rendered":"<p>Due to our customers\u2019 demand and the shape of the product that has to be packaged we offer packaging using very tight fitting or with bubble blister solution. In both cases in addition to the good protection these blisters can also provide a high-standard and pleasing appearance as can be seen in the pictures. There<\/p>\n","protected":false},"author":5,"featured_media":3227,"parent":9,"menu_order":37,"comment_status":"closed","ping_status":"closed","template":"page-termekcsoport-aloldal.php","meta":{"footnotes":""},"yoast_head":"<!-- This site is optimized with the Yoast SEO plugin v22.9 - https:\/\/yoast.com\/wordpress\/plugins\/seo\/ -->\n<title>Blisters - Pro-Form - Your idea into our plastic<\/title>\n<meta name=\"description\" content=\"[:hu]Kozmetikai,vegy-,aut\u00f3-,elektronikai ipar sz\u00e1m\u00e1ra m\u0171anyag,term\u00e9kek csomagol\u00e1s\u00e1t el\u0151seg\u00edt\u0151 bliszter gy\u00e1rt\u00e1ssal foglalkozunk.[:][:en]For cosmetic,chemical,automotive,electronic industry we deal with production of plastic blisters using by packaging.[:][:de]Wir produzieren plastike Blisterpackungen f\u00fcr kosmetike,chemische,auto,elektronike Industrien.[:]\" \/>\n<meta name=\"robots\" content=\"index, follow, max-snippet:-1, max-image-preview:large, max-video-preview:-1\" \/>\n<link rel=\"canonical\" href=\"https:\/\/pro-form.hu\/termekcsoportok\/bliszterek\/\" \/>\n<meta property=\"og:locale\" content=\"en_US\" \/>\n<meta property=\"og:type\" content=\"article\" \/>\n<meta property=\"og:title\" content=\"[:hu]Bliszterek - Pro-Form - M\u0171anyagba form\u00e1zzuk \u00f6tleteit[:][:en]Blisters - Pro-Form - Your idea into our plastic[:][:de]Blisterpackungen - Pro-Form - Ihre Idee in unserem Kunststoff[:]\" \/>\n<meta property=\"og:description\" content=\"[:hu]Kozmetikai,vegy-,aut\u00f3-,elektronikai ipar sz\u00e1m\u00e1ra m\u0171anyag,term\u00e9kek csomagol\u00e1s\u00e1t el\u0151seg\u00edt\u0151 bliszter gy\u00e1rt\u00e1ssal foglalkozunk.[:][:en]For cosmetic,chemical,automotive,electronic industry we deal with production of plastic blisters using by packaging.[:][:de]Wir produzieren plastike Blisterpackungen f\u00fcr kosmetike,chemische,auto,elektronike Industrien.[:]\" \/>\n<meta property=\"og:url\" content=\"https:\/\/pro-form.hu\/termekcsoportok\/bliszterek\/\" \/>\n<meta property=\"og:site_name\" content=\"Pro-Form - M\u0171anyagba form\u00e1zzuk \u00f6tleteit\" \/>\n<meta property=\"article:modified_time\" content=\"2025-04-17T11:50:34+00:00\" \/>\n<meta property=\"og:image\" content=\"https:\/\/pro-form.hu\/wp-content\/uploads\/2025\/04\/bliszter_muanyag_gyartas_csomagolas_viztiszta_termekekkel.jpg\" \/>\n\t<meta property=\"og:image:width\" content=\"700\" \/>\n\t<meta property=\"og:image:height\" content=\"450\" \/>\n\t<meta property=\"og:image:type\" content=\"image\/jpeg\" \/>\n<meta name=\"twitter:card\" content=\"summary_large_image\" \/>\n<meta name=\"twitter:label1\" content=\"Est. reading time\" \/>\n\t<meta name=\"twitter:data1\" content=\"2 minutes\" \/>\n<script type=\"application\/ld+json\" class=\"yoast-schema-graph\">{\"@context\":\"https:\/\/schema.org\",\"@graph\":[{\"@type\":\"WebPage\",\"@id\":\"https:\/\/pro-form.hu\/termekcsoportok\/bliszterek\/\",\"url\":\"https:\/\/pro-form.hu\/termekcsoportok\/bliszterek\/\",\"name\":\"[:hu]Bliszterek - Pro-Form - M\u0171anyagba form\u00e1zzuk \u00f6tleteit[:][:en]Blisters - Pro-Form - Your idea into our plastic[:][:de]Blisterpackungen - Pro-Form - Ihre Idee in unserem Kunststoff[:]\",\"isPartOf\":{\"@id\":\"https:\/\/pro-form.hu\/#website\"},\"primaryImageOfPage\":{\"@id\":\"https:\/\/pro-form.hu\/termekcsoportok\/bliszterek\/#primaryimage\"},\"image\":{\"@id\":\"https:\/\/pro-form.hu\/termekcsoportok\/bliszterek\/#primaryimage\"},\"thumbnailUrl\":\"https:\/\/pro-form.hu\/wp-content\/uploads\/2025\/04\/bliszter_muanyag_gyartas_csomagolas_viztiszta_termekekkel.jpg\",\"datePublished\":\"2015-06-14T13:29:35+00:00\",\"dateModified\":\"2025-04-17T11:50:34+00:00\",\"description\":\"[:hu]Kozmetikai,vegy-,aut\u00f3-,elektronikai ipar sz\u00e1m\u00e1ra m\u0171anyag,term\u00e9kek csomagol\u00e1s\u00e1t el\u0151seg\u00edt\u0151 bliszter gy\u00e1rt\u00e1ssal foglalkozunk.[:][:en]For cosmetic,chemical,automotive,electronic industry we deal with production of plastic blisters using by packaging.[:][:de]Wir produzieren plastike Blisterpackungen f\u00fcr kosmetike,chemische,auto,elektronike Industrien.[:]\",\"breadcrumb\":{\"@id\":\"https:\/\/pro-form.hu\/termekcsoportok\/bliszterek\/#breadcrumb\"},\"inLanguage\":\"en-US\",\"potentialAction\":[{\"@type\":\"ReadAction\",\"target\":[\"https:\/\/pro-form.hu\/termekcsoportok\/bliszterek\/\"]}]},{\"@type\":\"ImageObject\",\"inLanguage\":\"en-US\",\"@id\":\"https:\/\/pro-form.hu\/termekcsoportok\/bliszterek\/#primaryimage\",\"url\":\"https:\/\/pro-form.hu\/wp-content\/uploads\/2025\/04\/bliszter_muanyag_gyartas_csomagolas_viztiszta_termekekkel.jpg\",\"contentUrl\":\"https:\/\/pro-form.hu\/wp-content\/uploads\/2025\/04\/bliszter_muanyag_gyartas_csomagolas_viztiszta_termekekkel.jpg\",\"width\":700,\"height\":450},{\"@type\":\"BreadcrumbList\",\"@id\":\"https:\/\/pro-form.hu\/termekcsoportok\/bliszterek\/#breadcrumb\",\"itemListElement\":[{\"@type\":\"ListItem\",\"position\":1,\"name\":\"Home\",\"item\":\"https:\/\/pro-form.hu\/\"},{\"@type\":\"ListItem\",\"position\":2,\"name\":\"Term\u00e9kcsoportok\",\"item\":\"https:\/\/pro-form.hu\/termekcsoportok\/\"},{\"@type\":\"ListItem\",\"position\":3,\"name\":\"Bliszterek\"}]},{\"@type\":\"WebSite\",\"@id\":\"https:\/\/pro-form.hu\/#website\",\"url\":\"https:\/\/pro-form.hu\/\",\"name\":\"Pro-Form - M\u0171anyagba form\u00e1zzuk \u00f6tleteit\",\"description\":\"Pr\u00e9sl\u00e9gform\u00e1z\u00e1ssal, v\u00e1kuumform\u00e1z\u00e1ssal, extrud\u00e1l\u00e1ssal, term\u00e9k- \u00e9s szersz\u00e1mfejleszt\u00e9ssel, fr\u00f6ccs\u00f6nt\u00e9ssel foglalkoz\u00f3 m\u0171anyagipari v\u00e1llalat.\",\"publisher\":{\"@id\":\"https:\/\/pro-form.hu\/#organization\"},\"potentialAction\":[{\"@type\":\"SearchAction\",\"target\":{\"@type\":\"EntryPoint\",\"urlTemplate\":\"https:\/\/pro-form.hu\/?s={search_term_string}\"},\"query-input\":\"required name=search_term_string\"}],\"inLanguage\":\"en-US\"},{\"@type\":\"Organization\",\"@id\":\"https:\/\/pro-form.hu\/#organization\",\"name\":\"Pro-Form Kft.\",\"url\":\"https:\/\/pro-form.hu\/\",\"logo\":{\"@type\":\"ImageObject\",\"inLanguage\":\"en-US\",\"@id\":\"https:\/\/pro-form.hu\/#\/schema\/logo\/image\/\",\"url\":\"http:\/\/pro-form.hu\/wp-content\/uploads\/2016\/05\/pro-form_HN.png\",\"contentUrl\":\"http:\/\/pro-form.hu\/wp-content\/uploads\/2016\/05\/pro-form_HN.png\",\"width\":281,\"height\":198,\"caption\":\"Pro-Form Kft.\"},\"image\":{\"@id\":\"https:\/\/pro-form.hu\/#\/schema\/logo\/image\/\"}}]}<\/script>\n<!-- \/ Yoast SEO plugin. -->","yoast_head_json":{"title":"[:hu]Bliszterek - Pro-Form - M\u0171anyagba form\u00e1zzuk \u00f6tleteit[:][:en]Blisters - Pro-Form - Your idea into our plastic[:][:de]Blisterpackungen - Pro-Form - Ihre Idee in unserem Kunststoff[:]","description":"[:hu]Kozmetikai,vegy-,aut\u00f3-,elektronikai ipar sz\u00e1m\u00e1ra m\u0171anyag,term\u00e9kek csomagol\u00e1s\u00e1t el\u0151seg\u00edt\u0151 bliszter gy\u00e1rt\u00e1ssal foglalkozunk.[:][:en]For cosmetic,chemical,automotive,electronic industry we deal with production of plastic blisters using by packaging.[:][:de]Wir produzieren plastike Blisterpackungen f\u00fcr kosmetike,chemische,auto,elektronike Industrien.[:]","robots":{"index":"index","follow":"follow","max-snippet":"max-snippet:-1","max-image-preview":"max-image-preview:large","max-video-preview":"max-video-preview:-1"},"canonical":"https:\/\/pro-form.hu\/termekcsoportok\/bliszterek\/","og_locale":"en_US","og_type":"article","og_title":"[:hu]Bliszterek - Pro-Form - M\u0171anyagba form\u00e1zzuk \u00f6tleteit[:][:en]Blisters - Pro-Form - Your idea into our plastic[:][:de]Blisterpackungen - Pro-Form - Ihre Idee in unserem Kunststoff[:]","og_description":"[:hu]Kozmetikai,vegy-,aut\u00f3-,elektronikai ipar sz\u00e1m\u00e1ra m\u0171anyag,term\u00e9kek csomagol\u00e1s\u00e1t el\u0151seg\u00edt\u0151 bliszter gy\u00e1rt\u00e1ssal foglalkozunk.[:][:en]For cosmetic,chemical,automotive,electronic industry we deal with production of plastic blisters using by packaging.[:][:de]Wir produzieren plastike Blisterpackungen f\u00fcr kosmetike,chemische,auto,elektronike Industrien.[:]","og_url":"https:\/\/pro-form.hu\/termekcsoportok\/bliszterek\/","og_site_name":"Pro-Form - M\u0171anyagba form\u00e1zzuk \u00f6tleteit","article_modified_time":"2025-04-17T11:50:34+00:00","og_image":[{"width":700,"height":450,"url":"https:\/\/pro-form.hu\/wp-content\/uploads\/2025\/04\/bliszter_muanyag_gyartas_csomagolas_viztiszta_termekekkel.jpg","type":"image\/jpeg"}],"twitter_card":"summary_large_image","twitter_misc":{"Est. reading time":"2 minutes"},"schema":{"@context":"https:\/\/schema.org","@graph":[{"@type":"WebPage","@id":"https:\/\/pro-form.hu\/termekcsoportok\/bliszterek\/","url":"https:\/\/pro-form.hu\/termekcsoportok\/bliszterek\/","name":"[:hu]Bliszterek - Pro-Form - M\u0171anyagba form\u00e1zzuk \u00f6tleteit[:][:en]Blisters - Pro-Form - Your idea into our plastic[:][:de]Blisterpackungen - Pro-Form - Ihre Idee in unserem Kunststoff[:]","isPartOf":{"@id":"https:\/\/pro-form.hu\/#website"},"primaryImageOfPage":{"@id":"https:\/\/pro-form.hu\/termekcsoportok\/bliszterek\/#primaryimage"},"image":{"@id":"https:\/\/pro-form.hu\/termekcsoportok\/bliszterek\/#primaryimage"},"thumbnailUrl":"https:\/\/pro-form.hu\/wp-content\/uploads\/2025\/04\/bliszter_muanyag_gyartas_csomagolas_viztiszta_termekekkel.jpg","datePublished":"2015-06-14T13:29:35+00:00","dateModified":"2025-04-17T11:50:34+00:00","description":"[:hu]Kozmetikai,vegy-,aut\u00f3-,elektronikai ipar sz\u00e1m\u00e1ra m\u0171anyag,term\u00e9kek csomagol\u00e1s\u00e1t el\u0151seg\u00edt\u0151 bliszter gy\u00e1rt\u00e1ssal foglalkozunk.[:][:en]For cosmetic,chemical,automotive,electronic industry we deal with production of plastic blisters using by packaging.[:][:de]Wir produzieren plastike Blisterpackungen f\u00fcr kosmetike,chemische,auto,elektronike Industrien.[:]","breadcrumb":{"@id":"https:\/\/pro-form.hu\/termekcsoportok\/bliszterek\/#breadcrumb"},"inLanguage":"en-US","potentialAction":[{"@type":"ReadAction","target":["https:\/\/pro-form.hu\/termekcsoportok\/bliszterek\/"]}]},{"@type":"ImageObject","inLanguage":"en-US","@id":"https:\/\/pro-form.hu\/termekcsoportok\/bliszterek\/#primaryimage","url":"https:\/\/pro-form.hu\/wp-content\/uploads\/2025\/04\/bliszter_muanyag_gyartas_csomagolas_viztiszta_termekekkel.jpg","contentUrl":"https:\/\/pro-form.hu\/wp-content\/uploads\/2025\/04\/bliszter_muanyag_gyartas_csomagolas_viztiszta_termekekkel.jpg","width":700,"height":450},{"@type":"BreadcrumbList","@id":"https:\/\/pro-form.hu\/termekcsoportok\/bliszterek\/#breadcrumb","itemListElement":[{"@type":"ListItem","position":1,"name":"Home","item":"https:\/\/pro-form.hu\/"},{"@type":"ListItem","position":2,"name":"Term\u00e9kcsoportok","item":"https:\/\/pro-form.hu\/termekcsoportok\/"},{"@type":"ListItem","position":3,"name":"Bliszterek"}]},{"@type":"WebSite","@id":"https:\/\/pro-form.hu\/#website","url":"https:\/\/pro-form.hu\/","name":"Pro-Form - M\u0171anyagba form\u00e1zzuk \u00f6tleteit","description":"Pr\u00e9sl\u00e9gform\u00e1z\u00e1ssal, v\u00e1kuumform\u00e1z\u00e1ssal, extrud\u00e1l\u00e1ssal, term\u00e9k- \u00e9s szersz\u00e1mfejleszt\u00e9ssel, fr\u00f6ccs\u00f6nt\u00e9ssel foglalkoz\u00f3 m\u0171anyagipari v\u00e1llalat.","publisher":{"@id":"https:\/\/pro-form.hu\/#organization"},"potentialAction":[{"@type":"SearchAction","target":{"@type":"EntryPoint","urlTemplate":"https:\/\/pro-form.hu\/?s={search_term_string}"},"query-input":"required name=search_term_string"}],"inLanguage":"en-US"},{"@type":"Organization","@id":"https:\/\/pro-form.hu\/#organization","name":"Pro-Form Kft.","url":"https:\/\/pro-form.hu\/","logo":{"@type":"ImageObject","inLanguage":"en-US","@id":"https:\/\/pro-form.hu\/#\/schema\/logo\/image\/","url":"http:\/\/pro-form.hu\/wp-content\/uploads\/2016\/05\/pro-form_HN.png","contentUrl":"http:\/\/pro-form.hu\/wp-content\/uploads\/2016\/05\/pro-form_HN.png","width":281,"height":198,"caption":"Pro-Form Kft."},"image":{"@id":"https:\/\/pro-form.hu\/#\/schema\/logo\/image\/"}}]}},"_links":{"self":[{"href":"https:\/\/pro-form.hu\/en\/wp-json\/wp\/v2\/pages\/131"}],"collection":[{"href":"https:\/\/pro-form.hu\/en\/wp-json\/wp\/v2\/pages"}],"about":[{"href":"https:\/\/pro-form.hu\/en\/wp-json\/wp\/v2\/types\/page"}],"author":[{"embeddable":true,"href":"https:\/\/pro-form.hu\/en\/wp-json\/wp\/v2\/users\/5"}],"replies":[{"embeddable":true,"href":"https:\/\/pro-form.hu\/en\/wp-json\/wp\/v2\/comments?post=131"}],"version-history":[{"count":15,"href":"https:\/\/pro-form.hu\/en\/wp-json\/wp\/v2\/pages\/131\/revisions"}],"predecessor-version":[{"id":3122,"href":"https:\/\/pro-form.hu\/en\/wp-json\/wp\/v2\/pages\/131\/revisions\/3122"}],"up":[{"embeddable":true,"href":"https:\/\/pro-form.hu\/en\/wp-json\/wp\/v2\/pages\/9"}],"wp:featuredmedia":[{"embeddable":true,"href":"https:\/\/pro-form.hu\/en\/wp-json\/wp\/v2\/media\/3227"}],"wp:attachment":[{"href":"https:\/\/pro-form.hu\/en\/wp-json\/wp\/v2\/media?parent=131"}],"curies":[{"name":"wp","href":"https:\/\/api.w.org\/{rel}","templated":true}]}}