{"id":970,"date":"2016-07-28T10:34:18","date_gmt":"2016-07-28T10:34:18","guid":{"rendered":"http:\/\/pro-form.hu\/?page_id=970"},"modified":"2025-08-19T11:48:14","modified_gmt":"2025-08-19T11:48:14","slug":"vakuumformen","status":"publish","type":"page","link":"https:\/\/pro-form.hu\/de\/technologien\/vakuumformen\/","title":{"rendered":"Vakuumformen"},"content":{"rendered":"<p><\/p>\n<p style=\"text-align: justify;\">Unter dem Begriff Vakuumformen verstehen wir die Technologie, die mit der gleichm\u00e4\u00dfigen Erw\u00e4rmung der Platte beginnt, die wir sp\u00e4ter formen. In der Regel diese Platten sind mehr als 1 mm dick. Nach der Erw\u00e4rmung fahren wir mit der Vordehnung fort. Mit dem Einsatz von Vakuum der es bildet, saugt das Blatt das Material auf das positive oder negative Werkzeug, wo das Produkt seine endg\u00fcltige Form nach entsprechender K\u00fchlung erh\u00e4lt.<\/p>\n<p style=\"text-align: justify;\">Die am h\u00e4ufigsten benutzten Werkstoffe sind\u00a0PS\u00a0und\u00a0ABS, aber mit Hilfe unserer zus\u00e4tzlichen Anlagen k\u00f6nnen wir auch andere, schwer vakuumformbare Stoffe verarbeiten, wie\u00a0PMMA, ABS-PMMA,\u00a0PET,\u00a0PVC,PC,\u00a0PE,\u00a0und\u00a0PP bis 6 mm Dicke. Die benutzten Platten sind in vielen F\u00e4llen individuell koloriert, koextrudiert, mit strukturierter Oberfl\u00e4che oder in einer der Eigenschaften modifiziert worden, zum Beispiel brandgehemmt oder antistatisiert. Um eine komplette Leistung anbieten zu k\u00f6nnen, fertigen wir auch die erforderlichen Produktionswerkzeuge zur Vakuumformung an und heutzutage erfolgt auch die Herstellung von diesen Vakuumformwerkzeugen in unserem Betrieb f\u00fcr Werkzeugherstellung mittels der CAD-CAM-Technologie, Computerkonstruktion und CNC-Zerspanung.<\/p>\n<p style=\"text-align: justify;\">In den meisten F\u00e4llen Produkte, die nach Vakuumformung nur halbfertige Produkte sind, werden durch unsere Bearbeitungszentren bearbeitet, um die endg\u00fcltige Form zu erreichen. Einer unserer <a href=\"https:\/\/pro-form.hu\/de\/technologien\/produkt-und-werkzeugentwicklung\/\">Bearbeitungszentren<\/a> ist eine 5-Achs-Maschine, die wir zur Bearbeitung komplexer, 3D-geformter Produkte mit hoher Pr\u00e4zision verwenden.<\/p>\n<p><\/p>","protected":false},"excerpt":{"rendered":"<p>Unter dem Begriff Vakuumformen verstehen wir die Technologie, die mit der gleichm\u00e4\u00dfigen Erw\u00e4rmung der Platte beginnt, die wir sp\u00e4ter formen. In der Regel diese Platten sind mehr als 1 mm dick. Nach der Erw\u00e4rmung fahren wir mit der Vordehnung fort. Mit dem Einsatz von Vakuum der es bildet, saugt das Blatt das Material auf das<\/p>\n","protected":false},"author":5,"featured_media":3212,"parent":7,"menu_order":20,"comment_status":"closed","ping_status":"closed","template":"page-termekcsoport-aloldal.php","meta":{"footnotes":""},"yoast_head":"<!-- This site is optimized with the Yoast SEO plugin v22.9 - https:\/\/yoast.com\/wordpress\/plugins\/seo\/ -->\n<title>Vakuumformen - Pro-Form - Ihre Idee in unserem Kunststoff<\/title>\n<meta name=\"description\" content=\"[:hu]A m\u0171anyag lemez melegalak\u00edt\u00e1si form\u00e1z\u00e1sa el\u0151ny\u00f6s logisztikai t\u00e1lc\u00e1k,POS term\u00e9kek gy\u00e1rt\u00e1s\u00e1hoz.[:][:en]The heatforming method of plastic sheet is advantageous for producing logistic trays,POS products.[:][:de]Die Thermoformen der Plastikplatten ist vorteilhaft f\u00fcr Produzierung der Logistik Tabletts,POS-Produkte.[:]\" \/>\n<meta name=\"robots\" content=\"index, follow, max-snippet:-1, max-image-preview:large, max-video-preview:-1\" \/>\n<link rel=\"canonical\" href=\"https:\/\/pro-form.hu\/technologiak\/vakuumformazas\/\" \/>\n<meta property=\"og:locale\" content=\"de_DE\" \/>\n<meta property=\"og:type\" content=\"article\" \/>\n<meta property=\"og:title\" content=\"[:hu]V\u00e1kuumform\u00e1z\u00e1s - Pro-Form - M\u0171anyagba form\u00e1zzuk \u00f6tleteit[:][:en]Vacuum forming - Pro-Form - Your idea into our plastic[:][:de]Vakuumformen - Pro-Form - Ihre Idee in unserem Kunststoff[:]\" \/>\n<meta property=\"og:description\" content=\"[:hu]A m\u0171anyag lemez melegalak\u00edt\u00e1si form\u00e1z\u00e1sa el\u0151ny\u00f6s logisztikai t\u00e1lc\u00e1k,POS term\u00e9kek gy\u00e1rt\u00e1s\u00e1hoz.[:][:en]The heatforming method of plastic sheet is advantageous for producing logistic trays,POS products.[:][:de]Die Thermoformen der Plastikplatten ist vorteilhaft f\u00fcr Produzierung der Logistik Tabletts,POS-Produkte.[:]\" \/>\n<meta property=\"og:url\" content=\"https:\/\/pro-form.hu\/technologiak\/vakuumformazas\/\" \/>\n<meta property=\"og:site_name\" content=\"Pro-Form - M\u0171anyagba form\u00e1zzuk \u00f6tleteit\" \/>\n<meta property=\"article:modified_time\" content=\"2025-08-19T11:48:14+00:00\" \/>\n<meta property=\"og:image\" content=\"https:\/\/pro-form.hu\/wp-content\/uploads\/2025\/04\/vakuumformazas_muanyag_fekete_piros_szurke_viztiszta_szinu_logisztikai_talcakkal.jpg\" \/>\n\t<meta property=\"og:image:width\" content=\"700\" \/>\n\t<meta property=\"og:image:height\" content=\"450\" \/>\n\t<meta property=\"og:image:type\" content=\"image\/jpeg\" \/>\n<meta name=\"twitter:card\" content=\"summary_large_image\" \/>\n<meta name=\"twitter:label1\" content=\"Gesch\u00e4tzte Lesezeit\" \/>\n\t<meta name=\"twitter:data1\" content=\"3\u00a0Minuten\" \/>\n<script type=\"application\/ld+json\" class=\"yoast-schema-graph\">{\"@context\":\"https:\/\/schema.org\",\"@graph\":[{\"@type\":\"WebPage\",\"@id\":\"https:\/\/pro-form.hu\/technologiak\/vakuumformazas\/\",\"url\":\"https:\/\/pro-form.hu\/technologiak\/vakuumformazas\/\",\"name\":\"[:hu]V\u00e1kuumform\u00e1z\u00e1s - Pro-Form - M\u0171anyagba form\u00e1zzuk \u00f6tleteit[:][:en]Vacuum forming - Pro-Form - Your idea into our plastic[:][:de]Vakuumformen - Pro-Form - Ihre Idee in unserem Kunststoff[:]\",\"isPartOf\":{\"@id\":\"https:\/\/pro-form.hu\/#website\"},\"primaryImageOfPage\":{\"@id\":\"https:\/\/pro-form.hu\/technologiak\/vakuumformazas\/#primaryimage\"},\"image\":{\"@id\":\"https:\/\/pro-form.hu\/technologiak\/vakuumformazas\/#primaryimage\"},\"thumbnailUrl\":\"https:\/\/pro-form.hu\/wp-content\/uploads\/2025\/04\/vakuumformazas_muanyag_fekete_piros_szurke_viztiszta_szinu_logisztikai_talcakkal.jpg\",\"datePublished\":\"2016-07-28T10:34:18+00:00\",\"dateModified\":\"2025-08-19T11:48:14+00:00\",\"description\":\"[:hu]A m\u0171anyag lemez melegalak\u00edt\u00e1si form\u00e1z\u00e1sa el\u0151ny\u00f6s logisztikai t\u00e1lc\u00e1k,POS term\u00e9kek gy\u00e1rt\u00e1s\u00e1hoz.[:][:en]The heatforming method of plastic sheet is advantageous for producing logistic trays,POS products.[:][:de]Die Thermoformen der Plastikplatten ist vorteilhaft f\u00fcr Produzierung der Logistik Tabletts,POS-Produkte.[:]\",\"breadcrumb\":{\"@id\":\"https:\/\/pro-form.hu\/technologiak\/vakuumformazas\/#breadcrumb\"},\"inLanguage\":\"de\",\"potentialAction\":[{\"@type\":\"ReadAction\",\"target\":[\"https:\/\/pro-form.hu\/technologiak\/vakuumformazas\/\"]}]},{\"@type\":\"ImageObject\",\"inLanguage\":\"de\",\"@id\":\"https:\/\/pro-form.hu\/technologiak\/vakuumformazas\/#primaryimage\",\"url\":\"https:\/\/pro-form.hu\/wp-content\/uploads\/2025\/04\/vakuumformazas_muanyag_fekete_piros_szurke_viztiszta_szinu_logisztikai_talcakkal.jpg\",\"contentUrl\":\"https:\/\/pro-form.hu\/wp-content\/uploads\/2025\/04\/vakuumformazas_muanyag_fekete_piros_szurke_viztiszta_szinu_logisztikai_talcakkal.jpg\",\"width\":700,\"height\":450},{\"@type\":\"BreadcrumbList\",\"@id\":\"https:\/\/pro-form.hu\/technologiak\/vakuumformazas\/#breadcrumb\",\"itemListElement\":[{\"@type\":\"ListItem\",\"position\":1,\"name\":\"Home\",\"item\":\"https:\/\/pro-form.hu\/\"},{\"@type\":\"ListItem\",\"position\":2,\"name\":\"Technol\u00f3gi\u00e1k\",\"item\":\"https:\/\/pro-form.hu\/technologiak\/\"},{\"@type\":\"ListItem\",\"position\":3,\"name\":\"V\u00e1kuumform\u00e1z\u00e1s\"}]},{\"@type\":\"WebSite\",\"@id\":\"https:\/\/pro-form.hu\/#website\",\"url\":\"https:\/\/pro-form.hu\/\",\"name\":\"Pro-Form - M\u0171anyagba form\u00e1zzuk \u00f6tleteit\",\"description\":\"Pr\u00e9sl\u00e9gform\u00e1z\u00e1ssal, v\u00e1kuumform\u00e1z\u00e1ssal, extrud\u00e1l\u00e1ssal, term\u00e9k- \u00e9s szersz\u00e1mfejleszt\u00e9ssel, fr\u00f6ccs\u00f6nt\u00e9ssel foglalkoz\u00f3 m\u0171anyagipari v\u00e1llalat.\",\"publisher\":{\"@id\":\"https:\/\/pro-form.hu\/#organization\"},\"potentialAction\":[{\"@type\":\"SearchAction\",\"target\":{\"@type\":\"EntryPoint\",\"urlTemplate\":\"https:\/\/pro-form.hu\/?s={search_term_string}\"},\"query-input\":\"required name=search_term_string\"}],\"inLanguage\":\"de\"},{\"@type\":\"Organization\",\"@id\":\"https:\/\/pro-form.hu\/#organization\",\"name\":\"Pro-Form Kft.\",\"url\":\"https:\/\/pro-form.hu\/\",\"logo\":{\"@type\":\"ImageObject\",\"inLanguage\":\"de\",\"@id\":\"https:\/\/pro-form.hu\/#\/schema\/logo\/image\/\",\"url\":\"http:\/\/pro-form.hu\/wp-content\/uploads\/2016\/05\/pro-form_HN.png\",\"contentUrl\":\"http:\/\/pro-form.hu\/wp-content\/uploads\/2016\/05\/pro-form_HN.png\",\"width\":281,\"height\":198,\"caption\":\"Pro-Form Kft.\"},\"image\":{\"@id\":\"https:\/\/pro-form.hu\/#\/schema\/logo\/image\/\"}}]}<\/script>\n<!-- \/ Yoast SEO plugin. -->","yoast_head_json":{"title":"[:hu]V\u00e1kuumform\u00e1z\u00e1s - Pro-Form - M\u0171anyagba form\u00e1zzuk \u00f6tleteit[:][:en]Vacuum forming - Pro-Form - Your idea into our plastic[:][:de]Vakuumformen - Pro-Form - Ihre Idee in unserem Kunststoff[:]","description":"[:hu]A m\u0171anyag lemez melegalak\u00edt\u00e1si form\u00e1z\u00e1sa el\u0151ny\u00f6s logisztikai t\u00e1lc\u00e1k,POS term\u00e9kek gy\u00e1rt\u00e1s\u00e1hoz.[:][:en]The heatforming method of plastic sheet is advantageous for producing logistic trays,POS products.[:][:de]Die Thermoformen der Plastikplatten ist vorteilhaft f\u00fcr Produzierung der Logistik Tabletts,POS-Produkte.[:]","robots":{"index":"index","follow":"follow","max-snippet":"max-snippet:-1","max-image-preview":"max-image-preview:large","max-video-preview":"max-video-preview:-1"},"canonical":"https:\/\/pro-form.hu\/technologiak\/vakuumformazas\/","og_locale":"de_DE","og_type":"article","og_title":"[:hu]V\u00e1kuumform\u00e1z\u00e1s - Pro-Form - M\u0171anyagba form\u00e1zzuk \u00f6tleteit[:][:en]Vacuum forming - Pro-Form - Your idea into our plastic[:][:de]Vakuumformen - Pro-Form - Ihre Idee in unserem Kunststoff[:]","og_description":"[:hu]A m\u0171anyag lemez melegalak\u00edt\u00e1si form\u00e1z\u00e1sa el\u0151ny\u00f6s logisztikai t\u00e1lc\u00e1k,POS term\u00e9kek gy\u00e1rt\u00e1s\u00e1hoz.[:][:en]The heatforming method of plastic sheet is advantageous for producing logistic trays,POS products.[:][:de]Die Thermoformen der Plastikplatten ist vorteilhaft f\u00fcr Produzierung der Logistik Tabletts,POS-Produkte.[:]","og_url":"https:\/\/pro-form.hu\/technologiak\/vakuumformazas\/","og_site_name":"Pro-Form - M\u0171anyagba form\u00e1zzuk \u00f6tleteit","article_modified_time":"2025-08-19T11:48:14+00:00","og_image":[{"width":700,"height":450,"url":"https:\/\/pro-form.hu\/wp-content\/uploads\/2025\/04\/vakuumformazas_muanyag_fekete_piros_szurke_viztiszta_szinu_logisztikai_talcakkal.jpg","type":"image\/jpeg"}],"twitter_card":"summary_large_image","twitter_misc":{"Gesch\u00e4tzte Lesezeit":"3\u00a0Minuten"},"schema":{"@context":"https:\/\/schema.org","@graph":[{"@type":"WebPage","@id":"https:\/\/pro-form.hu\/technologiak\/vakuumformazas\/","url":"https:\/\/pro-form.hu\/technologiak\/vakuumformazas\/","name":"[:hu]V\u00e1kuumform\u00e1z\u00e1s - Pro-Form - M\u0171anyagba form\u00e1zzuk \u00f6tleteit[:][:en]Vacuum forming - Pro-Form - Your idea into our plastic[:][:de]Vakuumformen - Pro-Form - Ihre Idee in unserem Kunststoff[:]","isPartOf":{"@id":"https:\/\/pro-form.hu\/#website"},"primaryImageOfPage":{"@id":"https:\/\/pro-form.hu\/technologiak\/vakuumformazas\/#primaryimage"},"image":{"@id":"https:\/\/pro-form.hu\/technologiak\/vakuumformazas\/#primaryimage"},"thumbnailUrl":"https:\/\/pro-form.hu\/wp-content\/uploads\/2025\/04\/vakuumformazas_muanyag_fekete_piros_szurke_viztiszta_szinu_logisztikai_talcakkal.jpg","datePublished":"2016-07-28T10:34:18+00:00","dateModified":"2025-08-19T11:48:14+00:00","description":"[:hu]A m\u0171anyag lemez melegalak\u00edt\u00e1si form\u00e1z\u00e1sa el\u0151ny\u00f6s logisztikai t\u00e1lc\u00e1k,POS term\u00e9kek gy\u00e1rt\u00e1s\u00e1hoz.[:][:en]The heatforming method of plastic sheet is advantageous for producing logistic trays,POS products.[:][:de]Die Thermoformen der Plastikplatten ist vorteilhaft f\u00fcr Produzierung der Logistik Tabletts,POS-Produkte.[:]","breadcrumb":{"@id":"https:\/\/pro-form.hu\/technologiak\/vakuumformazas\/#breadcrumb"},"inLanguage":"de","potentialAction":[{"@type":"ReadAction","target":["https:\/\/pro-form.hu\/technologiak\/vakuumformazas\/"]}]},{"@type":"ImageObject","inLanguage":"de","@id":"https:\/\/pro-form.hu\/technologiak\/vakuumformazas\/#primaryimage","url":"https:\/\/pro-form.hu\/wp-content\/uploads\/2025\/04\/vakuumformazas_muanyag_fekete_piros_szurke_viztiszta_szinu_logisztikai_talcakkal.jpg","contentUrl":"https:\/\/pro-form.hu\/wp-content\/uploads\/2025\/04\/vakuumformazas_muanyag_fekete_piros_szurke_viztiszta_szinu_logisztikai_talcakkal.jpg","width":700,"height":450},{"@type":"BreadcrumbList","@id":"https:\/\/pro-form.hu\/technologiak\/vakuumformazas\/#breadcrumb","itemListElement":[{"@type":"ListItem","position":1,"name":"Home","item":"https:\/\/pro-form.hu\/"},{"@type":"ListItem","position":2,"name":"Technol\u00f3gi\u00e1k","item":"https:\/\/pro-form.hu\/technologiak\/"},{"@type":"ListItem","position":3,"name":"V\u00e1kuumform\u00e1z\u00e1s"}]},{"@type":"WebSite","@id":"https:\/\/pro-form.hu\/#website","url":"https:\/\/pro-form.hu\/","name":"Pro-Form - M\u0171anyagba form\u00e1zzuk \u00f6tleteit","description":"Pr\u00e9sl\u00e9gform\u00e1z\u00e1ssal, v\u00e1kuumform\u00e1z\u00e1ssal, extrud\u00e1l\u00e1ssal, term\u00e9k- \u00e9s szersz\u00e1mfejleszt\u00e9ssel, fr\u00f6ccs\u00f6nt\u00e9ssel foglalkoz\u00f3 m\u0171anyagipari v\u00e1llalat.","publisher":{"@id":"https:\/\/pro-form.hu\/#organization"},"potentialAction":[{"@type":"SearchAction","target":{"@type":"EntryPoint","urlTemplate":"https:\/\/pro-form.hu\/?s={search_term_string}"},"query-input":"required name=search_term_string"}],"inLanguage":"de"},{"@type":"Organization","@id":"https:\/\/pro-form.hu\/#organization","name":"Pro-Form Kft.","url":"https:\/\/pro-form.hu\/","logo":{"@type":"ImageObject","inLanguage":"de","@id":"https:\/\/pro-form.hu\/#\/schema\/logo\/image\/","url":"http:\/\/pro-form.hu\/wp-content\/uploads\/2016\/05\/pro-form_HN.png","contentUrl":"http:\/\/pro-form.hu\/wp-content\/uploads\/2016\/05\/pro-form_HN.png","width":281,"height":198,"caption":"Pro-Form Kft."},"image":{"@id":"https:\/\/pro-form.hu\/#\/schema\/logo\/image\/"}}]}},"_links":{"self":[{"href":"https:\/\/pro-form.hu\/de\/wp-json\/wp\/v2\/pages\/970"}],"collection":[{"href":"https:\/\/pro-form.hu\/de\/wp-json\/wp\/v2\/pages"}],"about":[{"href":"https:\/\/pro-form.hu\/de\/wp-json\/wp\/v2\/types\/page"}],"author":[{"embeddable":true,"href":"https:\/\/pro-form.hu\/de\/wp-json\/wp\/v2\/users\/5"}],"replies":[{"embeddable":true,"href":"https:\/\/pro-form.hu\/de\/wp-json\/wp\/v2\/comments?post=970"}],"version-history":[{"count":26,"href":"https:\/\/pro-form.hu\/de\/wp-json\/wp\/v2\/pages\/970\/revisions"}],"predecessor-version":[{"id":3284,"href":"https:\/\/pro-form.hu\/de\/wp-json\/wp\/v2\/pages\/970\/revisions\/3284"}],"up":[{"embeddable":true,"href":"https:\/\/pro-form.hu\/de\/wp-json\/wp\/v2\/pages\/7"}],"wp:featuredmedia":[{"embeddable":true,"href":"https:\/\/pro-form.hu\/de\/wp-json\/wp\/v2\/media\/3212"}],"wp:attachment":[{"href":"https:\/\/pro-form.hu\/de\/wp-json\/wp\/v2\/media?parent=970"}],"curies":[{"name":"wp","href":"https:\/\/api.w.org\/{rel}","templated":true}]}}