{"id":941,"date":"2016-07-26T13:51:30","date_gmt":"2016-07-26T13:51:30","guid":{"rendered":"http:\/\/pro-form.hu\/?page_id=941"},"modified":"2018-10-11T11:05:30","modified_gmt":"2018-10-11T11:05:30","slug":"adatvedelem","status":"publish","type":"page","link":"https:\/\/pro-form.hu\/de\/datenschutzerklarung\/","title":{"rendered":"Datenschutzerkl\u00e4rung"},"content":{"rendered":"<p>bald&#8230;<\/p>","protected":false},"excerpt":{"rendered":"<p>bald&#8230;<\/p>\n","protected":false},"author":5,"featured_media":0,"parent":0,"menu_order":29,"comment_status":"closed","ping_status":"closed","template":"page-2col.php","meta":{"footnotes":""},"yoast_head":"<!-- This site is optimized with the Yoast SEO plugin v22.9 - https:\/\/yoast.com\/wordpress\/plugins\/seo\/ -->\n<title>Datenschutzerkl\u00e4rung - Pro-Form - M\u0171anyagba form\u00e1zzuk \u00f6tleteit<\/title>\n<meta name=\"robots\" content=\"index, follow, max-snippet:-1, max-image-preview:large, max-video-preview:-1\" \/>\n<link rel=\"canonical\" href=\"https:\/\/pro-form.hu\/adatvedelem\/\" \/>\n<meta property=\"og:locale\" content=\"de_DE\" \/>\n<meta property=\"og:type\" content=\"article\" \/>\n<meta property=\"og:title\" content=\"[:hu]Adatv\u00e9delem[:en]Privacy Policy[:de]Datenschutzerkl\u00e4rung[:] - Pro-Form - M\u0171anyagba form\u00e1zzuk \u00f6tleteit\" \/>\n<meta property=\"og:description\" content=\"bald&#8230;\" \/>\n<meta property=\"og:url\" content=\"https:\/\/pro-form.hu\/adatvedelem\/\" \/>\n<meta property=\"og:site_name\" content=\"Pro-Form - M\u0171anyagba form\u00e1zzuk \u00f6tleteit\" \/>\n<meta property=\"article:modified_time\" content=\"2018-10-11T11:05:30+00:00\" \/>\n<meta property=\"og:image\" content=\"https:\/\/pro-form.hu\/wp-content\/uploads\/2016\/05\/proform_weboldal.png\" \/>\n\t<meta property=\"og:image:width\" content=\"1308\" \/>\n\t<meta property=\"og:image:height\" content=\"634\" \/>\n\t<meta property=\"og:image:type\" content=\"image\/png\" \/>\n<meta name=\"twitter:card\" content=\"summary_large_image\" \/>\n<meta name=\"twitter:label1\" content=\"Gesch\u00e4tzte Lesezeit\" \/>\n\t<meta name=\"twitter:data1\" content=\"34\u00a0Minuten\" \/>\n<script type=\"application\/ld+json\" class=\"yoast-schema-graph\">{\"@context\":\"https:\/\/schema.org\",\"@graph\":[{\"@type\":\"WebPage\",\"@id\":\"https:\/\/pro-form.hu\/adatvedelem\/\",\"url\":\"https:\/\/pro-form.hu\/adatvedelem\/\",\"name\":\"[:hu]Adatv\u00e9delem[:en]Privacy Policy[:de]Datenschutzerkl\u00e4rung[:] - Pro-Form - M\u0171anyagba form\u00e1zzuk \u00f6tleteit\",\"isPartOf\":{\"@id\":\"https:\/\/pro-form.hu\/#website\"},\"datePublished\":\"2016-07-26T13:51:30+00:00\",\"dateModified\":\"2018-10-11T11:05:30+00:00\",\"breadcrumb\":{\"@id\":\"https:\/\/pro-form.hu\/adatvedelem\/#breadcrumb\"},\"inLanguage\":\"de\",\"potentialAction\":[{\"@type\":\"ReadAction\",\"target\":[\"https:\/\/pro-form.hu\/adatvedelem\/\"]}]},{\"@type\":\"BreadcrumbList\",\"@id\":\"https:\/\/pro-form.hu\/adatvedelem\/#breadcrumb\",\"itemListElement\":[{\"@type\":\"ListItem\",\"position\":1,\"name\":\"Home\",\"item\":\"https:\/\/pro-form.hu\/\"},{\"@type\":\"ListItem\",\"position\":2,\"name\":\"Adatv\u00e9delem\"}]},{\"@type\":\"WebSite\",\"@id\":\"https:\/\/pro-form.hu\/#website\",\"url\":\"https:\/\/pro-form.hu\/\",\"name\":\"Pro-Form - M\u0171anyagba form\u00e1zzuk \u00f6tleteit\",\"description\":\"Pr\u00e9sl\u00e9gform\u00e1z\u00e1ssal, v\u00e1kuumform\u00e1z\u00e1ssal, extrud\u00e1l\u00e1ssal, term\u00e9k- \u00e9s szersz\u00e1mfejleszt\u00e9ssel, fr\u00f6ccs\u00f6nt\u00e9ssel foglalkoz\u00f3 m\u0171anyagipari v\u00e1llalat.\",\"publisher\":{\"@id\":\"https:\/\/pro-form.hu\/#organization\"},\"potentialAction\":[{\"@type\":\"SearchAction\",\"target\":{\"@type\":\"EntryPoint\",\"urlTemplate\":\"https:\/\/pro-form.hu\/?s={search_term_string}\"},\"query-input\":\"required name=search_term_string\"}],\"inLanguage\":\"de\"},{\"@type\":\"Organization\",\"@id\":\"https:\/\/pro-form.hu\/#organization\",\"name\":\"Pro-Form Kft.\",\"url\":\"https:\/\/pro-form.hu\/\",\"logo\":{\"@type\":\"ImageObject\",\"inLanguage\":\"de\",\"@id\":\"https:\/\/pro-form.hu\/#\/schema\/logo\/image\/\",\"url\":\"http:\/\/pro-form.hu\/wp-content\/uploads\/2016\/05\/pro-form_HN.png\",\"contentUrl\":\"http:\/\/pro-form.hu\/wp-content\/uploads\/2016\/05\/pro-form_HN.png\",\"width\":281,\"height\":198,\"caption\":\"Pro-Form Kft.\"},\"image\":{\"@id\":\"https:\/\/pro-form.hu\/#\/schema\/logo\/image\/\"}}]}<\/script>\n<!-- \/ Yoast SEO plugin. -->","yoast_head_json":{"title":"[:hu]Adatv\u00e9delem[:en]Privacy Policy[:de]Datenschutzerkl\u00e4rung[:] - Pro-Form - M\u0171anyagba form\u00e1zzuk \u00f6tleteit","robots":{"index":"index","follow":"follow","max-snippet":"max-snippet:-1","max-image-preview":"max-image-preview:large","max-video-preview":"max-video-preview:-1"},"canonical":"https:\/\/pro-form.hu\/adatvedelem\/","og_locale":"de_DE","og_type":"article","og_title":"[:hu]Adatv\u00e9delem[:en]Privacy Policy[:de]Datenschutzerkl\u00e4rung[:] - Pro-Form - M\u0171anyagba form\u00e1zzuk \u00f6tleteit","og_description":"bald&#8230;","og_url":"https:\/\/pro-form.hu\/adatvedelem\/","og_site_name":"Pro-Form - M\u0171anyagba form\u00e1zzuk \u00f6tleteit","article_modified_time":"2018-10-11T11:05:30+00:00","og_image":[{"width":1308,"height":634,"url":"https:\/\/pro-form.hu\/wp-content\/uploads\/2016\/05\/proform_weboldal.png","type":"image\/png"}],"twitter_card":"summary_large_image","twitter_misc":{"Gesch\u00e4tzte Lesezeit":"34\u00a0Minuten"},"schema":{"@context":"https:\/\/schema.org","@graph":[{"@type":"WebPage","@id":"https:\/\/pro-form.hu\/adatvedelem\/","url":"https:\/\/pro-form.hu\/adatvedelem\/","name":"[:hu]Adatv\u00e9delem[:en]Privacy Policy[:de]Datenschutzerkl\u00e4rung[:] - Pro-Form - M\u0171anyagba form\u00e1zzuk \u00f6tleteit","isPartOf":{"@id":"https:\/\/pro-form.hu\/#website"},"datePublished":"2016-07-26T13:51:30+00:00","dateModified":"2018-10-11T11:05:30+00:00","breadcrumb":{"@id":"https:\/\/pro-form.hu\/adatvedelem\/#breadcrumb"},"inLanguage":"de","potentialAction":[{"@type":"ReadAction","target":["https:\/\/pro-form.hu\/adatvedelem\/"]}]},{"@type":"BreadcrumbList","@id":"https:\/\/pro-form.hu\/adatvedelem\/#breadcrumb","itemListElement":[{"@type":"ListItem","position":1,"name":"Home","item":"https:\/\/pro-form.hu\/"},{"@type":"ListItem","position":2,"name":"Adatv\u00e9delem"}]},{"@type":"WebSite","@id":"https:\/\/pro-form.hu\/#website","url":"https:\/\/pro-form.hu\/","name":"Pro-Form - M\u0171anyagba form\u00e1zzuk \u00f6tleteit","description":"Pr\u00e9sl\u00e9gform\u00e1z\u00e1ssal, v\u00e1kuumform\u00e1z\u00e1ssal, extrud\u00e1l\u00e1ssal, term\u00e9k- \u00e9s szersz\u00e1mfejleszt\u00e9ssel, fr\u00f6ccs\u00f6nt\u00e9ssel foglalkoz\u00f3 m\u0171anyagipari v\u00e1llalat.","publisher":{"@id":"https:\/\/pro-form.hu\/#organization"},"potentialAction":[{"@type":"SearchAction","target":{"@type":"EntryPoint","urlTemplate":"https:\/\/pro-form.hu\/?s={search_term_string}"},"query-input":"required name=search_term_string"}],"inLanguage":"de"},{"@type":"Organization","@id":"https:\/\/pro-form.hu\/#organization","name":"Pro-Form Kft.","url":"https:\/\/pro-form.hu\/","logo":{"@type":"ImageObject","inLanguage":"de","@id":"https:\/\/pro-form.hu\/#\/schema\/logo\/image\/","url":"http:\/\/pro-form.hu\/wp-content\/uploads\/2016\/05\/pro-form_HN.png","contentUrl":"http:\/\/pro-form.hu\/wp-content\/uploads\/2016\/05\/pro-form_HN.png","width":281,"height":198,"caption":"Pro-Form Kft."},"image":{"@id":"https:\/\/pro-form.hu\/#\/schema\/logo\/image\/"}}]}},"_links":{"self":[{"href":"https:\/\/pro-form.hu\/de\/wp-json\/wp\/v2\/pages\/941"}],"collection":[{"href":"https:\/\/pro-form.hu\/de\/wp-json\/wp\/v2\/pages"}],"about":[{"href":"https:\/\/pro-form.hu\/de\/wp-json\/wp\/v2\/types\/page"}],"author":[{"embeddable":true,"href":"https:\/\/pro-form.hu\/de\/wp-json\/wp\/v2\/users\/5"}],"replies":[{"embeddable":true,"href":"https:\/\/pro-form.hu\/de\/wp-json\/wp\/v2\/comments?post=941"}],"version-history":[{"count":39,"href":"https:\/\/pro-form.hu\/de\/wp-json\/wp\/v2\/pages\/941\/revisions"}],"predecessor-version":[{"id":2596,"href":"https:\/\/pro-form.hu\/de\/wp-json\/wp\/v2\/pages\/941\/revisions\/2596"}],"wp:attachment":[{"href":"https:\/\/pro-form.hu\/de\/wp-json\/wp\/v2\/media?parent=941"}],"curies":[{"name":"wp","href":"https:\/\/api.w.org\/{rel}","templated":true}]}}