{"id":1849,"date":"2025-11-21T14:58:38","date_gmt":"2025-11-21T13:58:38","guid":{"rendered":"https:\/\/pro-form.hu\/imprint\/"},"modified":"2026-04-08T14:46:20","modified_gmt":"2026-04-08T12:46:20","slug":"impressum","status":"publish","type":"page","link":"https:\/\/pro-form.hu\/de\/impressum\/","title":{"rendered":"Impressum"},"content":{"rendered":"<p><strong>Kontakt der Betrieber:<\/strong><\/p>\n<p>Pro-Form Industrie und Handel GmbH. (Pro-Form GmbH.)<\/p>\n<ul>\n<li>Sitz der Gesellshaft: Teve Strasse\u00a060., H-1139 Budapest, Ungarn<\/li>\n<li>Zentrale Lage und Postanschrift: Ady Endre Strasse\u00a02., H-2233 Ecser<\/li>\n<li>Lagerbasis: Szondi Strasse\u00a06., H-8132 Leps\u00e9ny<\/li>\n<li>Telefonummer: + 36 1 339 68 41<\/li>\n<li>Faxnummer: +36 1 330 53 01<\/li>\n<li>E-mail:\u00a0<a href=\"mailto:info@pro-form.hu\">info@pro-form.hu<\/a><\/li>\n<li>UID-Nummer: 10671203-2-41<\/li>\n<li>EU UID Nummer: HU10671203<\/li>\n<li>Registernummer: 01-09-161573<\/li>\n<\/ul>\n<p><strong>Die Hosting-Anbieterdaten:<\/strong><\/p>\n<ul>\n<li>Name: T\u00e1rhely.Eu Szolg\u00e1ltat\u00f3 Kft.<\/li>\n<li>Telefonnummer:\u00a0 <a href=\"tel:+36 1 789-2-789\">+36 1 789-2-789<\/a><\/li>\n<li>Postanschrift: Visegr\u00e1di Strasse\u00a080\/A., Budapest, XIII. Region<\/li>\n<li>Email:\u00a0<a href=\"mailto:support@tarhely.eu\">support@tarhely.eu<\/a><\/li>\n<\/ul>\n","protected":false},"excerpt":{"rendered":"<p>Kontakt der Betrieber: Pro-Form Industrie und Handel GmbH. (Pro-Form GmbH.) Sitz der Gesellshaft: Teve Strasse\u00a060., H-1139 Budapest, Ungarn Zentrale Lage und Postanschrift: Ady Endre Strasse\u00a02., H-2233 Ecser Lagerbasis: Szondi Strasse\u00a06., H-8132 Leps\u00e9ny Telefonummer: + 36 1 339 68 41 Faxnummer: +36 1 330 53 01 E-mail:\u00a0info@pro-form.hu UID-Nummer: 10671203-2-41 EU UID Nummer: HU10671203 Registernummer: 01-09-161573 Die [&hellip;]<\/p>\n","protected":false},"author":1,"featured_media":0,"parent":0,"menu_order":0,"comment_status":"closed","ping_status":"closed","template":"","meta":{"_acf_changed":false,"footnotes":""},"class_list":["post-1849","page","type-page","status-publish","hentry"],"acf":[],"yoast_head":"<!-- This site is optimized with the Yoast SEO Premium plugin v27.4 (Yoast SEO v27.4) - https:\/\/yoast.com\/product\/yoast-seo-premium-wordpress\/ -->\n<title>Impressum - Pro-Form<\/title>\n<meta name=\"robots\" content=\"index, follow, max-snippet:-1, max-image-preview:large, max-video-preview:-1\" \/>\n<link rel=\"canonical\" href=\"https:\/\/pro-form.hu\/de\/impressum\/\" \/>\n<meta property=\"og:locale\" content=\"de_DE\" \/>\n<meta property=\"og:type\" content=\"article\" \/>\n<meta property=\"og:title\" content=\"Impressum\" \/>\n<meta property=\"og:description\" content=\"Kontakt der Betrieber: Pro-Form Industrie und Handel GmbH. (Pro-Form GmbH.) Sitz der Gesellshaft: Teve Strasse\u00a060., H-1139 Budapest, Ungarn Zentrale Lage und Postanschrift: Ady Endre Strasse\u00a02., H-2233 Ecser Lagerbasis: Szondi Strasse\u00a06., H-8132 Leps\u00e9ny Telefonummer: + 36 1 339 68 41 Faxnummer: +36 1 330 53 01 E-mail:\u00a0info@pro-form.hu UID-Nummer: 10671203-2-41 EU UID Nummer: HU10671203 Registernummer: 01-09-161573 Die [&hellip;]\" \/>\n<meta property=\"og:url\" content=\"https:\/\/pro-form.hu\/de\/impressum\/\" \/>\n<meta property=\"og:site_name\" content=\"Pro-Form\" \/>\n<meta property=\"article:modified_time\" content=\"2026-04-08T12:46:20+00:00\" \/>\n<meta name=\"twitter:card\" content=\"summary_large_image\" \/>\n<meta name=\"twitter:label1\" content=\"Gesch\u00e4tzte Lesezeit\" \/>\n\t<meta name=\"twitter:data1\" content=\"1\u00a0Minute\" \/>\n<script type=\"application\/ld+json\" class=\"yoast-schema-graph\">{\"@context\":\"https:\\\/\\\/schema.org\",\"@graph\":[{\"@type\":\"WebPage\",\"@id\":\"https:\\\/\\\/pro-form.hu\\\/de\\\/impressum\\\/\",\"url\":\"https:\\\/\\\/pro-form.hu\\\/de\\\/impressum\\\/\",\"name\":\"Impressum - Pro-Form\",\"isPartOf\":{\"@id\":\"https:\\\/\\\/pro-form.hu\\\/de\\\/#website\"},\"datePublished\":\"2025-11-21T13:58:38+00:00\",\"dateModified\":\"2026-04-08T12:46:20+00:00\",\"breadcrumb\":{\"@id\":\"https:\\\/\\\/pro-form.hu\\\/de\\\/impressum\\\/#breadcrumb\"},\"inLanguage\":\"de\",\"potentialAction\":[{\"@type\":\"ReadAction\",\"target\":[\"https:\\\/\\\/pro-form.hu\\\/de\\\/impressum\\\/\"]}]},{\"@type\":\"BreadcrumbList\",\"@id\":\"https:\\\/\\\/pro-form.hu\\\/de\\\/impressum\\\/#breadcrumb\",\"itemListElement\":[{\"@type\":\"ListItem\",\"position\":1,\"name\":\"Kezd\u0151lap\",\"item\":\"https:\\\/\\\/pro-form.hu\\\/de\\\/\"},{\"@type\":\"ListItem\",\"position\":2,\"name\":\"Impressum\"}]},{\"@type\":\"WebSite\",\"@id\":\"https:\\\/\\\/pro-form.hu\\\/de\\\/#website\",\"url\":\"https:\\\/\\\/pro-form.hu\\\/de\\\/\",\"name\":\"Pro-Form\",\"description\":\"\",\"potentialAction\":[{\"@type\":\"SearchAction\",\"target\":{\"@type\":\"EntryPoint\",\"urlTemplate\":\"https:\\\/\\\/pro-form.hu\\\/de\\\/?s={search_term_string}\"},\"query-input\":{\"@type\":\"PropertyValueSpecification\",\"valueRequired\":true,\"valueName\":\"search_term_string\"}}],\"inLanguage\":\"de\"}]}<\/script>\n<!-- \/ Yoast SEO Premium plugin. -->","yoast_head_json":{"title":"Impressum - Pro-Form","robots":{"index":"index","follow":"follow","max-snippet":"max-snippet:-1","max-image-preview":"max-image-preview:large","max-video-preview":"max-video-preview:-1"},"canonical":"https:\/\/pro-form.hu\/de\/impressum\/","og_locale":"de_DE","og_type":"article","og_title":"Impressum","og_description":"Kontakt der Betrieber: Pro-Form Industrie und Handel GmbH. (Pro-Form GmbH.) Sitz der Gesellshaft: Teve Strasse\u00a060., H-1139 Budapest, Ungarn Zentrale Lage und Postanschrift: Ady Endre Strasse\u00a02., H-2233 Ecser Lagerbasis: Szondi Strasse\u00a06., H-8132 Leps\u00e9ny Telefonummer: + 36 1 339 68 41 Faxnummer: +36 1 330 53 01 E-mail:\u00a0info@pro-form.hu UID-Nummer: 10671203-2-41 EU UID Nummer: HU10671203 Registernummer: 01-09-161573 Die [&hellip;]","og_url":"https:\/\/pro-form.hu\/de\/impressum\/","og_site_name":"Pro-Form","article_modified_time":"2026-04-08T12:46:20+00:00","twitter_card":"summary_large_image","twitter_misc":{"Gesch\u00e4tzte Lesezeit":"1\u00a0Minute"},"schema":{"@context":"https:\/\/schema.org","@graph":[{"@type":"WebPage","@id":"https:\/\/pro-form.hu\/de\/impressum\/","url":"https:\/\/pro-form.hu\/de\/impressum\/","name":"Impressum - Pro-Form","isPartOf":{"@id":"https:\/\/pro-form.hu\/de\/#website"},"datePublished":"2025-11-21T13:58:38+00:00","dateModified":"2026-04-08T12:46:20+00:00","breadcrumb":{"@id":"https:\/\/pro-form.hu\/de\/impressum\/#breadcrumb"},"inLanguage":"de","potentialAction":[{"@type":"ReadAction","target":["https:\/\/pro-form.hu\/de\/impressum\/"]}]},{"@type":"BreadcrumbList","@id":"https:\/\/pro-form.hu\/de\/impressum\/#breadcrumb","itemListElement":[{"@type":"ListItem","position":1,"name":"Kezd\u0151lap","item":"https:\/\/pro-form.hu\/de\/"},{"@type":"ListItem","position":2,"name":"Impressum"}]},{"@type":"WebSite","@id":"https:\/\/pro-form.hu\/de\/#website","url":"https:\/\/pro-form.hu\/de\/","name":"Pro-Form","description":"","potentialAction":[{"@type":"SearchAction","target":{"@type":"EntryPoint","urlTemplate":"https:\/\/pro-form.hu\/de\/?s={search_term_string}"},"query-input":{"@type":"PropertyValueSpecification","valueRequired":true,"valueName":"search_term_string"}}],"inLanguage":"de"}]}},"_links":{"self":[{"href":"https:\/\/pro-form.hu\/de\/wp-json\/wp\/v2\/pages\/1849","targetHints":{"allow":["GET"]}}],"collection":[{"href":"https:\/\/pro-form.hu\/de\/wp-json\/wp\/v2\/pages"}],"about":[{"href":"https:\/\/pro-form.hu\/de\/wp-json\/wp\/v2\/types\/page"}],"author":[{"embeddable":true,"href":"https:\/\/pro-form.hu\/de\/wp-json\/wp\/v2\/users\/1"}],"replies":[{"embeddable":true,"href":"https:\/\/pro-form.hu\/de\/wp-json\/wp\/v2\/comments?post=1849"}],"version-history":[{"count":3,"href":"https:\/\/pro-form.hu\/de\/wp-json\/wp\/v2\/pages\/1849\/revisions"}],"predecessor-version":[{"id":2138,"href":"https:\/\/pro-form.hu\/de\/wp-json\/wp\/v2\/pages\/1849\/revisions\/2138"}],"wp:attachment":[{"href":"https:\/\/pro-form.hu\/de\/wp-json\/wp\/v2\/media?parent=1849"}],"curies":[{"name":"wp","href":"https:\/\/api.w.org\/{rel}","templated":true}]}}