{"id":17,"date":"2015-06-06T14:09:10","date_gmt":"2015-06-06T14:09:10","guid":{"rendered":"http:\/\/pro-form.hu\/?page_id=17"},"modified":"2024-04-19T12:27:43","modified_gmt":"2024-04-19T12:27:43","slug":"contact","status":"publish","type":"page","link":"https:\/\/pro-form.hu\/de\/kontakt\/","title":{"rendered":"Kontakt"},"content":{"rendered":"<p><\/p>\n<div class=\"grid4\">\n<h2><strong>Kontakt information<br \/>\n<\/strong><\/h2>\n<p><strong><span class=\"redText\">Telephone :<\/span> <span style=\"color: #000000;\">+ 36 1 339 68 41<\/span><\/strong><br \/>\n<strong> <span class=\"redText\">Fax:<\/span> <span style=\"color: #000000;\">+36 1 330 53 01<\/span><\/strong><br \/>\n<strong> <span class=\"redText\">E-mail:<\/span> <a href=\"&#109;&#x61;&#105;&#x6c;&#116;&#x6f;&#58;&#x69;&#110;&#x66;&#111;&#x40;p&#x72;o&#x2d;f&#x6f;r&#x6d;&#46;&#x68;u\"><span style=\"color: #000000;\">&#x69;&#x6e;&#102;o&#x40;&#x70;&#114;o-&#x66;&#x6f;&#114;m&#x2e;&#x68;&#117;<\/span><\/a><\/strong><\/p>\n<p><span class=\"redText\">Hauptb\u00fcro:<\/span> Ady Endre utca 2. H-2233 Ecser, Ungarn<br \/>\n<span class=\"redText\">Fertigungsst\u00e4tte und Versandanschrift:<\/span> Ady Endre utca 2. H-2233 Ecser, Ungarn<br \/>\n<span class=\"redText\">Lagerhalle:<\/span> Szondi utca 6. H-8132 Leps\u00e9ny, Ungarn<\/p>\n<h2><strong>Unternehmensdaten<\/strong><\/h2>\n<p class=\"redText\">Pro-Form GmbH.<\/p>\n<p><span class=\"redText\">MwSt.-Nr:<\/span> 10671203-2-13<br \/>\n<span class=\"redText\">EU MwSt.-Nr:<\/span> HU10671203<br \/>\n<span class=\"redText\">Firmennummer:<\/span> 13-09-194351<br \/>\n<span class=\"redText\">Sedex Mitgliedsnummer:<\/span> S408321799640<br \/>\n<span class=\"redText\">FEL\u00cdR Nr:<\/span> AA3386617<\/p>\n<\/div>\n<div class=\"grid4\">\n<h2><strong>Verkauf unserer st\u00e4ndigen Produkten<\/strong><\/h2>\n<p>Wir warten auf Ihre Anfrage \u00fcber unserem Standardsortiment an unserem Fertigungsst\u00e4tte Ady Endre utca 2. H- 2233 Ecser , Ungarn oder wenden Sie sich bitte zu unserem Vertriebsteam \u00fcber die folgende Verf\u00fcgbarkeiten:<\/p>\n<p><span class=\"redText\">Zsolt Kurucsai <\/span><br \/>\nVertriebsleiter<br \/>\n<a href=\"tel:+36203190733\">+36 20 319 07 33<\/a><\/p>\n<p><span class=\"redText\">\u00d6ffnungszeit f\u00fcr Vertrieb st\u00e4ndiger Produkte::<\/span><br \/>\nMontag-Freitag: 8.00\u201315.00<\/p>\n<p>Weitere Partner sind willkommen damit wir unser Gro\u00dfh\u00e4ndler-Netzwerk vergr\u00f6\u00dfern k\u00f6nnen.<\/p>\n<\/div>\n<div class=\"grid4\">\n<h2><strong>Individuelle Produktentwicklung<\/strong><\/h2>\n<p>Unsere hochspezialisierte Kollegen -unten gezeigt- warten darauf, Ihnen bei der Suche nach der besten L\u00f6sung im Falle einer Entwicklung einer einzigartigen Verpackung zu helfen.<\/p>\n<p><span class=\"redText\">Tam\u00e1s Csik\u00f3s <\/span><br \/>\nProjektmenedzser<br \/>\n<a href=\"&#109;&#x61;i&#x6c;t&#111;&#x3a;&#99;&#x73;i&#107;&#x6f;&#115;&#x2e;t&#x61;&#x6d;&#97;&#x73;&#64;&#x70;r&#111;&#x2d;&#102;&#x6f;r&#109;&#x2e;&#104;&#x75;\">csik&#111;&#115;&#46;&#116;&#97;&#x6d;&#x61;&#x73;&#x40;&#x70;&#x72;&#x6f;-for&#109;&#46;&#104;&#117;<\/a><br \/>\n<a href=\"tel:+36203669295\">+36 20 366 92 95<\/a><\/p>\n<p><span class=\"redText\">Attila Nagy <\/span><br \/>\nProject Manager<br \/>\n<a href=\"&#x6d;&#x61;&#105;&#108;&#116;o&#x3a;&#x6e;&#x61;&#103;&#121;&#46;a&#x74;&#x74;&#x69;&#108;&#97;&#64;&#x70;&#x72;&#x6f;&#45;&#102;&#111;r&#x6d;&#x2e;&#x68;&#117;\">&#110;&#x61;&#x67;y&#46;&#x61;&#x74;t&#105;&#x6c;a&#64;&#x70;&#x72;o&#45;&#x66;o&#114;&#x6d;&#x2e;h&#117;<\/a><br \/>\n<a href=\"tel:+36205552830\">+36 20 555 28 30<\/a><\/p>\n<p><span class=\"redText\">Zsolt T\u00f6lgyesy <\/span><br \/>\nProject Manager<br \/>\n<a href=\"&#x6d;&#x61;&#x69;&#x6c;&#x74;&#x6f;&#x3a;&#x7a;&#x73;&#x6f;&#x6c;&#x74;&#x2e;&#x74;&#x6f;&#x6c;&#x67;&#x79;&#x65;&#x73;&#x79;&#x40;&#x70;&#x72;&#x6f;&#x2d;&#x66;&#x6f;&#x72;&#x6d;&#x2e;&#x68;&#x75;\">zs&#111;&#108;&#116;&#x2e;&#x74;&#x6f;&#x6c;&#x67;ye&#115;&#121;&#64;&#x70;&#x72;&#x6f;&#x2d;&#x66;or&#109;&#46;&#104;&#x75;<\/a><br \/>\n<a href=\"tel:+36209622780\">+36 20 962 27 80<\/a><\/p>\n<p><span class=\"redText\">\u00d6ffnungszeit f\u00fcr B\u00fcro in Ecser:<\/span><br \/>\nMontag-Freitag: 8.00-16.00<\/p>\n<p><span class=\"redText\">\u00d6ffnungszeit f\u00fcr Lagerhalle in Ecser:<\/span><br \/>\nMontag-Freitag: 7.00-15.00<\/p>\n<\/div>\n<p><\/p>","protected":false},"excerpt":{"rendered":"<p>Kontakt information Telephone : + 36 1 339 68 41 Fax: +36 1 330 53 01 E-mail: inf&#111;&#64;&#112;&#114;&#x6f;&#x2d;&#x66;&#x6f;&#x72;&#x6d;&#x2e;hu Hauptb\u00fcro: Ady Endre utca 2. H-2233 Ecser, Ungarn Fertigungsst\u00e4tte und Versandanschrift: Ady Endre utca 2. H-2233 Ecser, Ungarn Lagerhalle: Szondi utca 6. H-8132 Leps\u00e9ny, Ungarn Unternehmensdaten Pro-Form GmbH. MwSt.-Nr: 10671203-2-13 EU MwSt.-Nr: HU10671203 Firmennummer: 13-09-194351 Sedex Mitgliedsnummer:<\/p>\n","protected":false},"author":5,"featured_media":0,"parent":0,"menu_order":28,"comment_status":"closed","ping_status":"closed","template":"page-contact.php","meta":{"footnotes":""},"yoast_head":"<!-- This site is optimized with the Yoast SEO plugin v22.9 - https:\/\/yoast.com\/wordpress\/plugins\/seo\/ -->\n<title>Kapcsolat - Pro-Form - M\u0171anyagba form\u00e1zzuk \u00f6tleteit<\/title>\n<meta name=\"description\" content=\"Egyedi fejleszt\u00e9sekkel vagy megl\u00e9v\u0151 m\u0171anyagipari term\u00e9kkel kapcsolatban forduljon hozz\u00e1nk!\" \/>\n<meta name=\"robots\" content=\"index, follow, max-snippet:-1, max-image-preview:large, max-video-preview:-1\" \/>\n<link rel=\"canonical\" href=\"https:\/\/pro-form.hu\/kapcsolat\/\" \/>\n<meta property=\"og:locale\" content=\"de_DE\" \/>\n<meta property=\"og:type\" content=\"article\" \/>\n<meta property=\"og:title\" content=\"Kapcsolat - Pro-Form - M\u0171anyagba form\u00e1zzuk \u00f6tleteit\" \/>\n<meta property=\"og:description\" content=\"Egyedi fejleszt\u00e9sekkel vagy megl\u00e9v\u0151 m\u0171anyagipari term\u00e9kkel kapcsolatban forduljon hozz\u00e1nk!\" \/>\n<meta property=\"og:url\" content=\"https:\/\/pro-form.hu\/kapcsolat\/\" \/>\n<meta property=\"og:site_name\" content=\"Pro-Form - M\u0171anyagba form\u00e1zzuk \u00f6tleteit\" \/>\n<meta property=\"article:modified_time\" content=\"2024-04-19T12:27:43+00:00\" \/>\n<meta property=\"og:image\" content=\"https:\/\/pro-form.hu\/wp-content\/uploads\/2016\/05\/proform_weboldal.png\" \/>\n\t<meta property=\"og:image:width\" content=\"1308\" \/>\n\t<meta property=\"og:image:height\" content=\"634\" \/>\n\t<meta property=\"og:image:type\" content=\"image\/png\" \/>\n<meta name=\"twitter:card\" content=\"summary_large_image\" \/>\n<meta name=\"twitter:label1\" content=\"Gesch\u00e4tzte Lesezeit\" \/>\n\t<meta name=\"twitter:data1\" content=\"1\u00a0Minute\" \/>\n<script type=\"application\/ld+json\" class=\"yoast-schema-graph\">{\"@context\":\"https:\/\/schema.org\",\"@graph\":[{\"@type\":\"WebPage\",\"@id\":\"https:\/\/pro-form.hu\/kapcsolat\/\",\"url\":\"https:\/\/pro-form.hu\/kapcsolat\/\",\"name\":\"Kapcsolat - Pro-Form - M\u0171anyagba form\u00e1zzuk \u00f6tleteit\",\"isPartOf\":{\"@id\":\"https:\/\/pro-form.hu\/#website\"},\"datePublished\":\"2015-06-06T14:09:10+00:00\",\"dateModified\":\"2024-04-19T12:27:43+00:00\",\"description\":\"Egyedi fejleszt\u00e9sekkel vagy megl\u00e9v\u0151 m\u0171anyagipari term\u00e9kkel kapcsolatban forduljon hozz\u00e1nk!\",\"breadcrumb\":{\"@id\":\"https:\/\/pro-form.hu\/kapcsolat\/#breadcrumb\"},\"inLanguage\":\"de\",\"potentialAction\":[{\"@type\":\"ReadAction\",\"target\":[\"https:\/\/pro-form.hu\/kapcsolat\/\"]}]},{\"@type\":\"BreadcrumbList\",\"@id\":\"https:\/\/pro-form.hu\/kapcsolat\/#breadcrumb\",\"itemListElement\":[{\"@type\":\"ListItem\",\"position\":1,\"name\":\"Home\",\"item\":\"https:\/\/pro-form.hu\/\"},{\"@type\":\"ListItem\",\"position\":2,\"name\":\"Kapcsolat\"}]},{\"@type\":\"WebSite\",\"@id\":\"https:\/\/pro-form.hu\/#website\",\"url\":\"https:\/\/pro-form.hu\/\",\"name\":\"Pro-Form - M\u0171anyagba form\u00e1zzuk \u00f6tleteit\",\"description\":\"Pr\u00e9sl\u00e9gform\u00e1z\u00e1ssal, v\u00e1kuumform\u00e1z\u00e1ssal, extrud\u00e1l\u00e1ssal, term\u00e9k- \u00e9s szersz\u00e1mfejleszt\u00e9ssel, fr\u00f6ccs\u00f6nt\u00e9ssel foglalkoz\u00f3 m\u0171anyagipari v\u00e1llalat.\",\"publisher\":{\"@id\":\"https:\/\/pro-form.hu\/#organization\"},\"potentialAction\":[{\"@type\":\"SearchAction\",\"target\":{\"@type\":\"EntryPoint\",\"urlTemplate\":\"https:\/\/pro-form.hu\/?s={search_term_string}\"},\"query-input\":\"required name=search_term_string\"}],\"inLanguage\":\"de\"},{\"@type\":\"Organization\",\"@id\":\"https:\/\/pro-form.hu\/#organization\",\"name\":\"Pro-Form Kft.\",\"url\":\"https:\/\/pro-form.hu\/\",\"logo\":{\"@type\":\"ImageObject\",\"inLanguage\":\"de\",\"@id\":\"https:\/\/pro-form.hu\/#\/schema\/logo\/image\/\",\"url\":\"http:\/\/pro-form.hu\/wp-content\/uploads\/2016\/05\/pro-form_HN.png\",\"contentUrl\":\"http:\/\/pro-form.hu\/wp-content\/uploads\/2016\/05\/pro-form_HN.png\",\"width\":281,\"height\":198,\"caption\":\"Pro-Form Kft.\"},\"image\":{\"@id\":\"https:\/\/pro-form.hu\/#\/schema\/logo\/image\/\"}}]}<\/script>\n<!-- \/ Yoast SEO plugin. -->","yoast_head_json":{"title":"Kapcsolat - Pro-Form - M\u0171anyagba form\u00e1zzuk \u00f6tleteit","description":"Egyedi fejleszt\u00e9sekkel vagy megl\u00e9v\u0151 m\u0171anyagipari term\u00e9kkel kapcsolatban forduljon hozz\u00e1nk!","robots":{"index":"index","follow":"follow","max-snippet":"max-snippet:-1","max-image-preview":"max-image-preview:large","max-video-preview":"max-video-preview:-1"},"canonical":"https:\/\/pro-form.hu\/kapcsolat\/","og_locale":"de_DE","og_type":"article","og_title":"Kapcsolat - Pro-Form - M\u0171anyagba form\u00e1zzuk \u00f6tleteit","og_description":"Egyedi fejleszt\u00e9sekkel vagy megl\u00e9v\u0151 m\u0171anyagipari term\u00e9kkel kapcsolatban forduljon hozz\u00e1nk!","og_url":"https:\/\/pro-form.hu\/kapcsolat\/","og_site_name":"Pro-Form - M\u0171anyagba form\u00e1zzuk \u00f6tleteit","article_modified_time":"2024-04-19T12:27:43+00:00","og_image":[{"width":1308,"height":634,"url":"https:\/\/pro-form.hu\/wp-content\/uploads\/2016\/05\/proform_weboldal.png","type":"image\/png"}],"twitter_card":"summary_large_image","twitter_misc":{"Gesch\u00e4tzte Lesezeit":"1\u00a0Minute"},"schema":{"@context":"https:\/\/schema.org","@graph":[{"@type":"WebPage","@id":"https:\/\/pro-form.hu\/kapcsolat\/","url":"https:\/\/pro-form.hu\/kapcsolat\/","name":"Kapcsolat - Pro-Form - M\u0171anyagba form\u00e1zzuk \u00f6tleteit","isPartOf":{"@id":"https:\/\/pro-form.hu\/#website"},"datePublished":"2015-06-06T14:09:10+00:00","dateModified":"2024-04-19T12:27:43+00:00","description":"Egyedi fejleszt\u00e9sekkel vagy megl\u00e9v\u0151 m\u0171anyagipari term\u00e9kkel kapcsolatban forduljon hozz\u00e1nk!","breadcrumb":{"@id":"https:\/\/pro-form.hu\/kapcsolat\/#breadcrumb"},"inLanguage":"de","potentialAction":[{"@type":"ReadAction","target":["https:\/\/pro-form.hu\/kapcsolat\/"]}]},{"@type":"BreadcrumbList","@id":"https:\/\/pro-form.hu\/kapcsolat\/#breadcrumb","itemListElement":[{"@type":"ListItem","position":1,"name":"Home","item":"https:\/\/pro-form.hu\/"},{"@type":"ListItem","position":2,"name":"Kapcsolat"}]},{"@type":"WebSite","@id":"https:\/\/pro-form.hu\/#website","url":"https:\/\/pro-form.hu\/","name":"Pro-Form - M\u0171anyagba form\u00e1zzuk \u00f6tleteit","description":"Pr\u00e9sl\u00e9gform\u00e1z\u00e1ssal, v\u00e1kuumform\u00e1z\u00e1ssal, extrud\u00e1l\u00e1ssal, term\u00e9k- \u00e9s szersz\u00e1mfejleszt\u00e9ssel, fr\u00f6ccs\u00f6nt\u00e9ssel foglalkoz\u00f3 m\u0171anyagipari v\u00e1llalat.","publisher":{"@id":"https:\/\/pro-form.hu\/#organization"},"potentialAction":[{"@type":"SearchAction","target":{"@type":"EntryPoint","urlTemplate":"https:\/\/pro-form.hu\/?s={search_term_string}"},"query-input":"required name=search_term_string"}],"inLanguage":"de"},{"@type":"Organization","@id":"https:\/\/pro-form.hu\/#organization","name":"Pro-Form Kft.","url":"https:\/\/pro-form.hu\/","logo":{"@type":"ImageObject","inLanguage":"de","@id":"https:\/\/pro-form.hu\/#\/schema\/logo\/image\/","url":"http:\/\/pro-form.hu\/wp-content\/uploads\/2016\/05\/pro-form_HN.png","contentUrl":"http:\/\/pro-form.hu\/wp-content\/uploads\/2016\/05\/pro-form_HN.png","width":281,"height":198,"caption":"Pro-Form Kft."},"image":{"@id":"https:\/\/pro-form.hu\/#\/schema\/logo\/image\/"}}]}},"_links":{"self":[{"href":"https:\/\/pro-form.hu\/de\/wp-json\/wp\/v2\/pages\/17"}],"collection":[{"href":"https:\/\/pro-form.hu\/de\/wp-json\/wp\/v2\/pages"}],"about":[{"href":"https:\/\/pro-form.hu\/de\/wp-json\/wp\/v2\/types\/page"}],"author":[{"embeddable":true,"href":"https:\/\/pro-form.hu\/de\/wp-json\/wp\/v2\/users\/5"}],"replies":[{"embeddable":true,"href":"https:\/\/pro-form.hu\/de\/wp-json\/wp\/v2\/comments?post=17"}],"version-history":[{"count":85,"href":"https:\/\/pro-form.hu\/de\/wp-json\/wp\/v2\/pages\/17\/revisions"}],"predecessor-version":[{"id":3043,"href":"https:\/\/pro-form.hu\/de\/wp-json\/wp\/v2\/pages\/17\/revisions\/3043"}],"wp:attachment":[{"href":"https:\/\/pro-form.hu\/de\/wp-json\/wp\/v2\/media?parent=17"}],"curies":[{"name":"wp","href":"https:\/\/api.w.org\/{rel}","templated":true}]}}