{"id":133,"date":"2015-06-14T13:30:12","date_gmt":"2015-06-14T13:30:12","guid":{"rendered":"http:\/\/pro-form.hu\/?page_id=133"},"modified":"2025-04-17T13:14:05","modified_gmt":"2025-04-17T13:14:05","slug":"egyszerhasznalatos-dobozok-es-tegelyek","status":"publish","type":"page","link":"https:\/\/pro-form.hu\/de\/produktgruppen\/einweg-boxen-und-glaser\/","title":{"rendered":"Einweg-Boxen und Gl\u00e4ser"},"content":{"rendered":"<p><\/p>\n<p style=\"text-align: justify;\">Unsere <a href=\"https:\/\/pro-form.hu\/de\/einweg-kisten\/\">Standardprodukte<\/a> wurden von unseren Designern entwickelt, die die am h\u00e4ufigsten verwendeten Gr\u00f6\u00dfen, Formen und Nutzungsformen ber\u00fccksichtigten. Die Beh\u00e4lter sind \u00e4sthetisch haben einen gro\u00dfen Vielzahl von Formen und Farben und k\u00f6nnen mit oder ohne Deckel verwendet werden. Die Produkte, die von 0,2-0,4 mm dicken PET-Folien mit automatisierten Maschinen geformt sind, erf\u00fcllen alle Anforderungen der Lebensmittelindustrie.<\/p>\n<p><\/p>","protected":false},"excerpt":{"rendered":"<p>Unsere Standardprodukte wurden von unseren Designern entwickelt, die die am h\u00e4ufigsten verwendeten Gr\u00f6\u00dfen, Formen und Nutzungsformen ber\u00fccksichtigten. Die Beh\u00e4lter sind \u00e4sthetisch haben einen gro\u00dfen Vielzahl von Formen und Farben und k\u00f6nnen mit oder ohne Deckel verwendet werden. Die Produkte, die von 0,2-0,4 mm dicken PET-Folien mit automatisierten Maschinen geformt sind, erf\u00fcllen alle Anforderungen der Lebensmittelindustrie.<\/p>\n","protected":false},"author":5,"featured_media":3247,"parent":9,"menu_order":35,"comment_status":"closed","ping_status":"closed","template":"page-termekcsoport-aloldal.php","meta":{"footnotes":""},"yoast_head":"<!-- This site is optimized with the Yoast SEO plugin v22.9 - https:\/\/yoast.com\/wordpress\/plugins\/seo\/ -->\n<title>Einweg-Boxen und Gl\u00e4ser - Pro-Form - Ihre Idee in unserem Kunststoff<\/title>\n<meta name=\"description\" content=\"[:hu]Pr\u00e9sl\u00e9gform\u00e1z\u00e1ssal k\u00e9sz\u00fclt,saj\u00e1t fejleszt\u00e9s\u0171 term\u00e9keink eldobhat\u00f3k,\u00e9teltart\u00f3 dobozok ak\u00e1r fedeles vagy an\u00e9lk\u00fcli kivitelben is.[:][:en]Our own developed products made by pressure forming are disposable,food container with or without lids.[:][:de]Unsere propriet\u00e4re Produkten sind wegwerfend,mittelgetragend mit or kein Deckel produzierend mit Presseformen Technologie.[:]\" \/>\n<meta name=\"robots\" content=\"index, follow, max-snippet:-1, max-image-preview:large, max-video-preview:-1\" \/>\n<link rel=\"canonical\" href=\"https:\/\/pro-form.hu\/termekcsoportok\/egyszerhasznalatos-dobozok-es-tegelyek\/\" \/>\n<meta property=\"og:locale\" content=\"de_DE\" \/>\n<meta property=\"og:type\" content=\"article\" \/>\n<meta property=\"og:title\" content=\"[:hu]Egyszerhaszn\u00e1latos dobozok,t\u00e9gelyek - Pro-Form - M\u0171anyagba form\u00e1zzuk \u00f6tleteit[:][:en]Disposable boxes and jars - Pro-Form - Your idea into our plastic[:][:de]Einweg-Boxen und Gl\u00e4ser - Pro-Form - Ihre Idee in unserem Kunststoff[:]\" \/>\n<meta property=\"og:description\" content=\"[:hu]Pr\u00e9sl\u00e9gform\u00e1z\u00e1ssal k\u00e9sz\u00fclt,saj\u00e1t fejleszt\u00e9s\u0171 term\u00e9keink eldobhat\u00f3k,\u00e9teltart\u00f3 dobozok ak\u00e1r fedeles vagy an\u00e9lk\u00fcli kivitelben is.[:][:en]Our own developed products made by pressure forming are disposable,food container with or without lids.[:][:de]Unsere propriet\u00e4re Produkten sind wegwerfend,mittelgetragend mit or kein Deckel produzierend mit Presseformen Technologie.[:]\" \/>\n<meta property=\"og:url\" content=\"https:\/\/pro-form.hu\/termekcsoportok\/egyszerhasznalatos-dobozok-es-tegelyek\/\" \/>\n<meta property=\"og:site_name\" content=\"Pro-Form - M\u0171anyagba form\u00e1zzuk \u00f6tleteit\" \/>\n<meta property=\"article:modified_time\" content=\"2025-04-17T13:14:05+00:00\" \/>\n<meta property=\"og:image\" content=\"https:\/\/pro-form.hu\/wp-content\/uploads\/2025\/04\/egyszerhasznalatos_muanyag_sutemenyeknek_gyumolcsoknek_desszerteknek.jpg\" \/>\n\t<meta property=\"og:image:width\" content=\"700\" \/>\n\t<meta property=\"og:image:height\" content=\"450\" \/>\n\t<meta property=\"og:image:type\" content=\"image\/jpeg\" \/>\n<meta name=\"twitter:card\" content=\"summary_large_image\" \/>\n<meta name=\"twitter:label1\" content=\"Gesch\u00e4tzte Lesezeit\" \/>\n\t<meta name=\"twitter:data1\" content=\"1\u00a0Minute\" \/>\n<script type=\"application\/ld+json\" class=\"yoast-schema-graph\">{\"@context\":\"https:\/\/schema.org\",\"@graph\":[{\"@type\":\"WebPage\",\"@id\":\"https:\/\/pro-form.hu\/termekcsoportok\/egyszerhasznalatos-dobozok-es-tegelyek\/\",\"url\":\"https:\/\/pro-form.hu\/termekcsoportok\/egyszerhasznalatos-dobozok-es-tegelyek\/\",\"name\":\"[:hu]Egyszerhaszn\u00e1latos dobozok,t\u00e9gelyek - Pro-Form - M\u0171anyagba form\u00e1zzuk \u00f6tleteit[:][:en]Disposable boxes and jars - Pro-Form - Your idea into our plastic[:][:de]Einweg-Boxen und Gl\u00e4ser - Pro-Form - Ihre Idee in unserem Kunststoff[:]\",\"isPartOf\":{\"@id\":\"https:\/\/pro-form.hu\/#website\"},\"primaryImageOfPage\":{\"@id\":\"https:\/\/pro-form.hu\/termekcsoportok\/egyszerhasznalatos-dobozok-es-tegelyek\/#primaryimage\"},\"image\":{\"@id\":\"https:\/\/pro-form.hu\/termekcsoportok\/egyszerhasznalatos-dobozok-es-tegelyek\/#primaryimage\"},\"thumbnailUrl\":\"https:\/\/pro-form.hu\/wp-content\/uploads\/2025\/04\/egyszerhasznalatos_muanyag_sutemenyeknek_gyumolcsoknek_desszerteknek.jpg\",\"datePublished\":\"2015-06-14T13:30:12+00:00\",\"dateModified\":\"2025-04-17T13:14:05+00:00\",\"description\":\"[:hu]Pr\u00e9sl\u00e9gform\u00e1z\u00e1ssal k\u00e9sz\u00fclt,saj\u00e1t fejleszt\u00e9s\u0171 term\u00e9keink eldobhat\u00f3k,\u00e9teltart\u00f3 dobozok ak\u00e1r fedeles vagy an\u00e9lk\u00fcli kivitelben is.[:][:en]Our own developed products made by pressure forming are disposable,food container with or without lids.[:][:de]Unsere propriet\u00e4re Produkten sind wegwerfend,mittelgetragend mit or kein Deckel produzierend mit Presseformen Technologie.[:]\",\"breadcrumb\":{\"@id\":\"https:\/\/pro-form.hu\/termekcsoportok\/egyszerhasznalatos-dobozok-es-tegelyek\/#breadcrumb\"},\"inLanguage\":\"de\",\"potentialAction\":[{\"@type\":\"ReadAction\",\"target\":[\"https:\/\/pro-form.hu\/termekcsoportok\/egyszerhasznalatos-dobozok-es-tegelyek\/\"]}]},{\"@type\":\"ImageObject\",\"inLanguage\":\"de\",\"@id\":\"https:\/\/pro-form.hu\/termekcsoportok\/egyszerhasznalatos-dobozok-es-tegelyek\/#primaryimage\",\"url\":\"https:\/\/pro-form.hu\/wp-content\/uploads\/2025\/04\/egyszerhasznalatos_muanyag_sutemenyeknek_gyumolcsoknek_desszerteknek.jpg\",\"contentUrl\":\"https:\/\/pro-form.hu\/wp-content\/uploads\/2025\/04\/egyszerhasznalatos_muanyag_sutemenyeknek_gyumolcsoknek_desszerteknek.jpg\",\"width\":700,\"height\":450},{\"@type\":\"BreadcrumbList\",\"@id\":\"https:\/\/pro-form.hu\/termekcsoportok\/egyszerhasznalatos-dobozok-es-tegelyek\/#breadcrumb\",\"itemListElement\":[{\"@type\":\"ListItem\",\"position\":1,\"name\":\"Home\",\"item\":\"https:\/\/pro-form.hu\/\"},{\"@type\":\"ListItem\",\"position\":2,\"name\":\"Term\u00e9kcsoportok\",\"item\":\"https:\/\/pro-form.hu\/termekcsoportok\/\"},{\"@type\":\"ListItem\",\"position\":3,\"name\":\"Egyszerhaszn\u00e1latos dobozok \u00e9s t\u00e9gelyek\"}]},{\"@type\":\"WebSite\",\"@id\":\"https:\/\/pro-form.hu\/#website\",\"url\":\"https:\/\/pro-form.hu\/\",\"name\":\"Pro-Form - M\u0171anyagba form\u00e1zzuk \u00f6tleteit\",\"description\":\"Pr\u00e9sl\u00e9gform\u00e1z\u00e1ssal, v\u00e1kuumform\u00e1z\u00e1ssal, extrud\u00e1l\u00e1ssal, term\u00e9k- \u00e9s szersz\u00e1mfejleszt\u00e9ssel, fr\u00f6ccs\u00f6nt\u00e9ssel foglalkoz\u00f3 m\u0171anyagipari v\u00e1llalat.\",\"publisher\":{\"@id\":\"https:\/\/pro-form.hu\/#organization\"},\"potentialAction\":[{\"@type\":\"SearchAction\",\"target\":{\"@type\":\"EntryPoint\",\"urlTemplate\":\"https:\/\/pro-form.hu\/?s={search_term_string}\"},\"query-input\":\"required name=search_term_string\"}],\"inLanguage\":\"de\"},{\"@type\":\"Organization\",\"@id\":\"https:\/\/pro-form.hu\/#organization\",\"name\":\"Pro-Form Kft.\",\"url\":\"https:\/\/pro-form.hu\/\",\"logo\":{\"@type\":\"ImageObject\",\"inLanguage\":\"de\",\"@id\":\"https:\/\/pro-form.hu\/#\/schema\/logo\/image\/\",\"url\":\"http:\/\/pro-form.hu\/wp-content\/uploads\/2016\/05\/pro-form_HN.png\",\"contentUrl\":\"http:\/\/pro-form.hu\/wp-content\/uploads\/2016\/05\/pro-form_HN.png\",\"width\":281,\"height\":198,\"caption\":\"Pro-Form Kft.\"},\"image\":{\"@id\":\"https:\/\/pro-form.hu\/#\/schema\/logo\/image\/\"}}]}<\/script>\n<!-- \/ Yoast SEO plugin. -->","yoast_head_json":{"title":"[:hu]Egyszerhaszn\u00e1latos dobozok,t\u00e9gelyek - Pro-Form - M\u0171anyagba form\u00e1zzuk \u00f6tleteit[:][:en]Disposable boxes and jars - Pro-Form - Your idea into our plastic[:][:de]Einweg-Boxen und Gl\u00e4ser - Pro-Form - Ihre Idee in unserem Kunststoff[:]","description":"[:hu]Pr\u00e9sl\u00e9gform\u00e1z\u00e1ssal k\u00e9sz\u00fclt,saj\u00e1t fejleszt\u00e9s\u0171 term\u00e9keink eldobhat\u00f3k,\u00e9teltart\u00f3 dobozok ak\u00e1r fedeles vagy an\u00e9lk\u00fcli kivitelben is.[:][:en]Our own developed products made by pressure forming are disposable,food container with or without lids.[:][:de]Unsere propriet\u00e4re Produkten sind wegwerfend,mittelgetragend mit or kein Deckel produzierend mit Presseformen Technologie.[:]","robots":{"index":"index","follow":"follow","max-snippet":"max-snippet:-1","max-image-preview":"max-image-preview:large","max-video-preview":"max-video-preview:-1"},"canonical":"https:\/\/pro-form.hu\/termekcsoportok\/egyszerhasznalatos-dobozok-es-tegelyek\/","og_locale":"de_DE","og_type":"article","og_title":"[:hu]Egyszerhaszn\u00e1latos dobozok,t\u00e9gelyek - Pro-Form - M\u0171anyagba form\u00e1zzuk \u00f6tleteit[:][:en]Disposable boxes and jars - Pro-Form - Your idea into our plastic[:][:de]Einweg-Boxen und Gl\u00e4ser - Pro-Form - Ihre Idee in unserem Kunststoff[:]","og_description":"[:hu]Pr\u00e9sl\u00e9gform\u00e1z\u00e1ssal k\u00e9sz\u00fclt,saj\u00e1t fejleszt\u00e9s\u0171 term\u00e9keink eldobhat\u00f3k,\u00e9teltart\u00f3 dobozok ak\u00e1r fedeles vagy an\u00e9lk\u00fcli kivitelben is.[:][:en]Our own developed products made by pressure forming are disposable,food container with or without lids.[:][:de]Unsere propriet\u00e4re Produkten sind wegwerfend,mittelgetragend mit or kein Deckel produzierend mit Presseformen Technologie.[:]","og_url":"https:\/\/pro-form.hu\/termekcsoportok\/egyszerhasznalatos-dobozok-es-tegelyek\/","og_site_name":"Pro-Form - M\u0171anyagba form\u00e1zzuk \u00f6tleteit","article_modified_time":"2025-04-17T13:14:05+00:00","og_image":[{"width":700,"height":450,"url":"https:\/\/pro-form.hu\/wp-content\/uploads\/2025\/04\/egyszerhasznalatos_muanyag_sutemenyeknek_gyumolcsoknek_desszerteknek.jpg","type":"image\/jpeg"}],"twitter_card":"summary_large_image","twitter_misc":{"Gesch\u00e4tzte Lesezeit":"1\u00a0Minute"},"schema":{"@context":"https:\/\/schema.org","@graph":[{"@type":"WebPage","@id":"https:\/\/pro-form.hu\/termekcsoportok\/egyszerhasznalatos-dobozok-es-tegelyek\/","url":"https:\/\/pro-form.hu\/termekcsoportok\/egyszerhasznalatos-dobozok-es-tegelyek\/","name":"[:hu]Egyszerhaszn\u00e1latos dobozok,t\u00e9gelyek - Pro-Form - M\u0171anyagba form\u00e1zzuk \u00f6tleteit[:][:en]Disposable boxes and jars - Pro-Form - Your idea into our plastic[:][:de]Einweg-Boxen und Gl\u00e4ser - Pro-Form - Ihre Idee in unserem Kunststoff[:]","isPartOf":{"@id":"https:\/\/pro-form.hu\/#website"},"primaryImageOfPage":{"@id":"https:\/\/pro-form.hu\/termekcsoportok\/egyszerhasznalatos-dobozok-es-tegelyek\/#primaryimage"},"image":{"@id":"https:\/\/pro-form.hu\/termekcsoportok\/egyszerhasznalatos-dobozok-es-tegelyek\/#primaryimage"},"thumbnailUrl":"https:\/\/pro-form.hu\/wp-content\/uploads\/2025\/04\/egyszerhasznalatos_muanyag_sutemenyeknek_gyumolcsoknek_desszerteknek.jpg","datePublished":"2015-06-14T13:30:12+00:00","dateModified":"2025-04-17T13:14:05+00:00","description":"[:hu]Pr\u00e9sl\u00e9gform\u00e1z\u00e1ssal k\u00e9sz\u00fclt,saj\u00e1t fejleszt\u00e9s\u0171 term\u00e9keink eldobhat\u00f3k,\u00e9teltart\u00f3 dobozok ak\u00e1r fedeles vagy an\u00e9lk\u00fcli kivitelben is.[:][:en]Our own developed products made by pressure forming are disposable,food container with or without lids.[:][:de]Unsere propriet\u00e4re Produkten sind wegwerfend,mittelgetragend mit or kein Deckel produzierend mit Presseformen Technologie.[:]","breadcrumb":{"@id":"https:\/\/pro-form.hu\/termekcsoportok\/egyszerhasznalatos-dobozok-es-tegelyek\/#breadcrumb"},"inLanguage":"de","potentialAction":[{"@type":"ReadAction","target":["https:\/\/pro-form.hu\/termekcsoportok\/egyszerhasznalatos-dobozok-es-tegelyek\/"]}]},{"@type":"ImageObject","inLanguage":"de","@id":"https:\/\/pro-form.hu\/termekcsoportok\/egyszerhasznalatos-dobozok-es-tegelyek\/#primaryimage","url":"https:\/\/pro-form.hu\/wp-content\/uploads\/2025\/04\/egyszerhasznalatos_muanyag_sutemenyeknek_gyumolcsoknek_desszerteknek.jpg","contentUrl":"https:\/\/pro-form.hu\/wp-content\/uploads\/2025\/04\/egyszerhasznalatos_muanyag_sutemenyeknek_gyumolcsoknek_desszerteknek.jpg","width":700,"height":450},{"@type":"BreadcrumbList","@id":"https:\/\/pro-form.hu\/termekcsoportok\/egyszerhasznalatos-dobozok-es-tegelyek\/#breadcrumb","itemListElement":[{"@type":"ListItem","position":1,"name":"Home","item":"https:\/\/pro-form.hu\/"},{"@type":"ListItem","position":2,"name":"Term\u00e9kcsoportok","item":"https:\/\/pro-form.hu\/termekcsoportok\/"},{"@type":"ListItem","position":3,"name":"Egyszerhaszn\u00e1latos dobozok \u00e9s t\u00e9gelyek"}]},{"@type":"WebSite","@id":"https:\/\/pro-form.hu\/#website","url":"https:\/\/pro-form.hu\/","name":"Pro-Form - M\u0171anyagba form\u00e1zzuk \u00f6tleteit","description":"Pr\u00e9sl\u00e9gform\u00e1z\u00e1ssal, v\u00e1kuumform\u00e1z\u00e1ssal, extrud\u00e1l\u00e1ssal, term\u00e9k- \u00e9s szersz\u00e1mfejleszt\u00e9ssel, fr\u00f6ccs\u00f6nt\u00e9ssel foglalkoz\u00f3 m\u0171anyagipari v\u00e1llalat.","publisher":{"@id":"https:\/\/pro-form.hu\/#organization"},"potentialAction":[{"@type":"SearchAction","target":{"@type":"EntryPoint","urlTemplate":"https:\/\/pro-form.hu\/?s={search_term_string}"},"query-input":"required name=search_term_string"}],"inLanguage":"de"},{"@type":"Organization","@id":"https:\/\/pro-form.hu\/#organization","name":"Pro-Form Kft.","url":"https:\/\/pro-form.hu\/","logo":{"@type":"ImageObject","inLanguage":"de","@id":"https:\/\/pro-form.hu\/#\/schema\/logo\/image\/","url":"http:\/\/pro-form.hu\/wp-content\/uploads\/2016\/05\/pro-form_HN.png","contentUrl":"http:\/\/pro-form.hu\/wp-content\/uploads\/2016\/05\/pro-form_HN.png","width":281,"height":198,"caption":"Pro-Form Kft."},"image":{"@id":"https:\/\/pro-form.hu\/#\/schema\/logo\/image\/"}}]}},"_links":{"self":[{"href":"https:\/\/pro-form.hu\/de\/wp-json\/wp\/v2\/pages\/133"}],"collection":[{"href":"https:\/\/pro-form.hu\/de\/wp-json\/wp\/v2\/pages"}],"about":[{"href":"https:\/\/pro-form.hu\/de\/wp-json\/wp\/v2\/types\/page"}],"author":[{"embeddable":true,"href":"https:\/\/pro-form.hu\/de\/wp-json\/wp\/v2\/users\/5"}],"replies":[{"embeddable":true,"href":"https:\/\/pro-form.hu\/de\/wp-json\/wp\/v2\/comments?post=133"}],"version-history":[{"count":14,"href":"https:\/\/pro-form.hu\/de\/wp-json\/wp\/v2\/pages\/133\/revisions"}],"predecessor-version":[{"id":2688,"href":"https:\/\/pro-form.hu\/de\/wp-json\/wp\/v2\/pages\/133\/revisions\/2688"}],"up":[{"embeddable":true,"href":"https:\/\/pro-form.hu\/de\/wp-json\/wp\/v2\/pages\/9"}],"wp:featuredmedia":[{"embeddable":true,"href":"https:\/\/pro-form.hu\/de\/wp-json\/wp\/v2\/media\/3247"}],"wp:attachment":[{"href":"https:\/\/pro-form.hu\/de\/wp-json\/wp\/v2\/media?parent=133"}],"curies":[{"name":"wp","href":"https:\/\/api.w.org\/{rel}","templated":true}]}}