{"id":125,"date":"2015-06-14T13:25:46","date_gmt":"2015-06-14T13:25:46","guid":{"rendered":"http:\/\/pro-form.hu\/?page_id=125"},"modified":"2025-04-17T11:43:20","modified_gmt":"2025-04-17T11:43:20","slug":"desszert-es-dobozbetetek","status":"publish","type":"page","link":"https:\/\/pro-form.hu\/de\/produktgruppen\/dessert-und-box-einsatze\/","title":{"rendered":"Dessert und Box-Eins\u00e4tze"},"content":{"rendered":"<p><\/p>\n<p style=\"text-align: justify;\">Mit der Hilfe von unseren <a href=\"https:\/\/pro-form.hu\/de\/technologien\/druckluftforman\/\">Druckformformungsverfahren<\/a>, die die h\u00f6chsten internationalen Standards entsprechen, produzieren wir Einlagen f\u00fcr Verpackung von Desserts, Geb\u00e4ck und andere S\u00fc\u00dfwaren mit gro\u00dfer Produktivit\u00e4t. Diese ma\u00dfgenaue Produkte sind in Farbe transparent, metallisiert, lila, schwarz, wei\u00df, gold und braun erreichbar und haben eine Dicke in der Regel zwischen 0,2-0,4 mm Alle verwendeten Folien erf\u00fcllen die strengsten Anforderungen der Lebensmittelindustrie\u00a0 und werden durch Kontakt- oder Strahlungsheizung, von unseren automatischen Druckluftmaschinen geformt.<\/p>\n<p><\/p>","protected":false},"excerpt":{"rendered":"<p>Mit der Hilfe von unseren Druckformformungsverfahren, die die h\u00f6chsten internationalen Standards entsprechen, produzieren wir Einlagen f\u00fcr Verpackung von Desserts, Geb\u00e4ck und andere S\u00fc\u00dfwaren mit gro\u00dfer Produktivit\u00e4t. Diese ma\u00dfgenaue Produkte sind in Farbe transparent, metallisiert, lila, schwarz, wei\u00df, gold und braun erreichbar und haben eine Dicke in der Regel zwischen 0,2-0,4 mm Alle verwendeten Folien erf\u00fcllen<\/p>\n","protected":false},"author":5,"featured_media":3223,"parent":9,"menu_order":32,"comment_status":"closed","ping_status":"closed","template":"page-termekcsoport-aloldal.php","meta":{"footnotes":""},"yoast_head":"<!-- This site is optimized with the Yoast SEO plugin v22.9 - https:\/\/yoast.com\/wordpress\/plugins\/seo\/ -->\n<title>Dessert und Box Eins\u00e4tze - Pro-Form - Ihre Idee in unserem Kunststoff<\/title>\n<meta name=\"description\" content=\"[:hu]Bonbon,keksz,csoki \u00e9s m\u00e1s \u00e9desipari term\u00e9keket tart\u00f3 m\u0171anyag bet\u00e9tek gy\u00e1rt\u00e1s\u00e1val foglalkozunk,melyek pr\u00e9sl\u00e9gform\u00e1z\u00e1ssal k\u00e9sz\u00fclnek.[:][:en]We deal with plastic box inlays production by pressure forming to put bonbon,biscuits,chocolate and other confectionery products in that.[:][:de]Wir produzieren plastike Box Eins\u00e4tzen f\u00fcr Bonbon,Keks,Schokolade und andere S\u00fc\u00dfwarenindustrie durch Druckluftformen.[:]\" \/>\n<meta name=\"robots\" content=\"index, follow, max-snippet:-1, max-image-preview:large, max-video-preview:-1\" \/>\n<link rel=\"canonical\" href=\"https:\/\/pro-form.hu\/termekcsoportok\/desszert-es-dobozbetetek\/\" \/>\n<meta property=\"og:locale\" content=\"de_DE\" \/>\n<meta property=\"og:type\" content=\"article\" \/>\n<meta property=\"og:title\" content=\"[:hu]Desszert- \u00e9s dobozbet\u00e9tek - Pro-Form - M\u0171anyagba form\u00e1zzuk \u00f6tleteit[:][:en]Dessert and box inlays - Pro-Form - Your idea into our plastic[:][:de]Dessert und Box Eins\u00e4tze - Pro-Form - Ihre Idee in unserem Kunststoff[:]\" \/>\n<meta property=\"og:description\" content=\"[:hu]Bonbon,keksz,csoki \u00e9s m\u00e1s \u00e9desipari term\u00e9keket tart\u00f3 m\u0171anyag bet\u00e9tek gy\u00e1rt\u00e1s\u00e1val foglalkozunk,melyek pr\u00e9sl\u00e9gform\u00e1z\u00e1ssal k\u00e9sz\u00fclnek.[:][:en]We deal with plastic box inlays production by pressure forming to put bonbon,biscuits,chocolate and other confectionery products in that.[:][:de]Wir produzieren plastike Box Eins\u00e4tzen f\u00fcr Bonbon,Keks,Schokolade und andere S\u00fc\u00dfwarenindustrie durch Druckluftformen.[:]\" \/>\n<meta property=\"og:url\" content=\"https:\/\/pro-form.hu\/termekcsoportok\/desszert-es-dobozbetetek\/\" \/>\n<meta property=\"og:site_name\" content=\"Pro-Form - M\u0171anyagba form\u00e1zzuk \u00f6tleteit\" \/>\n<meta property=\"article:modified_time\" content=\"2025-04-17T11:43:20+00:00\" \/>\n<meta property=\"og:image\" content=\"https:\/\/pro-form.hu\/wp-content\/uploads\/2025\/04\/desszertbetetek_dobozbetetek_sutemenyeknek_sos_edes_falatoknak_termekmintaknak.jpg\" \/>\n\t<meta property=\"og:image:width\" content=\"700\" \/>\n\t<meta property=\"og:image:height\" content=\"450\" \/>\n\t<meta property=\"og:image:type\" content=\"image\/jpeg\" \/>\n<meta name=\"twitter:card\" content=\"summary_large_image\" \/>\n<meta name=\"twitter:label1\" content=\"Gesch\u00e4tzte Lesezeit\" \/>\n\t<meta name=\"twitter:data1\" content=\"2\u00a0Minuten\" \/>\n<script type=\"application\/ld+json\" class=\"yoast-schema-graph\">{\"@context\":\"https:\/\/schema.org\",\"@graph\":[{\"@type\":\"WebPage\",\"@id\":\"https:\/\/pro-form.hu\/termekcsoportok\/desszert-es-dobozbetetek\/\",\"url\":\"https:\/\/pro-form.hu\/termekcsoportok\/desszert-es-dobozbetetek\/\",\"name\":\"[:hu]Desszert- \u00e9s dobozbet\u00e9tek - Pro-Form - M\u0171anyagba form\u00e1zzuk \u00f6tleteit[:][:en]Dessert and box inlays - Pro-Form - Your idea into our plastic[:][:de]Dessert und Box Eins\u00e4tze - Pro-Form - Ihre Idee in unserem Kunststoff[:]\",\"isPartOf\":{\"@id\":\"https:\/\/pro-form.hu\/#website\"},\"primaryImageOfPage\":{\"@id\":\"https:\/\/pro-form.hu\/termekcsoportok\/desszert-es-dobozbetetek\/#primaryimage\"},\"image\":{\"@id\":\"https:\/\/pro-form.hu\/termekcsoportok\/desszert-es-dobozbetetek\/#primaryimage\"},\"thumbnailUrl\":\"https:\/\/pro-form.hu\/wp-content\/uploads\/2025\/04\/desszertbetetek_dobozbetetek_sutemenyeknek_sos_edes_falatoknak_termekmintaknak.jpg\",\"datePublished\":\"2015-06-14T13:25:46+00:00\",\"dateModified\":\"2025-04-17T11:43:20+00:00\",\"description\":\"[:hu]Bonbon,keksz,csoki \u00e9s m\u00e1s \u00e9desipari term\u00e9keket tart\u00f3 m\u0171anyag bet\u00e9tek gy\u00e1rt\u00e1s\u00e1val foglalkozunk,melyek pr\u00e9sl\u00e9gform\u00e1z\u00e1ssal k\u00e9sz\u00fclnek.[:][:en]We deal with plastic box inlays production by pressure forming to put bonbon,biscuits,chocolate and other confectionery products in that.[:][:de]Wir produzieren plastike Box Eins\u00e4tzen f\u00fcr Bonbon,Keks,Schokolade und andere S\u00fc\u00dfwarenindustrie durch Druckluftformen.[:]\",\"breadcrumb\":{\"@id\":\"https:\/\/pro-form.hu\/termekcsoportok\/desszert-es-dobozbetetek\/#breadcrumb\"},\"inLanguage\":\"de\",\"potentialAction\":[{\"@type\":\"ReadAction\",\"target\":[\"https:\/\/pro-form.hu\/termekcsoportok\/desszert-es-dobozbetetek\/\"]}]},{\"@type\":\"ImageObject\",\"inLanguage\":\"de\",\"@id\":\"https:\/\/pro-form.hu\/termekcsoportok\/desszert-es-dobozbetetek\/#primaryimage\",\"url\":\"https:\/\/pro-form.hu\/wp-content\/uploads\/2025\/04\/desszertbetetek_dobozbetetek_sutemenyeknek_sos_edes_falatoknak_termekmintaknak.jpg\",\"contentUrl\":\"https:\/\/pro-form.hu\/wp-content\/uploads\/2025\/04\/desszertbetetek_dobozbetetek_sutemenyeknek_sos_edes_falatoknak_termekmintaknak.jpg\",\"width\":700,\"height\":450},{\"@type\":\"BreadcrumbList\",\"@id\":\"https:\/\/pro-form.hu\/termekcsoportok\/desszert-es-dobozbetetek\/#breadcrumb\",\"itemListElement\":[{\"@type\":\"ListItem\",\"position\":1,\"name\":\"Home\",\"item\":\"https:\/\/pro-form.hu\/\"},{\"@type\":\"ListItem\",\"position\":2,\"name\":\"Term\u00e9kcsoportok\",\"item\":\"https:\/\/pro-form.hu\/termekcsoportok\/\"},{\"@type\":\"ListItem\",\"position\":3,\"name\":\"Desszert- \u00e9s dobozbet\u00e9tek\"}]},{\"@type\":\"WebSite\",\"@id\":\"https:\/\/pro-form.hu\/#website\",\"url\":\"https:\/\/pro-form.hu\/\",\"name\":\"Pro-Form - M\u0171anyagba form\u00e1zzuk \u00f6tleteit\",\"description\":\"Pr\u00e9sl\u00e9gform\u00e1z\u00e1ssal, v\u00e1kuumform\u00e1z\u00e1ssal, extrud\u00e1l\u00e1ssal, term\u00e9k- \u00e9s szersz\u00e1mfejleszt\u00e9ssel, fr\u00f6ccs\u00f6nt\u00e9ssel foglalkoz\u00f3 m\u0171anyagipari v\u00e1llalat.\",\"publisher\":{\"@id\":\"https:\/\/pro-form.hu\/#organization\"},\"potentialAction\":[{\"@type\":\"SearchAction\",\"target\":{\"@type\":\"EntryPoint\",\"urlTemplate\":\"https:\/\/pro-form.hu\/?s={search_term_string}\"},\"query-input\":\"required name=search_term_string\"}],\"inLanguage\":\"de\"},{\"@type\":\"Organization\",\"@id\":\"https:\/\/pro-form.hu\/#organization\",\"name\":\"Pro-Form Kft.\",\"url\":\"https:\/\/pro-form.hu\/\",\"logo\":{\"@type\":\"ImageObject\",\"inLanguage\":\"de\",\"@id\":\"https:\/\/pro-form.hu\/#\/schema\/logo\/image\/\",\"url\":\"http:\/\/pro-form.hu\/wp-content\/uploads\/2016\/05\/pro-form_HN.png\",\"contentUrl\":\"http:\/\/pro-form.hu\/wp-content\/uploads\/2016\/05\/pro-form_HN.png\",\"width\":281,\"height\":198,\"caption\":\"Pro-Form Kft.\"},\"image\":{\"@id\":\"https:\/\/pro-form.hu\/#\/schema\/logo\/image\/\"}}]}<\/script>\n<!-- \/ Yoast SEO plugin. -->","yoast_head_json":{"title":"[:hu]Desszert- \u00e9s dobozbet\u00e9tek - Pro-Form - M\u0171anyagba form\u00e1zzuk \u00f6tleteit[:][:en]Dessert and box inlays - Pro-Form - Your idea into our plastic[:][:de]Dessert und Box Eins\u00e4tze - Pro-Form - Ihre Idee in unserem Kunststoff[:]","description":"[:hu]Bonbon,keksz,csoki \u00e9s m\u00e1s \u00e9desipari term\u00e9keket tart\u00f3 m\u0171anyag bet\u00e9tek gy\u00e1rt\u00e1s\u00e1val foglalkozunk,melyek pr\u00e9sl\u00e9gform\u00e1z\u00e1ssal k\u00e9sz\u00fclnek.[:][:en]We deal with plastic box inlays production by pressure forming to put bonbon,biscuits,chocolate and other confectionery products in that.[:][:de]Wir produzieren plastike Box Eins\u00e4tzen f\u00fcr Bonbon,Keks,Schokolade und andere S\u00fc\u00dfwarenindustrie durch Druckluftformen.[:]","robots":{"index":"index","follow":"follow","max-snippet":"max-snippet:-1","max-image-preview":"max-image-preview:large","max-video-preview":"max-video-preview:-1"},"canonical":"https:\/\/pro-form.hu\/termekcsoportok\/desszert-es-dobozbetetek\/","og_locale":"de_DE","og_type":"article","og_title":"[:hu]Desszert- \u00e9s dobozbet\u00e9tek - Pro-Form - M\u0171anyagba form\u00e1zzuk \u00f6tleteit[:][:en]Dessert and box inlays - Pro-Form - Your idea into our plastic[:][:de]Dessert und Box Eins\u00e4tze - Pro-Form - Ihre Idee in unserem Kunststoff[:]","og_description":"[:hu]Bonbon,keksz,csoki \u00e9s m\u00e1s \u00e9desipari term\u00e9keket tart\u00f3 m\u0171anyag bet\u00e9tek gy\u00e1rt\u00e1s\u00e1val foglalkozunk,melyek pr\u00e9sl\u00e9gform\u00e1z\u00e1ssal k\u00e9sz\u00fclnek.[:][:en]We deal with plastic box inlays production by pressure forming to put bonbon,biscuits,chocolate and other confectionery products in that.[:][:de]Wir produzieren plastike Box Eins\u00e4tzen f\u00fcr Bonbon,Keks,Schokolade und andere S\u00fc\u00dfwarenindustrie durch Druckluftformen.[:]","og_url":"https:\/\/pro-form.hu\/termekcsoportok\/desszert-es-dobozbetetek\/","og_site_name":"Pro-Form - M\u0171anyagba form\u00e1zzuk \u00f6tleteit","article_modified_time":"2025-04-17T11:43:20+00:00","og_image":[{"width":700,"height":450,"url":"https:\/\/pro-form.hu\/wp-content\/uploads\/2025\/04\/desszertbetetek_dobozbetetek_sutemenyeknek_sos_edes_falatoknak_termekmintaknak.jpg","type":"image\/jpeg"}],"twitter_card":"summary_large_image","twitter_misc":{"Gesch\u00e4tzte Lesezeit":"2\u00a0Minuten"},"schema":{"@context":"https:\/\/schema.org","@graph":[{"@type":"WebPage","@id":"https:\/\/pro-form.hu\/termekcsoportok\/desszert-es-dobozbetetek\/","url":"https:\/\/pro-form.hu\/termekcsoportok\/desszert-es-dobozbetetek\/","name":"[:hu]Desszert- \u00e9s dobozbet\u00e9tek - Pro-Form - M\u0171anyagba form\u00e1zzuk \u00f6tleteit[:][:en]Dessert and box inlays - Pro-Form - Your idea into our plastic[:][:de]Dessert und Box Eins\u00e4tze - Pro-Form - Ihre Idee in unserem Kunststoff[:]","isPartOf":{"@id":"https:\/\/pro-form.hu\/#website"},"primaryImageOfPage":{"@id":"https:\/\/pro-form.hu\/termekcsoportok\/desszert-es-dobozbetetek\/#primaryimage"},"image":{"@id":"https:\/\/pro-form.hu\/termekcsoportok\/desszert-es-dobozbetetek\/#primaryimage"},"thumbnailUrl":"https:\/\/pro-form.hu\/wp-content\/uploads\/2025\/04\/desszertbetetek_dobozbetetek_sutemenyeknek_sos_edes_falatoknak_termekmintaknak.jpg","datePublished":"2015-06-14T13:25:46+00:00","dateModified":"2025-04-17T11:43:20+00:00","description":"[:hu]Bonbon,keksz,csoki \u00e9s m\u00e1s \u00e9desipari term\u00e9keket tart\u00f3 m\u0171anyag bet\u00e9tek gy\u00e1rt\u00e1s\u00e1val foglalkozunk,melyek pr\u00e9sl\u00e9gform\u00e1z\u00e1ssal k\u00e9sz\u00fclnek.[:][:en]We deal with plastic box inlays production by pressure forming to put bonbon,biscuits,chocolate and other confectionery products in that.[:][:de]Wir produzieren plastike Box Eins\u00e4tzen f\u00fcr Bonbon,Keks,Schokolade und andere S\u00fc\u00dfwarenindustrie durch Druckluftformen.[:]","breadcrumb":{"@id":"https:\/\/pro-form.hu\/termekcsoportok\/desszert-es-dobozbetetek\/#breadcrumb"},"inLanguage":"de","potentialAction":[{"@type":"ReadAction","target":["https:\/\/pro-form.hu\/termekcsoportok\/desszert-es-dobozbetetek\/"]}]},{"@type":"ImageObject","inLanguage":"de","@id":"https:\/\/pro-form.hu\/termekcsoportok\/desszert-es-dobozbetetek\/#primaryimage","url":"https:\/\/pro-form.hu\/wp-content\/uploads\/2025\/04\/desszertbetetek_dobozbetetek_sutemenyeknek_sos_edes_falatoknak_termekmintaknak.jpg","contentUrl":"https:\/\/pro-form.hu\/wp-content\/uploads\/2025\/04\/desszertbetetek_dobozbetetek_sutemenyeknek_sos_edes_falatoknak_termekmintaknak.jpg","width":700,"height":450},{"@type":"BreadcrumbList","@id":"https:\/\/pro-form.hu\/termekcsoportok\/desszert-es-dobozbetetek\/#breadcrumb","itemListElement":[{"@type":"ListItem","position":1,"name":"Home","item":"https:\/\/pro-form.hu\/"},{"@type":"ListItem","position":2,"name":"Term\u00e9kcsoportok","item":"https:\/\/pro-form.hu\/termekcsoportok\/"},{"@type":"ListItem","position":3,"name":"Desszert- \u00e9s dobozbet\u00e9tek"}]},{"@type":"WebSite","@id":"https:\/\/pro-form.hu\/#website","url":"https:\/\/pro-form.hu\/","name":"Pro-Form - M\u0171anyagba form\u00e1zzuk \u00f6tleteit","description":"Pr\u00e9sl\u00e9gform\u00e1z\u00e1ssal, v\u00e1kuumform\u00e1z\u00e1ssal, extrud\u00e1l\u00e1ssal, term\u00e9k- \u00e9s szersz\u00e1mfejleszt\u00e9ssel, fr\u00f6ccs\u00f6nt\u00e9ssel foglalkoz\u00f3 m\u0171anyagipari v\u00e1llalat.","publisher":{"@id":"https:\/\/pro-form.hu\/#organization"},"potentialAction":[{"@type":"SearchAction","target":{"@type":"EntryPoint","urlTemplate":"https:\/\/pro-form.hu\/?s={search_term_string}"},"query-input":"required name=search_term_string"}],"inLanguage":"de"},{"@type":"Organization","@id":"https:\/\/pro-form.hu\/#organization","name":"Pro-Form Kft.","url":"https:\/\/pro-form.hu\/","logo":{"@type":"ImageObject","inLanguage":"de","@id":"https:\/\/pro-form.hu\/#\/schema\/logo\/image\/","url":"http:\/\/pro-form.hu\/wp-content\/uploads\/2016\/05\/pro-form_HN.png","contentUrl":"http:\/\/pro-form.hu\/wp-content\/uploads\/2016\/05\/pro-form_HN.png","width":281,"height":198,"caption":"Pro-Form Kft."},"image":{"@id":"https:\/\/pro-form.hu\/#\/schema\/logo\/image\/"}}]}},"_links":{"self":[{"href":"https:\/\/pro-form.hu\/de\/wp-json\/wp\/v2\/pages\/125"}],"collection":[{"href":"https:\/\/pro-form.hu\/de\/wp-json\/wp\/v2\/pages"}],"about":[{"href":"https:\/\/pro-form.hu\/de\/wp-json\/wp\/v2\/types\/page"}],"author":[{"embeddable":true,"href":"https:\/\/pro-form.hu\/de\/wp-json\/wp\/v2\/users\/5"}],"replies":[{"embeddable":true,"href":"https:\/\/pro-form.hu\/de\/wp-json\/wp\/v2\/comments?post=125"}],"version-history":[{"count":31,"href":"https:\/\/pro-form.hu\/de\/wp-json\/wp\/v2\/pages\/125\/revisions"}],"predecessor-version":[{"id":3147,"href":"https:\/\/pro-form.hu\/de\/wp-json\/wp\/v2\/pages\/125\/revisions\/3147"}],"up":[{"embeddable":true,"href":"https:\/\/pro-form.hu\/de\/wp-json\/wp\/v2\/pages\/9"}],"wp:featuredmedia":[{"embeddable":true,"href":"https:\/\/pro-form.hu\/de\/wp-json\/wp\/v2\/media\/3223"}],"wp:attachment":[{"href":"https:\/\/pro-form.hu\/de\/wp-json\/wp\/v2\/media?parent=125"}],"curies":[{"name":"wp","href":"https:\/\/api.w.org\/{rel}","templated":true}]}}